{"id":14788,"date":"2020-02-06T18:03:36","date_gmt":"2020-02-06T18:03:36","guid":{"rendered":"https:\/\/rosaeterna.online\/producto\/carte-cadeau\/"},"modified":"2020-02-06T18:03:36","modified_gmt":"2020-02-06T18:03:36","slug":"carte-cadeau","status":"publish","type":"product","link":"https:\/\/rosaeterna.online\/fr\/p\/carte-cadeau\/","title":{"rendered":"Carte cadeau"},"content":{"rendered":"<p>Oui, c\u2019est vrai, nous avons un grand assortiment de fleurs et il peut parfois s\u2019av\u00e9rer compliqu\u00e9 de choisir. Il n\u2019est pas toujours ais\u00e9 de deviner la couleur de rose qui plaira \u00e0 une personne donn\u00e9e. Pr\u00e9f\u00e9rera-t-elle une rose rouge, jaune ou arc-en-ciel ? Nous voulons vous faciliter la t\u00e2che avec nos cartes cadeaux.<\/p>\n<p>S\u00e9lectionnez le produit que vous souhaitez offrir et laissez cette personne chanceuse faire le reste.<\/p>\n<p>Vous recevrez par e-mail un bon d&#8217;achat avec un code qui permettra de commander le produit plus tard, avec les caract\u00e9ristiques d\u00e9sir\u00e9es.<\/p>\n<p>Pr\u00e9f\u00e9rez-vous que nous envoyions directement la carte cadeau \u00e0 la personne souhait\u00e9e ? Indiquez-le dans la section des notes lors de l\u2019\u00e9tape de paiement et nous ferons tout comme il faut.<\/p>\n<p>Vous avez des questions ? Contactez-nous, nous vous r\u00e9pondrons dans les plus brefs d\u00e9lais.<\/p>\n","protected":false},"excerpt":{"rendered":"<p>Achetez votre carte-cadeau et soyez s\u00fbr de bien faire les choses. S\u00e9lectionnez le produit que vous souhaitez offrir et laissez le destinataire choisir la couleur qui lui pla\u00eet le plus.<\/p>\n<p>Vous recevrez un bon d&#8217;achat avec un code qui permettra d\u2019effectuer la commande sur notre site internet.<\/p>\n","protected":false},"featured_media":9363,"comment_status":"closed","ping_status":"closed","template":"","meta":{"_uag_custom_page_level_css":"","_joinchat":[]},"product_brand":[],"product_cat":[168],"product_tag":[],"class_list":{"0":"post-14788","1":"product","2":"type-product","3":"status-publish","4":"has-post-thumbnail","6":"product_cat-bodas","8":"first","9":"instock","10":"taxable","11":"shipping-taxable","12":"purchasable","13":"product-type-variable","14":"add-to-wishlist-after_add_to_cart"},"yoast_head":"<!-- This site is optimized with the Yoast SEO plugin v25.0 - https:\/\/yoast.com\/wordpress\/plugins\/seo\/ -->\n<title>Carte cadeau - Rosa Eterna<\/title>\n<meta name=\"robots\" content=\"index, follow, max-snippet:-1, max-image-preview:large, max-video-preview:-1\" \/>\n<link rel=\"canonical\" href=\"https:\/\/rosaeterna.online\/fr\/p\/carte-cadeau\/\" \/>\n<meta property=\"og:locale\" content=\"fr_FR\" \/>\n<meta property=\"og:type\" content=\"article\" \/>\n<meta property=\"og:title\" content=\"Carte cadeau - Rosa Eterna\" \/>\n<meta property=\"og:description\" content=\"Achetez votre carte-cadeau et soyez s\u00fbr de bien faire les choses. S\u00e9lectionnez le produit que vous souhaitez offrir et laissez le destinataire choisir la couleur qui lui pla\u00eet le plus.  Vous recevrez un bon d&#039;achat avec un code qui permettra d\u2019effectuer la commande sur notre site internet.\" \/>\n<meta property=\"og:url\" content=\"https:\/\/rosaeterna.online\/fr\/p\/carte-cadeau\/\" \/>\n<meta property=\"og:site_name\" content=\"Rosa Eterna\" \/>\n<meta property=\"og:image\" content=\"https:\/\/rosaeterna.online\/wp-content\/uploads\/2020\/02\/tarjeta-regalo-rosa-eterna-scaled.jpg\" \/>\n\t<meta property=\"og:image:width\" content=\"2560\" \/>\n\t<meta property=\"og:image:height\" content=\"1707\" \/>\n\t<meta property=\"og:image:type\" content=\"image\/jpeg\" \/>\n<meta name=\"twitter:card\" content=\"summary_large_image\" \/>\n<meta name=\"twitter:label1\" content=\"Dur\u00e9e de lecture estim\u00e9e\" \/>\n\t<meta name=\"twitter:data1\" content=\"1 minute\" \/>\n<!-- \/ Yoast SEO plugin. -->","yoast_head_json":{"title":"Carte cadeau - Rosa Eterna","robots":{"index":"index","follow":"follow","max-snippet":"max-snippet:-1","max-image-preview":"max-image-preview:large","max-video-preview":"max-video-preview:-1"},"canonical":"https:\/\/rosaeterna.online\/fr\/p\/carte-cadeau\/","og_locale":"fr_FR","og_type":"article","og_title":"Carte cadeau - Rosa Eterna","og_description":"Achetez votre carte-cadeau et soyez s\u00fbr de bien faire les choses. S\u00e9lectionnez le produit que vous souhaitez offrir et laissez le destinataire choisir la couleur qui lui pla\u00eet le plus.  Vous recevrez un bon d'achat avec un code qui permettra d\u2019effectuer la commande sur notre site internet.","og_url":"https:\/\/rosaeterna.online\/fr\/p\/carte-cadeau\/","og_site_name":"Rosa Eterna","og_image":[{"width":2560,"height":1707,"url":"https:\/\/rosaeterna.online\/wp-content\/uploads\/2020\/02\/tarjeta-regalo-rosa-eterna-scaled.jpg","type":"image\/jpeg"}],"twitter_card":"summary_large_image","twitter_misc":{"Dur\u00e9e de lecture estim\u00e9e":"1 minute"},"schema":{"@context":"https:\/\/schema.org","@graph":[{"@type":"WebPage","@id":"https:\/\/rosaeterna.online\/fr\/p\/carte-cadeau\/","url":"https:\/\/rosaeterna.online\/fr\/p\/carte-cadeau\/","name":"Carte cadeau - Rosa Eterna","isPartOf":{"@id":"https:\/\/rosaeterna.online\/fr\/#website"},"primaryImageOfPage":{"@id":"https:\/\/rosaeterna.online\/fr\/p\/carte-cadeau\/#primaryimage"},"image":{"@id":"https:\/\/rosaeterna.online\/fr\/p\/carte-cadeau\/#primaryimage"},"thumbnailUrl":"https:\/\/rosaeterna.online\/wp-content\/uploads\/2020\/02\/tarjeta-regalo-rosa-eterna-scaled.jpg","datePublished":"2020-02-06T18:03:36+00:00","breadcrumb":{"@id":"https:\/\/rosaeterna.online\/fr\/p\/carte-cadeau\/#breadcrumb"},"inLanguage":"fr-FR","potentialAction":[{"@type":"ReadAction","target":["https:\/\/rosaeterna.online\/fr\/p\/carte-cadeau\/"]}]},{"@type":"ImageObject","inLanguage":"fr-FR","@id":"https:\/\/rosaeterna.online\/fr\/p\/carte-cadeau\/#primaryimage","url":"https:\/\/rosaeterna.online\/wp-content\/uploads\/2020\/02\/tarjeta-regalo-rosa-eterna-scaled.jpg","contentUrl":"https:\/\/rosaeterna.online\/wp-content\/uploads\/2020\/02\/tarjeta-regalo-rosa-eterna-scaled.jpg","width":2560,"height":1707,"caption":"Carte cadeau"},{"@type":"BreadcrumbList","@id":"https:\/\/rosaeterna.online\/fr\/p\/carte-cadeau\/#breadcrumb","itemListElement":[{"@type":"ListItem","position":1,"name":"Portada","item":"https:\/\/rosaeterna.online\/fr\/"},{"@type":"ListItem","position":2,"name":"Produits","item":"https:\/\/rosaeterna.online\/fr\/boutique\/"},{"@type":"ListItem","position":3,"name":"Carte cadeau"}]},{"@type":"WebSite","@id":"https:\/\/rosaeterna.online\/fr\/#website","url":"https:\/\/rosaeterna.online\/fr\/","name":"Rosa Eterna","description":"Haz que dure","potentialAction":[{"@type":"SearchAction","target":{"@type":"EntryPoint","urlTemplate":"https:\/\/rosaeterna.online\/fr\/?s={search_term_string}"},"query-input":{"@type":"PropertyValueSpecification","valueRequired":true,"valueName":"search_term_string"}}],"inLanguage":"fr-FR"}]}},"uagb_featured_image_src":{"full":["https:\/\/rosaeterna.online\/wp-content\/uploads\/2020\/02\/tarjeta-regalo-rosa-eterna-scaled.jpg",2560,1707,false],"thumbnail":["https:\/\/rosaeterna.online\/wp-content\/uploads\/2020\/02\/tarjeta-regalo-rosa-eterna-150x150.jpg",150,150,true],"medium":["https:\/\/rosaeterna.online\/wp-content\/uploads\/2020\/02\/tarjeta-regalo-rosa-eterna-300x200.jpg",300,200,true],"medium_large":["https:\/\/rosaeterna.online\/wp-content\/uploads\/2020\/02\/tarjeta-regalo-rosa-eterna-768x512.jpg",768,512,true],"large":["https:\/\/rosaeterna.online\/wp-content\/uploads\/2020\/02\/tarjeta-regalo-rosa-eterna-1024x683.jpg",900,600,true],"1536x1536":["https:\/\/rosaeterna.online\/wp-content\/uploads\/2020\/02\/tarjeta-regalo-rosa-eterna-1536x1024.jpg",1536,1024,true],"2048x2048":["https:\/\/rosaeterna.online\/wp-content\/uploads\/2020\/02\/tarjeta-regalo-rosa-eterna-2048x1366.jpg",2048,1366,true],"blog-isotope":["https:\/\/rosaeterna.online\/wp-content\/uploads\/2020\/02\/tarjeta-regalo-rosa-eterna-scaled.jpg",620,413,false],"woocommerce_thumbnail":["https:\/\/rosaeterna.online\/wp-content\/uploads\/2020\/02\/tarjeta-regalo-rosa-eterna-scaled-350x435.jpg",350,435,true],"woocommerce_single":["https:\/\/rosaeterna.online\/wp-content\/uploads\/2020\/02\/tarjeta-regalo-rosa-eterna-scaled-920x613.jpg",920,613,true],"woocommerce_gallery_thumbnail":["https:\/\/rosaeterna.online\/wp-content\/uploads\/2020\/02\/tarjeta-regalo-rosa-eterna-scaled-100x100.jpg",100,100,true],"eh_logo_image_size":["https:\/\/rosaeterna.online\/wp-content\/uploads\/2020\/02\/tarjeta-regalo-rosa-eterna-scaled.jpg",135,90,false],"eh_header_image_size":["https:\/\/rosaeterna.online\/wp-content\/uploads\/2020\/02\/tarjeta-regalo-rosa-eterna-scaled.jpg",135,90,false],"wcpr-photo-reviews":["https:\/\/rosaeterna.online\/wp-content\/uploads\/2020\/02\/tarjeta-regalo-rosa-eterna-scaled.jpg",500,333,false]},"uagb_author_info":{"display_name":"Patricia Mart\u00edn","author_link":"https:\/\/rosaeterna.online\/fr"},"uagb_comment_info":0,"uagb_excerpt":"Achetez votre carte-cadeau et soyez s\u00fbr de bien faire les choses. S\u00e9lectionnez le produit que vous souhaitez offrir et laissez le destinataire choisir la couleur qui lui pla\u00eet le plus. Vous recevrez un bon d'achat avec un code qui permettra d\u2019effectuer la commande sur notre site internet.","_links":{"self":[{"href":"https:\/\/rosaeterna.online\/fr\/wp-json\/wp\/v2\/product\/14788","targetHints":{"allow":["GET"]}}],"collection":[{"href":"https:\/\/rosaeterna.online\/fr\/wp-json\/wp\/v2\/product"}],"about":[{"href":"https:\/\/rosaeterna.online\/fr\/wp-json\/wp\/v2\/types\/product"}],"replies":[{"embeddable":true,"href":"https:\/\/rosaeterna.online\/fr\/wp-json\/wp\/v2\/comments?post=14788"}],"wp:featuredmedia":[{"embeddable":true,"href":"https:\/\/rosaeterna.online\/fr\/wp-json\/wp\/v2\/media\/9363"}],"wp:attachment":[{"href":"https:\/\/rosaeterna.online\/fr\/wp-json\/wp\/v2\/media?parent=14788"}],"wp:term":[{"taxonomy":"product_brand","embeddable":true,"href":"https:\/\/rosaeterna.online\/fr\/wp-json\/wp\/v2\/product_brand?post=14788"},{"taxonomy":"product_cat","embeddable":true,"href":"https:\/\/rosaeterna.online\/fr\/wp-json\/wp\/v2\/product_cat?post=14788"},{"taxonomy":"product_tag","embeddable":true,"href":"https:\/\/rosaeterna.online\/fr\/wp-json\/wp\/v2\/product_tag?post=14788"}],"curies":[{"name":"wp","href":"https:\/\/api.w.org\/{rel}","templated":true}]}}