{"id":14594,"date":"2019-09-10T22:02:10","date_gmt":"2019-09-10T22:02:10","guid":{"rendered":"https:\/\/rosaeterna.online\/producto\/rose-bella-premium\/"},"modified":"2024-10-21T21:28:10","modified_gmt":"2024-10-21T21:28:10","slug":"rose-bella-premium","status":"publish","type":"product","link":"https:\/\/rosaeterna.online\/fr\/p\/rose-bella-premium\/","title":{"rendered":"Rosa Bella Premium"},"content":{"rendered":"<p>Tu cherches un cadeau vraiment sp\u00e9cial ?<br \/>\nAlors tu vas adorer notre Bella Premium, tu peux choisir la <strong>couleur de chacune des 3 roses \u00e9ternelles<\/strong>, et tu peux aussi commander des chocolats et un mot personnalis\u00e9, c&#8217;est pas g\u00e9nial ?<br \/>\nN&#8217;oublie pas que <strong>toutes nos fleurs sont conserv\u00e9es<\/strong>, cela signifie qu&#8217;elles dureront plusieurs ann\u00e9es en parfait \u00e9tat, tu n&#8217;auras donc pas \u00e0 te soucier de les arroser ou quoi que ce soit d&#8217;autre.<br \/>\nJette un coup d&#8217;\u0153il \u00e0 la section des <strong><a href=\"https:\/\/rosaeterna.online\/tipo\/en-cristal\/\">roses dans des coupoles en verre<\/a><\/strong>.<br \/>\nPasse ta commande maintenant et nous nous chargerons de la pr\u00e9parer avec amour, et tu pourras la recevoir <strong>gratuitement<\/strong> en 3-4 jours ouvrables ou en livraison express en 24-48 heures pour seulement 5,45 euros suppl\u00e9mentaires.<br \/>\nTu as des questions ?<br \/>\nAlors contacte-nous et nous t&#8217;aiderons \u00e0 r\u00e9pondre \u00e0 toutes tes questions.      <\/p>\n","protected":false},"excerpt":{"rendered":"<p>Tu as besoin d&#8217;un cadeau sp\u00e9cial ?<br \/>\nAlors c&#8217;est juste devant toi, procure-toi l&#8217;<strong>une de nos roses les plus Premium<\/strong> La Bella !<br \/>\nTu peux choisir les <strong>3<span style=\"color: #808000;\">couleurs<\/span><\/strong> que tu veux pour chacune des roses.<br \/>\nProfite de la livraison GRATUITE.     <\/p>\n<ul>\n<li>3 roses conserv\u00e9es (elles sont naturelles mais dureront plusieurs ann\u00e9es).<\/li>\n<li>D\u00f4me en verre de 25x17cm avec de la mousse \u00e0 la base.<\/li>\n<\/ul>\n","protected":false},"featured_media":9174,"comment_status":"closed","ping_status":"closed","template":"","meta":{"_uag_custom_page_level_css":"","_joinchat":[]},"product_brand":[],"product_cat":[123],"product_tag":[],"class_list":{"0":"post-14594","1":"product","2":"type-product","3":"status-publish","4":"has-post-thumbnail","6":"product_cat-rose-eternelle-sous-cloche","8":"first","9":"instock","10":"taxable","11":"shipping-taxable","12":"purchasable","13":"product-type-variable","14":"add-to-wishlist-after_add_to_cart"},"yoast_head":"<!-- This site is optimized with the Yoast SEO plugin v25.0 - https:\/\/yoast.com\/wordpress\/plugins\/seo\/ -->\n<title>Acheter Rosa Bella Premium Rose - Rosaeterna.online<\/title>\n<meta name=\"description\" content=\"Mets la main sur la rose Bella Premium. Un d\u00f4me avec 3 roses pr\u00e9serv\u00e9es. Tu choisis les couleurs et les finitions sp\u00e9ciales. qu&#039;est-ce que tu attends ?\" \/>\n<meta name=\"robots\" content=\"index, follow, max-snippet:-1, max-image-preview:large, max-video-preview:-1\" \/>\n<link rel=\"canonical\" href=\"https:\/\/rosaeterna.online\/fr\/p\/rose-bella-premium\/\" \/>\n<meta property=\"og:locale\" content=\"fr_FR\" \/>\n<meta property=\"og:type\" content=\"article\" \/>\n<meta property=\"og:title\" content=\"Acheter Rosa Bella Premium Rose - Rosaeterna.online\" \/>\n<meta property=\"og:description\" content=\"Mets la main sur la rose Bella Premium. Un d\u00f4me avec 3 roses pr\u00e9serv\u00e9es. Tu choisis les couleurs et les finitions sp\u00e9ciales. qu&#039;est-ce que tu attends ?\" \/>\n<meta property=\"og:url\" content=\"https:\/\/rosaeterna.online\/fr\/p\/rose-bella-premium\/\" \/>\n<meta property=\"og:site_name\" content=\"Rosa Eterna\" \/>\n<meta property=\"article:modified_time\" content=\"2024-10-21T21:28:10+00:00\" \/>\n<meta property=\"og:image\" content=\"https:\/\/rosaeterna.online\/wp-content\/uploads\/2019\/09\/rosa-bella-premium.jpeg\" \/>\n\t<meta property=\"og:image:width\" content=\"500\" \/>\n\t<meta property=\"og:image:height\" content=\"375\" \/>\n\t<meta property=\"og:image:type\" content=\"image\/jpeg\" \/>\n<meta name=\"twitter:card\" content=\"summary_large_image\" \/>\n<meta name=\"twitter:label1\" content=\"Dur\u00e9e de lecture estim\u00e9e\" \/>\n\t<meta name=\"twitter:data1\" content=\"1 minute\" \/>\n<!-- \/ Yoast SEO plugin. -->","yoast_head_json":{"title":"Acheter Rosa Bella Premium Rose - Rosaeterna.online","description":"Mets la main sur la rose Bella Premium. Un d\u00f4me avec 3 roses pr\u00e9serv\u00e9es. Tu choisis les couleurs et les finitions sp\u00e9ciales. qu'est-ce que tu attends ?","robots":{"index":"index","follow":"follow","max-snippet":"max-snippet:-1","max-image-preview":"max-image-preview:large","max-video-preview":"max-video-preview:-1"},"canonical":"https:\/\/rosaeterna.online\/fr\/p\/rose-bella-premium\/","og_locale":"fr_FR","og_type":"article","og_title":"Acheter Rosa Bella Premium Rose - Rosaeterna.online","og_description":"Mets la main sur la rose Bella Premium. Un d\u00f4me avec 3 roses pr\u00e9serv\u00e9es. Tu choisis les couleurs et les finitions sp\u00e9ciales. qu'est-ce que tu attends ?","og_url":"https:\/\/rosaeterna.online\/fr\/p\/rose-bella-premium\/","og_site_name":"Rosa Eterna","article_modified_time":"2024-10-21T21:28:10+00:00","og_image":[{"width":500,"height":375,"url":"https:\/\/rosaeterna.online\/wp-content\/uploads\/2019\/09\/rosa-bella-premium.jpeg","type":"image\/jpeg"}],"twitter_card":"summary_large_image","twitter_misc":{"Dur\u00e9e de lecture estim\u00e9e":"1 minute"},"schema":{"@context":"https:\/\/schema.org","@graph":[{"@type":"WebPage","@id":"https:\/\/rosaeterna.online\/fr\/p\/rose-bella-premium\/","url":"https:\/\/rosaeterna.online\/fr\/p\/rose-bella-premium\/","name":"Acheter Rosa Bella Premium Rose - Rosaeterna.online","isPartOf":{"@id":"https:\/\/rosaeterna.online\/fr\/#website"},"primaryImageOfPage":{"@id":"https:\/\/rosaeterna.online\/fr\/p\/rose-bella-premium\/#primaryimage"},"image":{"@id":"https:\/\/rosaeterna.online\/fr\/p\/rose-bella-premium\/#primaryimage"},"thumbnailUrl":"https:\/\/rosaeterna.online\/wp-content\/uploads\/2019\/09\/rosa-bella-premium.jpeg","datePublished":"2019-09-10T22:02:10+00:00","dateModified":"2024-10-21T21:28:10+00:00","description":"Mets la main sur la rose Bella Premium. Un d\u00f4me avec 3 roses pr\u00e9serv\u00e9es. Tu choisis les couleurs et les finitions sp\u00e9ciales. qu'est-ce que tu attends ?","breadcrumb":{"@id":"https:\/\/rosaeterna.online\/fr\/p\/rose-bella-premium\/#breadcrumb"},"inLanguage":"fr-FR","potentialAction":[{"@type":"ReadAction","target":["https:\/\/rosaeterna.online\/fr\/p\/rose-bella-premium\/"]}]},{"@type":"ImageObject","inLanguage":"fr-FR","@id":"https:\/\/rosaeterna.online\/fr\/p\/rose-bella-premium\/#primaryimage","url":"https:\/\/rosaeterna.online\/wp-content\/uploads\/2019\/09\/rosa-bella-premium.jpeg","contentUrl":"https:\/\/rosaeterna.online\/wp-content\/uploads\/2019\/09\/rosa-bella-premium.jpeg","width":500,"height":375,"caption":"Rosa Bella Premium"},{"@type":"BreadcrumbList","@id":"https:\/\/rosaeterna.online\/fr\/p\/rose-bella-premium\/#breadcrumb","itemListElement":[{"@type":"ListItem","position":1,"name":"Portada","item":"https:\/\/rosaeterna.online\/fr\/"},{"@type":"ListItem","position":2,"name":"Produits","item":"https:\/\/rosaeterna.online\/fr\/boutique\/"},{"@type":"ListItem","position":3,"name":"Rosa Bella Premium"}]},{"@type":"WebSite","@id":"https:\/\/rosaeterna.online\/fr\/#website","url":"https:\/\/rosaeterna.online\/fr\/","name":"Rosa Eterna","description":"Haz que dure","potentialAction":[{"@type":"SearchAction","target":{"@type":"EntryPoint","urlTemplate":"https:\/\/rosaeterna.online\/fr\/?s={search_term_string}"},"query-input":{"@type":"PropertyValueSpecification","valueRequired":true,"valueName":"search_term_string"}}],"inLanguage":"fr-FR"}]}},"uagb_featured_image_src":{"full":["https:\/\/rosaeterna.online\/wp-content\/uploads\/2019\/09\/rosa-bella-premium.jpeg",500,375,false],"thumbnail":["https:\/\/rosaeterna.online\/wp-content\/uploads\/2019\/09\/rosa-bella-premium-150x150.jpeg",150,150,true],"medium":["https:\/\/rosaeterna.online\/wp-content\/uploads\/2019\/09\/rosa-bella-premium-300x225.jpeg",300,225,true],"medium_large":["https:\/\/rosaeterna.online\/wp-content\/uploads\/2019\/09\/rosa-bella-premium.jpeg",500,375,false],"large":["https:\/\/rosaeterna.online\/wp-content\/uploads\/2019\/09\/rosa-bella-premium.jpeg",500,375,false],"1536x1536":["https:\/\/rosaeterna.online\/wp-content\/uploads\/2019\/09\/rosa-bella-premium.jpeg",500,375,false],"2048x2048":["https:\/\/rosaeterna.online\/wp-content\/uploads\/2019\/09\/rosa-bella-premium.jpeg",500,375,false],"blog-isotope":["https:\/\/rosaeterna.online\/wp-content\/uploads\/2019\/09\/rosa-bella-premium.jpeg",500,375,false],"woocommerce_thumbnail":["https:\/\/rosaeterna.online\/wp-content\/uploads\/2019\/09\/rosa-bella-premium-350x375.jpeg",350,375,true],"woocommerce_single":["https:\/\/rosaeterna.online\/wp-content\/uploads\/2019\/09\/rosa-bella-premium.jpeg",500,375,false],"woocommerce_gallery_thumbnail":["https:\/\/rosaeterna.online\/wp-content\/uploads\/2019\/09\/rosa-bella-premium-100x100.jpeg",100,100,true],"eh_logo_image_size":["https:\/\/rosaeterna.online\/wp-content\/uploads\/2019\/09\/rosa-bella-premium.jpeg",120,90,false],"eh_header_image_size":["https:\/\/rosaeterna.online\/wp-content\/uploads\/2019\/09\/rosa-bella-premium.jpeg",120,90,false],"wcpr-photo-reviews":["https:\/\/rosaeterna.online\/wp-content\/uploads\/2019\/09\/rosa-bella-premium.jpeg",500,375,false]},"uagb_author_info":{"display_name":"Fran","author_link":"https:\/\/rosaeterna.online\/fr"},"uagb_comment_info":0,"uagb_excerpt":"Tu as besoin d'un cadeau sp\u00e9cial ? Alors c'est juste devant toi, procure-toi l'une de nos roses les plus Premium La Bella ! Tu peux choisir les 3couleurs que tu veux pour chacune des roses. Profite de la livraison GRATUITE. 3 roses conserv\u00e9es (elles sont naturelles mais dureront plusieurs ann\u00e9es). D\u00f4me en verre de 25x17cm\u2026","_links":{"self":[{"href":"https:\/\/rosaeterna.online\/fr\/wp-json\/wp\/v2\/product\/14594","targetHints":{"allow":["GET"]}}],"collection":[{"href":"https:\/\/rosaeterna.online\/fr\/wp-json\/wp\/v2\/product"}],"about":[{"href":"https:\/\/rosaeterna.online\/fr\/wp-json\/wp\/v2\/types\/product"}],"replies":[{"embeddable":true,"href":"https:\/\/rosaeterna.online\/fr\/wp-json\/wp\/v2\/comments?post=14594"}],"wp:featuredmedia":[{"embeddable":true,"href":"https:\/\/rosaeterna.online\/fr\/wp-json\/wp\/v2\/media\/9174"}],"wp:attachment":[{"href":"https:\/\/rosaeterna.online\/fr\/wp-json\/wp\/v2\/media?parent=14594"}],"wp:term":[{"taxonomy":"product_brand","embeddable":true,"href":"https:\/\/rosaeterna.online\/fr\/wp-json\/wp\/v2\/product_brand?post=14594"},{"taxonomy":"product_cat","embeddable":true,"href":"https:\/\/rosaeterna.online\/fr\/wp-json\/wp\/v2\/product_cat?post=14594"},{"taxonomy":"product_tag","embeddable":true,"href":"https:\/\/rosaeterna.online\/fr\/wp-json\/wp\/v2\/product_tag?post=14594"}],"curies":[{"name":"wp","href":"https:\/\/api.w.org\/{rel}","templated":true}]}}