{"id":14431,"date":"2024-07-07T18:45:51","date_gmt":"2024-07-07T18:45:51","guid":{"rendered":"https:\/\/rosaeterna.online\/producto\/rose-eternelle-sant-jordi\/"},"modified":"2024-10-17T03:26:04","modified_gmt":"2024-10-17T03:26:04","slug":"rose-eternelle-sant-jordi","status":"publish","type":"product","link":"https:\/\/rosaeterna.online\/fr\/p\/rose-eternelle-sant-jordi\/","title":{"rendered":"Sant Jordi rose \u00e9ternelle"},"content":{"rendered":"<p>La l\u00e9gende de Sant Jordi raconte qu&#8217;apr\u00e8s un combat entre le chevalier et le dragon, la b\u00eate tomba transperc\u00e9e par l&#8217;acier tranchant et des gouttes de sang naquit un rosier qui fleurit au mois d&#8217;avril.<br \/>\nQuelle meilleure option que d&#8217;acheter l&#8217;une de nos <a href=\"http:\/\/rosaeterna.online\">roses confites<\/a> les plus originales pour la <strong>f\u00eate de la Sant Jordi<\/strong>?<br \/>\nLa tradition veut que l&#8217;on offre ces roses en cadeau le 23 avril, et c&#8217;est une fleur qui a d\u00e9sormais d\u00e9pass\u00e9 la signification originelle de l&#8217;amour.<br \/>\nElle est \u00e9galement devenue un cadeau de courtoisie et d&#8217;amiti\u00e9.<br \/>\nEn offrant ce type de fleur, on peut c\u00e9l\u00e9brer la victoire sur l&#8217;adversit\u00e9, ce qui en fait un excellent cadeau \u00e0 offrir \u00e0 quelqu&#8217;un qui traverse une situation difficile.<br \/>\nCette rose rouge symbolise le sang vers\u00e9 par le dragon, et lorsqu&#8217;elle est offerte aux femmes, elle peut \u00eatre un symbole d&#8217;amour \u00e9ternel.<br \/>\nComme elle est \u00e9ternelle, elle n&#8217;a besoin d&#8217;aucun soin, il suffit de lui trouver un joli vase et d&#8217;en d\u00e9corer n&#8217;importe quel espace.<br \/>\nTu auras la livraison gratuite avec notre d\u00e9lai de 3-4 jours ouvrables, sinon tu peux choisir la livraison express pour le recevoir tr\u00e8s tr\u00e8s vite.<br \/>\nTu as des questions ?<br \/>\nContacte-nous pour les r\u00e9soudre !           &nbsp;<\/p>\n<p>&nbsp;<\/p>\n","protected":false},"excerpt":{"rendered":"<p>Ach\u00e8te notre <strong>rose \u00e9ternelle Sant Jordi<\/strong> et surprends qui tu veux avec un cadeau original. Livraison GRATUITE !<\/p>\n","protected":false},"featured_media":9370,"comment_status":"closed","ping_status":"closed","template":"","meta":{"_uag_custom_page_level_css":"","_joinchat":[]},"product_brand":[],"product_cat":[81],"product_tag":[],"class_list":{"0":"post-14431","1":"product","2":"type-product","3":"status-publish","4":"has-post-thumbnail","6":"product_cat-rose-avec-tige","8":"first","9":"instock","10":"taxable","11":"shipping-taxable","12":"purchasable","13":"product-type-simple","14":"add-to-wishlist-after_add_to_cart"},"yoast_head":"<!-- This site is optimized with the Yoast SEO plugin v25.0 - https:\/\/yoast.com\/wordpress\/plugins\/seo\/ -->\n<title>Acheter la Rose de Sant Jordi au meilleur prix | Rosaeterna.online<\/title>\n<meta name=\"description\" content=\"Ach\u00e8te ta rose Sant Jordi au meilleur prix. Seulement chez Rosaeterna.online, tu as une vari\u00e9t\u00e9 de fleurs conserv\u00e9es, ne les manque pas !\" \/>\n<meta name=\"robots\" content=\"index, follow, max-snippet:-1, max-image-preview:large, max-video-preview:-1\" \/>\n<link rel=\"canonical\" href=\"https:\/\/rosaeterna.online\/fr\/p\/rose-eternelle-sant-jordi\/\" \/>\n<meta property=\"og:locale\" content=\"fr_FR\" \/>\n<meta property=\"og:type\" content=\"article\" \/>\n<meta property=\"og:title\" content=\"Acheter la Rose de Sant Jordi au meilleur prix | Rosaeterna.online\" \/>\n<meta property=\"og:description\" content=\"Ach\u00e8te ta rose Sant Jordi au meilleur prix. Seulement chez Rosaeterna.online, tu as une vari\u00e9t\u00e9 de fleurs conserv\u00e9es, ne les manque pas !\" \/>\n<meta property=\"og:url\" content=\"https:\/\/rosaeterna.online\/fr\/p\/rose-eternelle-sant-jordi\/\" \/>\n<meta property=\"og:site_name\" content=\"Rosa Eterna\" \/>\n<meta property=\"article:modified_time\" content=\"2024-10-17T03:26:04+00:00\" \/>\n<meta property=\"og:image\" content=\"https:\/\/rosaeterna.online\/wp-content\/uploads\/2020\/04\/rosa-eterna-sant-jordi.jpeg\" \/>\n\t<meta property=\"og:image:width\" content=\"1200\" \/>\n\t<meta property=\"og:image:height\" content=\"1600\" \/>\n\t<meta property=\"og:image:type\" content=\"image\/jpeg\" \/>\n<meta name=\"twitter:card\" content=\"summary_large_image\" \/>\n<meta name=\"twitter:label1\" content=\"Dur\u00e9e de lecture estim\u00e9e\" \/>\n\t<meta name=\"twitter:data1\" content=\"1 minute\" \/>\n<!-- \/ Yoast SEO plugin. -->","yoast_head_json":{"title":"Acheter la Rose de Sant Jordi au meilleur prix | Rosaeterna.online","description":"Ach\u00e8te ta rose Sant Jordi au meilleur prix. Seulement chez Rosaeterna.online, tu as une vari\u00e9t\u00e9 de fleurs conserv\u00e9es, ne les manque pas !","robots":{"index":"index","follow":"follow","max-snippet":"max-snippet:-1","max-image-preview":"max-image-preview:large","max-video-preview":"max-video-preview:-1"},"canonical":"https:\/\/rosaeterna.online\/fr\/p\/rose-eternelle-sant-jordi\/","og_locale":"fr_FR","og_type":"article","og_title":"Acheter la Rose de Sant Jordi au meilleur prix | Rosaeterna.online","og_description":"Ach\u00e8te ta rose Sant Jordi au meilleur prix. Seulement chez Rosaeterna.online, tu as une vari\u00e9t\u00e9 de fleurs conserv\u00e9es, ne les manque pas !","og_url":"https:\/\/rosaeterna.online\/fr\/p\/rose-eternelle-sant-jordi\/","og_site_name":"Rosa Eterna","article_modified_time":"2024-10-17T03:26:04+00:00","og_image":[{"width":1200,"height":1600,"url":"https:\/\/rosaeterna.online\/wp-content\/uploads\/2020\/04\/rosa-eterna-sant-jordi.jpeg","type":"image\/jpeg"}],"twitter_card":"summary_large_image","twitter_misc":{"Dur\u00e9e de lecture estim\u00e9e":"1 minute"},"schema":{"@context":"https:\/\/schema.org","@graph":[{"@type":"WebPage","@id":"https:\/\/rosaeterna.online\/fr\/p\/rose-eternelle-sant-jordi\/","url":"https:\/\/rosaeterna.online\/fr\/p\/rose-eternelle-sant-jordi\/","name":"Acheter la Rose de Sant Jordi au meilleur prix | Rosaeterna.online","isPartOf":{"@id":"https:\/\/rosaeterna.online\/fr\/#website"},"primaryImageOfPage":{"@id":"https:\/\/rosaeterna.online\/fr\/p\/rose-eternelle-sant-jordi\/#primaryimage"},"image":{"@id":"https:\/\/rosaeterna.online\/fr\/p\/rose-eternelle-sant-jordi\/#primaryimage"},"thumbnailUrl":"https:\/\/rosaeterna.online\/wp-content\/uploads\/2020\/04\/rosa-eterna-sant-jordi.jpeg","datePublished":"2024-07-07T18:45:51+00:00","dateModified":"2024-10-17T03:26:04+00:00","description":"Ach\u00e8te ta rose Sant Jordi au meilleur prix. Seulement chez Rosaeterna.online, tu as une vari\u00e9t\u00e9 de fleurs conserv\u00e9es, ne les manque pas !","breadcrumb":{"@id":"https:\/\/rosaeterna.online\/fr\/p\/rose-eternelle-sant-jordi\/#breadcrumb"},"inLanguage":"fr-FR","potentialAction":[{"@type":"ReadAction","target":["https:\/\/rosaeterna.online\/fr\/p\/rose-eternelle-sant-jordi\/"]}]},{"@type":"ImageObject","inLanguage":"fr-FR","@id":"https:\/\/rosaeterna.online\/fr\/p\/rose-eternelle-sant-jordi\/#primaryimage","url":"https:\/\/rosaeterna.online\/wp-content\/uploads\/2020\/04\/rosa-eterna-sant-jordi.jpeg","contentUrl":"https:\/\/rosaeterna.online\/wp-content\/uploads\/2020\/04\/rosa-eterna-sant-jordi.jpeg","width":1200,"height":1600,"caption":"rose \u00e9ternelle sant jordi"},{"@type":"BreadcrumbList","@id":"https:\/\/rosaeterna.online\/fr\/p\/rose-eternelle-sant-jordi\/#breadcrumb","itemListElement":[{"@type":"ListItem","position":1,"name":"Portada","item":"https:\/\/rosaeterna.online\/fr\/"},{"@type":"ListItem","position":2,"name":"Produits","item":"https:\/\/rosaeterna.online\/fr\/boutique\/"},{"@type":"ListItem","position":3,"name":"Sant Jordi rose \u00e9ternelle"}]},{"@type":"WebSite","@id":"https:\/\/rosaeterna.online\/fr\/#website","url":"https:\/\/rosaeterna.online\/fr\/","name":"Rosa Eterna","description":"Haz que dure","potentialAction":[{"@type":"SearchAction","target":{"@type":"EntryPoint","urlTemplate":"https:\/\/rosaeterna.online\/fr\/?s={search_term_string}"},"query-input":{"@type":"PropertyValueSpecification","valueRequired":true,"valueName":"search_term_string"}}],"inLanguage":"fr-FR"}]}},"uagb_featured_image_src":{"full":["https:\/\/rosaeterna.online\/wp-content\/uploads\/2020\/04\/rosa-eterna-sant-jordi.jpeg",1200,1600,false],"thumbnail":["https:\/\/rosaeterna.online\/wp-content\/uploads\/2020\/04\/rosa-eterna-sant-jordi-150x150.jpeg",150,150,true],"medium":["https:\/\/rosaeterna.online\/wp-content\/uploads\/2020\/04\/rosa-eterna-sant-jordi-225x300.jpeg",225,300,true],"medium_large":["https:\/\/rosaeterna.online\/wp-content\/uploads\/2020\/04\/rosa-eterna-sant-jordi-768x1024.jpeg",768,1024,true],"large":["https:\/\/rosaeterna.online\/wp-content\/uploads\/2020\/04\/rosa-eterna-sant-jordi-768x1024.jpeg",768,1024,true],"1536x1536":["https:\/\/rosaeterna.online\/wp-content\/uploads\/2020\/04\/rosa-eterna-sant-jordi-1152x1536.jpeg",1152,1536,true],"2048x2048":["https:\/\/rosaeterna.online\/wp-content\/uploads\/2020\/04\/rosa-eterna-sant-jordi.jpeg",1200,1600,false],"blog-isotope":["https:\/\/rosaeterna.online\/wp-content\/uploads\/2020\/04\/rosa-eterna-sant-jordi.jpeg",375,500,false],"woocommerce_thumbnail":["https:\/\/rosaeterna.online\/wp-content\/uploads\/2020\/04\/rosa-eterna-sant-jordi-350x435.jpeg",350,435,true],"woocommerce_single":["https:\/\/rosaeterna.online\/wp-content\/uploads\/2020\/04\/rosa-eterna-sant-jordi-920x1227.jpeg",920,1227,true],"woocommerce_gallery_thumbnail":["https:\/\/rosaeterna.online\/wp-content\/uploads\/2020\/04\/rosa-eterna-sant-jordi-100x100.jpeg",100,100,true],"eh_logo_image_size":["https:\/\/rosaeterna.online\/wp-content\/uploads\/2020\/04\/rosa-eterna-sant-jordi.jpeg",68,90,false],"eh_header_image_size":["https:\/\/rosaeterna.online\/wp-content\/uploads\/2020\/04\/rosa-eterna-sant-jordi.jpeg",68,90,false],"wcpr-photo-reviews":["https:\/\/rosaeterna.online\/wp-content\/uploads\/2020\/04\/rosa-eterna-sant-jordi.jpeg",375,500,false]},"uagb_author_info":{"display_name":"Patricia Mart\u00edn","author_link":"https:\/\/rosaeterna.online\/fr"},"uagb_comment_info":0,"uagb_excerpt":"Ach\u00e8te notre rose \u00e9ternelle Sant Jordi et surprends qui tu veux avec un cadeau original. Livraison GRATUITE !","_links":{"self":[{"href":"https:\/\/rosaeterna.online\/fr\/wp-json\/wp\/v2\/product\/14431","targetHints":{"allow":["GET"]}}],"collection":[{"href":"https:\/\/rosaeterna.online\/fr\/wp-json\/wp\/v2\/product"}],"about":[{"href":"https:\/\/rosaeterna.online\/fr\/wp-json\/wp\/v2\/types\/product"}],"replies":[{"embeddable":true,"href":"https:\/\/rosaeterna.online\/fr\/wp-json\/wp\/v2\/comments?post=14431"}],"wp:featuredmedia":[{"embeddable":true,"href":"https:\/\/rosaeterna.online\/fr\/wp-json\/wp\/v2\/media\/9370"}],"wp:attachment":[{"href":"https:\/\/rosaeterna.online\/fr\/wp-json\/wp\/v2\/media?parent=14431"}],"wp:term":[{"taxonomy":"product_brand","embeddable":true,"href":"https:\/\/rosaeterna.online\/fr\/wp-json\/wp\/v2\/product_brand?post=14431"},{"taxonomy":"product_cat","embeddable":true,"href":"https:\/\/rosaeterna.online\/fr\/wp-json\/wp\/v2\/product_cat?post=14431"},{"taxonomy":"product_tag","embeddable":true,"href":"https:\/\/rosaeterna.online\/fr\/wp-json\/wp\/v2\/product_tag?post=14431"}],"curies":[{"name":"wp","href":"https:\/\/api.w.org\/{rel}","templated":true}]}}