{"id":10682,"date":"2024-06-02T13:24:39","date_gmt":"2024-06-02T13:24:39","guid":{"rendered":"https:\/\/rosaeterna.online\/flor\/rose-eternelle-jaune\/"},"modified":"2024-10-16T03:20:39","modified_gmt":"2024-10-16T03:20:39","slug":"rose-eternelle-jaune","status":"publish","type":"product","link":"https:\/\/rosaeterna.online\/fr\/p\/rose-eternelle-jaune\/","title":{"rendered":"Rose jaune \u00e9ternelle"},"content":{"rendered":"<p style=\"text-align: justify;\">Tu aimes aussi les roses jaunes ?<br \/>\nAlors tu vas adorer celles-ci, car comme tu le sais, les <a href=\"https:\/\/rosaeterna.online\/fr\/\">roses conserv\u00e9es<\/a> survivent en parfait \u00e9tat pendant plusieurs ann\u00e9es.<br \/>\nC&#8217;est pourquoi, ces derniers temps, elles sont devenues le cadeau id\u00e9al pour toutes sortes d&#8217;occasions.  <\/p>\n<p>  Les roses jaunes \u00e9ternelles ont une signification d&#8217;amiti\u00e9, et sont id\u00e9ales pour transmettre les valeurs li\u00e9es \u00e0 l&#8217;amiti\u00e9.<br \/>\nElles peuvent symboliser l&#8217;\u00e9nergie, l&#8217;optimisme et la joie, qui sont de tr\u00e8s belles valeurs li\u00e9es \u00e0 l&#8217;amiti\u00e9.<br \/>\nEn offrant cette couleur de roses en cadeau, tu diras \u00e0 la personne qui les re\u00e7oit \u00e0 quel point tu l&#8217;appr\u00e9cies.<br \/>\nElles sont parfaites pour c\u00e9l\u00e9brer une connexion sp\u00e9ciale qui ne vient qu&#8217;avec le temps et sont id\u00e9ales pour transmettre de la chaleur \u00e0 une personne sp\u00e9ciale.<br \/>\nElles peuvent aussi \u00eatre une invitation ou un gage d&#8217;amour, ce qui en fait un cadeau d&#8217;anniversaire ou de Saint-Valentin id\u00e9al pour ton partenaire.<br \/>\nElles peuvent aussi \u00eatre un embl\u00e8me d&#8217;espoir et de renouveau, donc toutes les significations de cette couleur de roses sont tr\u00e8s positives.       <\/p>\n<p style=\"text-align: justify;\">Commande maintenant ta rose jaune \u00e9ternelle et choisis la livraison gratuite pour la recevoir dans les 2 \u00e0 3 jours ouvrables, au cas o\u00f9 tu serais press\u00e9, tu peux aussi choisir la livraison express en 24 heures. c&#8217;est pas g\u00e9nial ?<\/p>\n<p style=\"text-align: justify;\">Si tu as des questions, n&#8217;h\u00e9site pas \u00e0 nous contacter, nous serons heureux de t&#8217;aider.<\/p>\n","protected":false},"excerpt":{"rendered":"<p style=\"text-align: justify;\">Tu cherches une rose jaune \u00e9ternelle ?<br \/>\nAlors tu as de la chance, parce que tu vas les adorer. Cours et profite de la livraison gratuite ! <\/p>\n","protected":false},"featured_media":8908,"comment_status":"open","ping_status":"closed","template":"","meta":{"_uag_custom_page_level_css":"","_joinchat":[]},"product_brand":[],"product_cat":[81],"product_tag":[],"class_list":{"0":"post-10682","1":"product","2":"type-product","3":"status-publish","4":"has-post-thumbnail","6":"product_cat-rose-avec-tige","8":"first","9":"instock","10":"taxable","11":"shipping-taxable","12":"purchasable","13":"product-type-simple","14":"add-to-wishlist-after_add_to_cart"},"yoast_head":"<!-- This site is optimized with the Yoast SEO plugin v25.0 - https:\/\/yoast.com\/wordpress\/plugins\/seo\/ -->\n<title>Ach\u00e8te ta Rose Jaune \u00c9ternelle | Rosaeterna.online<\/title>\n<meta name=\"description\" content=\"Ach\u00e8te ta rose \u00e9ternelle jaune au meilleur prix chez nous. Nous sommes la seule boutique sp\u00e9cialement d\u00e9di\u00e9e \u00e0 la vente de fleurs lyophilis\u00e9es. livraison GRATUITE !\" \/>\n<meta name=\"robots\" content=\"index, follow, max-snippet:-1, max-image-preview:large, max-video-preview:-1\" \/>\n<link rel=\"canonical\" href=\"https:\/\/rosaeterna.online\/fr\/p\/rose-eternelle-jaune\/\" \/>\n<meta property=\"og:locale\" content=\"fr_FR\" \/>\n<meta property=\"og:type\" content=\"article\" \/>\n<meta property=\"og:title\" content=\"Ach\u00e8te ta Rose Jaune \u00c9ternelle | Rosaeterna.online\" \/>\n<meta property=\"og:description\" content=\"Ach\u00e8te ta rose \u00e9ternelle jaune au meilleur prix chez nous. Nous sommes la seule boutique sp\u00e9cialement d\u00e9di\u00e9e \u00e0 la vente de fleurs lyophilis\u00e9es. livraison GRATUITE !\" \/>\n<meta property=\"og:url\" content=\"https:\/\/rosaeterna.online\/fr\/p\/rose-eternelle-jaune\/\" \/>\n<meta property=\"og:site_name\" content=\"Rosa Eterna\" \/>\n<meta property=\"article:modified_time\" content=\"2024-10-16T03:20:39+00:00\" \/>\n<meta property=\"og:image\" content=\"https:\/\/rosaeterna.online\/wp-content\/uploads\/2018\/04\/rosa-eterna-amarilla-1-scaled.jpg\" \/>\n\t<meta property=\"og:image:width\" content=\"2064\" \/>\n\t<meta property=\"og:image:height\" content=\"2560\" \/>\n\t<meta property=\"og:image:type\" content=\"image\/jpeg\" \/>\n<meta name=\"twitter:card\" content=\"summary_large_image\" \/>\n<meta name=\"twitter:label1\" content=\"Dur\u00e9e de lecture estim\u00e9e\" \/>\n\t<meta name=\"twitter:data1\" content=\"1 minute\" \/>\n<!-- \/ Yoast SEO plugin. -->","yoast_head_json":{"title":"Ach\u00e8te ta Rose Jaune \u00c9ternelle | Rosaeterna.online","description":"Ach\u00e8te ta rose \u00e9ternelle jaune au meilleur prix chez nous. Nous sommes la seule boutique sp\u00e9cialement d\u00e9di\u00e9e \u00e0 la vente de fleurs lyophilis\u00e9es. livraison GRATUITE !","robots":{"index":"index","follow":"follow","max-snippet":"max-snippet:-1","max-image-preview":"max-image-preview:large","max-video-preview":"max-video-preview:-1"},"canonical":"https:\/\/rosaeterna.online\/fr\/p\/rose-eternelle-jaune\/","og_locale":"fr_FR","og_type":"article","og_title":"Ach\u00e8te ta Rose Jaune \u00c9ternelle | Rosaeterna.online","og_description":"Ach\u00e8te ta rose \u00e9ternelle jaune au meilleur prix chez nous. Nous sommes la seule boutique sp\u00e9cialement d\u00e9di\u00e9e \u00e0 la vente de fleurs lyophilis\u00e9es. livraison GRATUITE !","og_url":"https:\/\/rosaeterna.online\/fr\/p\/rose-eternelle-jaune\/","og_site_name":"Rosa Eterna","article_modified_time":"2024-10-16T03:20:39+00:00","og_image":[{"width":2064,"height":2560,"url":"https:\/\/rosaeterna.online\/wp-content\/uploads\/2018\/04\/rosa-eterna-amarilla-1-scaled.jpg","type":"image\/jpeg"}],"twitter_card":"summary_large_image","twitter_misc":{"Dur\u00e9e de lecture estim\u00e9e":"1 minute"},"schema":{"@context":"https:\/\/schema.org","@graph":[{"@type":"WebPage","@id":"https:\/\/rosaeterna.online\/fr\/p\/rose-eternelle-jaune\/","url":"https:\/\/rosaeterna.online\/fr\/p\/rose-eternelle-jaune\/","name":"Ach\u00e8te ta Rose Jaune \u00c9ternelle | Rosaeterna.online","isPartOf":{"@id":"https:\/\/rosaeterna.online\/fr\/#website"},"primaryImageOfPage":{"@id":"https:\/\/rosaeterna.online\/fr\/p\/rose-eternelle-jaune\/#primaryimage"},"image":{"@id":"https:\/\/rosaeterna.online\/fr\/p\/rose-eternelle-jaune\/#primaryimage"},"thumbnailUrl":"https:\/\/rosaeterna.online\/wp-content\/uploads\/2018\/04\/rosa-eterna-amarilla-1-scaled.jpg","datePublished":"2024-06-02T13:24:39+00:00","dateModified":"2024-10-16T03:20:39+00:00","description":"Ach\u00e8te ta rose \u00e9ternelle jaune au meilleur prix chez nous. Nous sommes la seule boutique sp\u00e9cialement d\u00e9di\u00e9e \u00e0 la vente de fleurs lyophilis\u00e9es. livraison GRATUITE !","breadcrumb":{"@id":"https:\/\/rosaeterna.online\/fr\/p\/rose-eternelle-jaune\/#breadcrumb"},"inLanguage":"fr-FR","potentialAction":[{"@type":"ReadAction","target":["https:\/\/rosaeterna.online\/fr\/p\/rose-eternelle-jaune\/"]}]},{"@type":"ImageObject","inLanguage":"fr-FR","@id":"https:\/\/rosaeterna.online\/fr\/p\/rose-eternelle-jaune\/#primaryimage","url":"https:\/\/rosaeterna.online\/wp-content\/uploads\/2018\/04\/rosa-eterna-amarilla-1-scaled.jpg","contentUrl":"https:\/\/rosaeterna.online\/wp-content\/uploads\/2018\/04\/rosa-eterna-amarilla-1-scaled.jpg","width":2064,"height":2560,"caption":"rose jaune \u00e9ternelle"},{"@type":"BreadcrumbList","@id":"https:\/\/rosaeterna.online\/fr\/p\/rose-eternelle-jaune\/#breadcrumb","itemListElement":[{"@type":"ListItem","position":1,"name":"Portada","item":"https:\/\/rosaeterna.online\/fr\/"},{"@type":"ListItem","position":2,"name":"Produits","item":"https:\/\/rosaeterna.online\/fr\/boutique\/"},{"@type":"ListItem","position":3,"name":"Rose jaune \u00e9ternelle"}]},{"@type":"WebSite","@id":"https:\/\/rosaeterna.online\/fr\/#website","url":"https:\/\/rosaeterna.online\/fr\/","name":"Rosa Eterna","description":"Haz que dure","potentialAction":[{"@type":"SearchAction","target":{"@type":"EntryPoint","urlTemplate":"https:\/\/rosaeterna.online\/fr\/?s={search_term_string}"},"query-input":{"@type":"PropertyValueSpecification","valueRequired":true,"valueName":"search_term_string"}}],"inLanguage":"fr-FR"}]}},"uagb_featured_image_src":{"full":["https:\/\/rosaeterna.online\/wp-content\/uploads\/2018\/04\/rosa-eterna-amarilla-1-scaled.jpg",2064,2560,false],"thumbnail":["https:\/\/rosaeterna.online\/wp-content\/uploads\/2018\/04\/rosa-eterna-amarilla-1-150x150.jpg",150,150,true],"medium":["https:\/\/rosaeterna.online\/wp-content\/uploads\/2018\/04\/rosa-eterna-amarilla-1-242x300.jpg",242,300,true],"medium_large":["https:\/\/rosaeterna.online\/wp-content\/uploads\/2018\/04\/rosa-eterna-amarilla-1-768x952.jpg",768,952,true],"large":["https:\/\/rosaeterna.online\/wp-content\/uploads\/2018\/04\/rosa-eterna-amarilla-1-826x1024.jpg",826,1024,true],"1536x1536":["https:\/\/rosaeterna.online\/wp-content\/uploads\/2018\/04\/rosa-eterna-amarilla-1-scaled.jpg",1238,1536,false],"2048x2048":["https:\/\/rosaeterna.online\/wp-content\/uploads\/2018\/04\/rosa-eterna-amarilla-1-scaled.jpg",1651,2048,false],"blog-isotope":["https:\/\/rosaeterna.online\/wp-content\/uploads\/2018\/04\/rosa-eterna-amarilla-1-scaled.jpg",403,500,false],"woocommerce_thumbnail":["https:\/\/rosaeterna.online\/wp-content\/uploads\/2018\/04\/rosa-eterna-amarilla-1-350x435.jpg",350,435,true],"woocommerce_single":["https:\/\/rosaeterna.online\/wp-content\/uploads\/2018\/04\/rosa-eterna-amarilla-1-920x1141.jpg",920,1141,true],"woocommerce_gallery_thumbnail":["https:\/\/rosaeterna.online\/wp-content\/uploads\/2018\/04\/rosa-eterna-amarilla-1-100x100.jpg",100,100,true],"eh_logo_image_size":["https:\/\/rosaeterna.online\/wp-content\/uploads\/2018\/04\/rosa-eterna-amarilla-1-scaled.jpg",73,90,false],"eh_header_image_size":["https:\/\/rosaeterna.online\/wp-content\/uploads\/2018\/04\/rosa-eterna-amarilla-1-scaled.jpg",73,90,false],"wcpr-photo-reviews":["https:\/\/rosaeterna.online\/wp-content\/uploads\/2018\/04\/rosa-eterna-amarilla-1-scaled.jpg",403,500,false]},"uagb_author_info":{"display_name":"Fran","author_link":"https:\/\/rosaeterna.online\/fr"},"uagb_comment_info":0,"uagb_excerpt":"Tu cherches une rose jaune \u00e9ternelle ? Alors tu as de la chance, parce que tu vas les adorer. Cours et profite de la livraison gratuite !","_links":{"self":[{"href":"https:\/\/rosaeterna.online\/fr\/wp-json\/wp\/v2\/product\/10682","targetHints":{"allow":["GET"]}}],"collection":[{"href":"https:\/\/rosaeterna.online\/fr\/wp-json\/wp\/v2\/product"}],"about":[{"href":"https:\/\/rosaeterna.online\/fr\/wp-json\/wp\/v2\/types\/product"}],"replies":[{"embeddable":true,"href":"https:\/\/rosaeterna.online\/fr\/wp-json\/wp\/v2\/comments?post=10682"}],"wp:featuredmedia":[{"embeddable":true,"href":"https:\/\/rosaeterna.online\/fr\/wp-json\/wp\/v2\/media\/8908"}],"wp:attachment":[{"href":"https:\/\/rosaeterna.online\/fr\/wp-json\/wp\/v2\/media?parent=10682"}],"wp:term":[{"taxonomy":"product_brand","embeddable":true,"href":"https:\/\/rosaeterna.online\/fr\/wp-json\/wp\/v2\/product_brand?post=10682"},{"taxonomy":"product_cat","embeddable":true,"href":"https:\/\/rosaeterna.online\/fr\/wp-json\/wp\/v2\/product_cat?post=10682"},{"taxonomy":"product_tag","embeddable":true,"href":"https:\/\/rosaeterna.online\/fr\/wp-json\/wp\/v2\/product_tag?post=10682"}],"curies":[{"name":"wp","href":"https:\/\/api.w.org\/{rel}","templated":true}]}}