{"id":10668,"date":"2024-07-01T11:27:58","date_gmt":"2024-07-01T11:27:58","guid":{"rendered":"https:\/\/rosaeterna.online\/flor\/rose-eternelle-rouge\/"},"modified":"2025-11-02T13:01:30","modified_gmt":"2025-11-02T13:01:30","slug":"rose-eternelle-rouge","status":"publish","type":"product","link":"https:\/\/rosaeterna.online\/fr\/p\/rose-eternelle-rouge\/","title":{"rendered":"Rose rouge \u00e9ternelle"},"content":{"rendered":"<p style=\"text-align: justify;\">Si tu es puriste, il est clair que le chocolat est noir et que les roses sont rouges, il en va de m\u00eame pour les <a href=\"https:\/\/rosaeterna.online\/fr\/\">roses confites<\/a>, o\u00f9 la couleur rouge est r\u00e9p\u00e9t\u00e9e comme l&#8217;une des plus demand\u00e9es par tous nos clients dans tout le pays.<\/p>\n<p>  En effet, les roses sora symbolisent la passion et l&#8217;amour, elles sont donc parfaites pour faire une d\u00e9claration \u00e0 une personne sp\u00e9ciale.<br \/>\nElles sont id\u00e9ales comme cadeau de Saint-Valentin ou d&#8217;anniversaire pour ton partenaire, car ces fleurs sont le symbole incontest\u00e9 de l&#8217;amour.<br \/>\nCes fleurs peuvent aussi \u00eatre un signe de respect et d&#8217;amour unis.<br \/>\nCe sont aussi des roses qui peuvent \u00eatre offertes \u00e0 une personne sp\u00e9ciale en signe de respect, ce sont donc des roses id\u00e9ales pour toutes les occasions.     <\/p>\n<p style=\"text-align: justify;\">Choisis celui qui te pla\u00eet le plus et nous te l&#8217;enverrons au meilleur prix.<br \/>\nTu seras ravi de ton achat.<br \/>\nSi tu as des questions, n&#8217;h\u00e9site pas \u00e0 nous contacter, nous nous ferons un plaisir de t&#8217;aider. \u00e0 bient\u00f4t !  <\/p>\n","protected":false},"excerpt":{"rendered":"<p style=\"text-align: justify;\">Ach\u00e8te ta rose \u00e9ternelle rouge et deviens un offreur de cadeaux vintage, tout le monde va l&#8217;adorer, tu verras !<br \/>\nChoisis la couleur qui te pla\u00eet et fais-nous savoir si tu as des questions. <\/p>\n","protected":false},"featured_media":8929,"comment_status":"open","ping_status":"closed","template":"","meta":{"_uag_custom_page_level_css":"","_joinchat":[]},"product_brand":[],"product_cat":[81],"product_tag":[],"class_list":{"0":"post-10668","1":"product","2":"type-product","3":"status-publish","4":"has-post-thumbnail","6":"product_cat-rose-avec-tige","8":"first","9":"instock","10":"taxable","11":"shipping-taxable","12":"purchasable","13":"product-type-simple","14":"add-to-wishlist-after_add_to_cart"},"yoast_head":"<!-- This site is optimized with the Yoast SEO plugin v25.0 - https:\/\/yoast.com\/wordpress\/plugins\/seo\/ -->\n<title>Ach\u00e8te ta Rose Rouge Eternelle au meilleur prix | Rosaeterna.online<\/title>\n<meta name=\"description\" content=\"Ach\u00e8te ta rose \u00e9ternelle rouge au meilleur prix chez nous. Nous avons la plus grande vari\u00e9t\u00e9 de couleurs pour tous les go\u00fbts, ne passe pas \u00e0 c\u00f4t\u00e9 !\" \/>\n<meta name=\"robots\" content=\"index, follow, max-snippet:-1, max-image-preview:large, max-video-preview:-1\" \/>\n<link rel=\"canonical\" href=\"https:\/\/rosaeterna.online\/fr\/p\/rose-eternelle-rouge\/\" \/>\n<meta property=\"og:locale\" content=\"fr_FR\" \/>\n<meta property=\"og:type\" content=\"article\" \/>\n<meta property=\"og:title\" content=\"Ach\u00e8te ta Rose Rouge Eternelle au meilleur prix | Rosaeterna.online\" \/>\n<meta property=\"og:description\" content=\"Ach\u00e8te ta rose \u00e9ternelle rouge au meilleur prix chez nous. Nous avons la plus grande vari\u00e9t\u00e9 de couleurs pour tous les go\u00fbts, ne passe pas \u00e0 c\u00f4t\u00e9 !\" \/>\n<meta property=\"og:url\" content=\"https:\/\/rosaeterna.online\/fr\/p\/rose-eternelle-rouge\/\" \/>\n<meta property=\"og:site_name\" content=\"Rosa Eterna\" \/>\n<meta property=\"article:modified_time\" content=\"2025-11-02T13:01:30+00:00\" \/>\n<meta property=\"og:image\" content=\"https:\/\/rosaeterna.online\/wp-content\/uploads\/2017\/12\/rosa-eterna-roja-2-scaled.jpg\" \/>\n\t<meta property=\"og:image:width\" content=\"2186\" \/>\n\t<meta property=\"og:image:height\" content=\"2560\" \/>\n\t<meta property=\"og:image:type\" content=\"image\/jpeg\" \/>\n<meta name=\"twitter:card\" content=\"summary_large_image\" \/>\n<meta name=\"twitter:label1\" content=\"Dur\u00e9e de lecture estim\u00e9e\" \/>\n\t<meta name=\"twitter:data1\" content=\"1 minute\" \/>\n<!-- \/ Yoast SEO plugin. -->","yoast_head_json":{"title":"Ach\u00e8te ta Rose Rouge Eternelle au meilleur prix | Rosaeterna.online","description":"Ach\u00e8te ta rose \u00e9ternelle rouge au meilleur prix chez nous. Nous avons la plus grande vari\u00e9t\u00e9 de couleurs pour tous les go\u00fbts, ne passe pas \u00e0 c\u00f4t\u00e9 !","robots":{"index":"index","follow":"follow","max-snippet":"max-snippet:-1","max-image-preview":"max-image-preview:large","max-video-preview":"max-video-preview:-1"},"canonical":"https:\/\/rosaeterna.online\/fr\/p\/rose-eternelle-rouge\/","og_locale":"fr_FR","og_type":"article","og_title":"Ach\u00e8te ta Rose Rouge Eternelle au meilleur prix | Rosaeterna.online","og_description":"Ach\u00e8te ta rose \u00e9ternelle rouge au meilleur prix chez nous. Nous avons la plus grande vari\u00e9t\u00e9 de couleurs pour tous les go\u00fbts, ne passe pas \u00e0 c\u00f4t\u00e9 !","og_url":"https:\/\/rosaeterna.online\/fr\/p\/rose-eternelle-rouge\/","og_site_name":"Rosa Eterna","article_modified_time":"2025-11-02T13:01:30+00:00","og_image":[{"width":2186,"height":2560,"url":"https:\/\/rosaeterna.online\/wp-content\/uploads\/2017\/12\/rosa-eterna-roja-2-scaled.jpg","type":"image\/jpeg"}],"twitter_card":"summary_large_image","twitter_misc":{"Dur\u00e9e de lecture estim\u00e9e":"1 minute"},"schema":{"@context":"https:\/\/schema.org","@graph":[{"@type":"WebPage","@id":"https:\/\/rosaeterna.online\/fr\/p\/rose-eternelle-rouge\/","url":"https:\/\/rosaeterna.online\/fr\/p\/rose-eternelle-rouge\/","name":"Ach\u00e8te ta Rose Rouge Eternelle au meilleur prix | Rosaeterna.online","isPartOf":{"@id":"https:\/\/rosaeterna.online\/fr\/#website"},"primaryImageOfPage":{"@id":"https:\/\/rosaeterna.online\/fr\/p\/rose-eternelle-rouge\/#primaryimage"},"image":{"@id":"https:\/\/rosaeterna.online\/fr\/p\/rose-eternelle-rouge\/#primaryimage"},"thumbnailUrl":"https:\/\/rosaeterna.online\/wp-content\/uploads\/2017\/12\/rosa-eterna-roja-2-scaled.jpg","datePublished":"2024-07-01T11:27:58+00:00","dateModified":"2025-11-02T13:01:30+00:00","description":"Ach\u00e8te ta rose \u00e9ternelle rouge au meilleur prix chez nous. Nous avons la plus grande vari\u00e9t\u00e9 de couleurs pour tous les go\u00fbts, ne passe pas \u00e0 c\u00f4t\u00e9 !","breadcrumb":{"@id":"https:\/\/rosaeterna.online\/fr\/p\/rose-eternelle-rouge\/#breadcrumb"},"inLanguage":"fr-FR","potentialAction":[{"@type":"ReadAction","target":["https:\/\/rosaeterna.online\/fr\/p\/rose-eternelle-rouge\/"]}]},{"@type":"ImageObject","inLanguage":"fr-FR","@id":"https:\/\/rosaeterna.online\/fr\/p\/rose-eternelle-rouge\/#primaryimage","url":"https:\/\/rosaeterna.online\/wp-content\/uploads\/2017\/12\/rosa-eterna-roja-2-scaled.jpg","contentUrl":"https:\/\/rosaeterna.online\/wp-content\/uploads\/2017\/12\/rosa-eterna-roja-2-scaled.jpg","width":2186,"height":2560,"caption":"rose rouge \u00e9ternelle"},{"@type":"BreadcrumbList","@id":"https:\/\/rosaeterna.online\/fr\/p\/rose-eternelle-rouge\/#breadcrumb","itemListElement":[{"@type":"ListItem","position":1,"name":"Portada","item":"https:\/\/rosaeterna.online\/fr\/"},{"@type":"ListItem","position":2,"name":"Produits","item":"https:\/\/rosaeterna.online\/fr\/boutique\/"},{"@type":"ListItem","position":3,"name":"Rose rouge \u00e9ternelle"}]},{"@type":"WebSite","@id":"https:\/\/rosaeterna.online\/fr\/#website","url":"https:\/\/rosaeterna.online\/fr\/","name":"Rosa Eterna","description":"Haz que dure","potentialAction":[{"@type":"SearchAction","target":{"@type":"EntryPoint","urlTemplate":"https:\/\/rosaeterna.online\/fr\/?s={search_term_string}"},"query-input":{"@type":"PropertyValueSpecification","valueRequired":true,"valueName":"search_term_string"}}],"inLanguage":"fr-FR"}]}},"uagb_featured_image_src":{"full":["https:\/\/rosaeterna.online\/wp-content\/uploads\/2017\/12\/rosa-eterna-roja-2-scaled.jpg",2186,2560,false],"thumbnail":["https:\/\/rosaeterna.online\/wp-content\/uploads\/2017\/12\/rosa-eterna-roja-2-150x150.jpg",150,150,true],"medium":["https:\/\/rosaeterna.online\/wp-content\/uploads\/2017\/12\/rosa-eterna-roja-2-256x300.jpg",256,300,true],"medium_large":["https:\/\/rosaeterna.online\/wp-content\/uploads\/2017\/12\/rosa-eterna-roja-2-768x899.jpg",768,899,true],"large":["https:\/\/rosaeterna.online\/wp-content\/uploads\/2017\/12\/rosa-eterna-roja-2-874x1024.jpg",874,1024,true],"1536x1536":["https:\/\/rosaeterna.online\/wp-content\/uploads\/2017\/12\/rosa-eterna-roja-2-scaled.jpg",1312,1536,false],"2048x2048":["https:\/\/rosaeterna.online\/wp-content\/uploads\/2017\/12\/rosa-eterna-roja-2-scaled.jpg",1749,2048,false],"blog-isotope":["https:\/\/rosaeterna.online\/wp-content\/uploads\/2017\/12\/rosa-eterna-roja-2-scaled.jpg",427,500,false],"woocommerce_thumbnail":["https:\/\/rosaeterna.online\/wp-content\/uploads\/2017\/12\/rosa-eterna-roja-2-350x435.jpg",350,435,true],"woocommerce_single":["https:\/\/rosaeterna.online\/wp-content\/uploads\/2017\/12\/rosa-eterna-roja-2-920x1077.jpg",920,1077,true],"woocommerce_gallery_thumbnail":["https:\/\/rosaeterna.online\/wp-content\/uploads\/2017\/12\/rosa-eterna-roja-2-100x100.jpg",100,100,true],"eh_logo_image_size":["https:\/\/rosaeterna.online\/wp-content\/uploads\/2017\/12\/rosa-eterna-roja-2-scaled.jpg",77,90,false],"eh_header_image_size":["https:\/\/rosaeterna.online\/wp-content\/uploads\/2017\/12\/rosa-eterna-roja-2-scaled.jpg",77,90,false],"wcpr-photo-reviews":["https:\/\/rosaeterna.online\/wp-content\/uploads\/2017\/12\/rosa-eterna-roja-2-scaled.jpg",427,500,false]},"uagb_author_info":{"display_name":"Fran","author_link":"https:\/\/rosaeterna.online\/fr"},"uagb_comment_info":0,"uagb_excerpt":"Ach\u00e8te ta rose \u00e9ternelle rouge et deviens un offreur de cadeaux vintage, tout le monde va l'adorer, tu verras ! Choisis la couleur qui te pla\u00eet et fais-nous savoir si tu as des questions.","_links":{"self":[{"href":"https:\/\/rosaeterna.online\/fr\/wp-json\/wp\/v2\/product\/10668","targetHints":{"allow":["GET"]}}],"collection":[{"href":"https:\/\/rosaeterna.online\/fr\/wp-json\/wp\/v2\/product"}],"about":[{"href":"https:\/\/rosaeterna.online\/fr\/wp-json\/wp\/v2\/types\/product"}],"replies":[{"embeddable":true,"href":"https:\/\/rosaeterna.online\/fr\/wp-json\/wp\/v2\/comments?post=10668"}],"wp:featuredmedia":[{"embeddable":true,"href":"https:\/\/rosaeterna.online\/fr\/wp-json\/wp\/v2\/media\/8929"}],"wp:attachment":[{"href":"https:\/\/rosaeterna.online\/fr\/wp-json\/wp\/v2\/media?parent=10668"}],"wp:term":[{"taxonomy":"product_brand","embeddable":true,"href":"https:\/\/rosaeterna.online\/fr\/wp-json\/wp\/v2\/product_brand?post=10668"},{"taxonomy":"product_cat","embeddable":true,"href":"https:\/\/rosaeterna.online\/fr\/wp-json\/wp\/v2\/product_cat?post=10668"},{"taxonomy":"product_tag","embeddable":true,"href":"https:\/\/rosaeterna.online\/fr\/wp-json\/wp\/v2\/product_tag?post=10668"}],"curies":[{"name":"wp","href":"https:\/\/api.w.org\/{rel}","templated":true}]}}