{"id":10662,"date":"2024-06-29T11:13:28","date_gmt":"2024-06-29T11:13:28","guid":{"rendered":"https:\/\/rosaeterna.online\/flor\/rose-eternelle-noire\/"},"modified":"2024-11-08T11:03:11","modified_gmt":"2024-11-08T11:03:11","slug":"rose-eternelle-noire","status":"publish","type":"product","link":"https:\/\/rosaeterna.online\/fr\/p\/rose-eternelle-noire\/","title":{"rendered":"Rose noire \u00e9ternelle"},"content":{"rendered":"<p style=\"text-align: justify;\">Tu es \u00e0 la recherche d&#8217;une rose noire \u00e9ternelle ?<br \/>\nAlors tu es au bon endroit sur internet.<br \/>\nNous avons tous les types de <a href=\"https:\/\/rosaeterna.online\/fr\/\">roses \u00e9ternelles<\/a> pour surprendre ton partenaire lors d&#8217;une journ\u00e9e sp\u00e9ciale.  <\/p>\n<p>  Les roses de cette couleur sont id\u00e9ales pour transmettre des sentiments de tranquillit\u00e9 et de gratitude \u00e0 une autre personne.<br \/>\nDe plus, ces roses peuvent cacher un halo de myst\u00e8re, ce qui te permet d&#8217;appr\u00e9cier les roses qui ont une couleur particuli\u00e8re.<br \/>\nCes roses ne sont pas seulement associ\u00e9es au deuil, mais les roses noires \u00e9ternelles signifient que l&#8217;amour est \u00e9ternel.<br \/>\nElles symbolisent un amour qui va au-del\u00e0 du physique, ce qui en fait un tr\u00e8s beau cadeau \u00e0 offrir \u00e0 ton partenaire.<br \/>\nElles peuvent \u00e9galement \u00eatre consid\u00e9r\u00e9es comme un symbole d&#8217;espoir, de passion et de myst\u00e8re, \u00e9tant des roses qui sont sans aucun doute un excellent choix.<br \/>\nN&#8217;oublie pas que c&#8217;est \u00e0 toi et \u00e0 personne d&#8217;autre de rendre cette journ\u00e9e sp\u00e9ciale !       <\/p>\n<p style=\"text-align: justify;\">Tu peux compter sur nous pour toutes les questions que tu te poses sur notre rose noire lyophilis\u00e9e et l&#8217;obtenir au meilleur prix dans notre boutique en ligne. tu vas l&#8217;adorer !<\/p>\n","protected":false},"excerpt":{"rendered":"<p style=\"text-align: justify;\">Ne manque pas notre rose noire \u00e9ternelle, un excellent exemple de cadeau de bon go\u00fbt qui plaira aussi bien aux amis qu&#8217;aux inconnus.Qui n&#8217;aime pas une belle fleur naturelle ?<br \/>\nNe les manque pas et tu ne le regretteras pas. <\/p>\n","protected":false},"featured_media":8922,"comment_status":"open","ping_status":"closed","template":"","meta":{"_uag_custom_page_level_css":"","_joinchat":[]},"product_brand":[],"product_cat":[81],"product_tag":[],"class_list":{"0":"post-10662","1":"product","2":"type-product","3":"status-publish","4":"has-post-thumbnail","6":"product_cat-rose-avec-tige","8":"first","9":"instock","10":"taxable","11":"shipping-taxable","12":"purchasable","13":"product-type-simple","14":"add-to-wishlist-after_add_to_cart"},"yoast_head":"<!-- This site is optimized with the Yoast SEO plugin v25.0 - https:\/\/yoast.com\/wordpress\/plugins\/seo\/ -->\n<title>Acheter Eternal Black Rose : Choisir le lyophilis\u00e9 : Rosaeterna.online<\/title>\n<meta name=\"description\" content=\"Tu es \u00e0 la recherche d&#039;une rose \u00e9ternelle noire ? Alors ne perds pas ton temps et procure-la au meilleur prix du march\u00e9 uniquement sur Rosaeterna.online Nous t&#039;attendons \u00e0 l&#039;int\u00e9rieur !\" \/>\n<meta name=\"robots\" content=\"index, follow, max-snippet:-1, max-image-preview:large, max-video-preview:-1\" \/>\n<link rel=\"canonical\" href=\"https:\/\/rosaeterna.online\/fr\/p\/rose-eternelle-noire\/\" \/>\n<meta property=\"og:locale\" content=\"fr_FR\" \/>\n<meta property=\"og:type\" content=\"article\" \/>\n<meta property=\"og:title\" content=\"Acheter Eternal Black Rose : Choisir le lyophilis\u00e9 : Rosaeterna.online\" \/>\n<meta property=\"og:description\" content=\"Tu es \u00e0 la recherche d&#039;une rose \u00e9ternelle noire ? Alors ne perds pas ton temps et procure-la au meilleur prix du march\u00e9 uniquement sur Rosaeterna.online Nous t&#039;attendons \u00e0 l&#039;int\u00e9rieur !\" \/>\n<meta property=\"og:url\" content=\"https:\/\/rosaeterna.online\/fr\/p\/rose-eternelle-noire\/\" \/>\n<meta property=\"og:site_name\" content=\"Rosa Eterna\" \/>\n<meta property=\"article:modified_time\" content=\"2024-11-08T11:03:11+00:00\" \/>\n<meta property=\"og:image\" content=\"https:\/\/rosaeterna.online\/wp-content\/uploads\/2017\/12\/rosa-eterna-negra-2-scaled.jpg\" \/>\n\t<meta property=\"og:image:width\" content=\"2036\" \/>\n\t<meta property=\"og:image:height\" content=\"2560\" \/>\n\t<meta property=\"og:image:type\" content=\"image\/jpeg\" \/>\n<meta name=\"twitter:card\" content=\"summary_large_image\" \/>\n<meta name=\"twitter:label1\" content=\"Dur\u00e9e de lecture estim\u00e9e\" \/>\n\t<meta name=\"twitter:data1\" content=\"1 minute\" \/>\n<!-- \/ Yoast SEO plugin. -->","yoast_head_json":{"title":"Acheter Eternal Black Rose : Choisir le lyophilis\u00e9 : Rosaeterna.online","description":"Tu es \u00e0 la recherche d'une rose \u00e9ternelle noire ? Alors ne perds pas ton temps et procure-la au meilleur prix du march\u00e9 uniquement sur Rosaeterna.online Nous t'attendons \u00e0 l'int\u00e9rieur !","robots":{"index":"index","follow":"follow","max-snippet":"max-snippet:-1","max-image-preview":"max-image-preview:large","max-video-preview":"max-video-preview:-1"},"canonical":"https:\/\/rosaeterna.online\/fr\/p\/rose-eternelle-noire\/","og_locale":"fr_FR","og_type":"article","og_title":"Acheter Eternal Black Rose : Choisir le lyophilis\u00e9 : Rosaeterna.online","og_description":"Tu es \u00e0 la recherche d'une rose \u00e9ternelle noire ? Alors ne perds pas ton temps et procure-la au meilleur prix du march\u00e9 uniquement sur Rosaeterna.online Nous t'attendons \u00e0 l'int\u00e9rieur !","og_url":"https:\/\/rosaeterna.online\/fr\/p\/rose-eternelle-noire\/","og_site_name":"Rosa Eterna","article_modified_time":"2024-11-08T11:03:11+00:00","og_image":[{"width":2036,"height":2560,"url":"https:\/\/rosaeterna.online\/wp-content\/uploads\/2017\/12\/rosa-eterna-negra-2-scaled.jpg","type":"image\/jpeg"}],"twitter_card":"summary_large_image","twitter_misc":{"Dur\u00e9e de lecture estim\u00e9e":"1 minute"},"schema":{"@context":"https:\/\/schema.org","@graph":[{"@type":"WebPage","@id":"https:\/\/rosaeterna.online\/fr\/p\/rose-eternelle-noire\/","url":"https:\/\/rosaeterna.online\/fr\/p\/rose-eternelle-noire\/","name":"Acheter Eternal Black Rose : Choisir le lyophilis\u00e9 : Rosaeterna.online","isPartOf":{"@id":"https:\/\/rosaeterna.online\/fr\/#website"},"primaryImageOfPage":{"@id":"https:\/\/rosaeterna.online\/fr\/p\/rose-eternelle-noire\/#primaryimage"},"image":{"@id":"https:\/\/rosaeterna.online\/fr\/p\/rose-eternelle-noire\/#primaryimage"},"thumbnailUrl":"https:\/\/rosaeterna.online\/wp-content\/uploads\/2017\/12\/rosa-eterna-negra-2-scaled.jpg","datePublished":"2024-06-29T11:13:28+00:00","dateModified":"2024-11-08T11:03:11+00:00","description":"Tu es \u00e0 la recherche d'une rose \u00e9ternelle noire ? Alors ne perds pas ton temps et procure-la au meilleur prix du march\u00e9 uniquement sur Rosaeterna.online Nous t'attendons \u00e0 l'int\u00e9rieur !","breadcrumb":{"@id":"https:\/\/rosaeterna.online\/fr\/p\/rose-eternelle-noire\/#breadcrumb"},"inLanguage":"fr-FR","potentialAction":[{"@type":"ReadAction","target":["https:\/\/rosaeterna.online\/fr\/p\/rose-eternelle-noire\/"]}]},{"@type":"ImageObject","inLanguage":"fr-FR","@id":"https:\/\/rosaeterna.online\/fr\/p\/rose-eternelle-noire\/#primaryimage","url":"https:\/\/rosaeterna.online\/wp-content\/uploads\/2017\/12\/rosa-eterna-negra-2-scaled.jpg","contentUrl":"https:\/\/rosaeterna.online\/wp-content\/uploads\/2017\/12\/rosa-eterna-negra-2-scaled.jpg","width":2036,"height":2560,"caption":"rose \u00e9ternelle noire"},{"@type":"BreadcrumbList","@id":"https:\/\/rosaeterna.online\/fr\/p\/rose-eternelle-noire\/#breadcrumb","itemListElement":[{"@type":"ListItem","position":1,"name":"Portada","item":"https:\/\/rosaeterna.online\/fr\/"},{"@type":"ListItem","position":2,"name":"Produits","item":"https:\/\/rosaeterna.online\/fr\/boutique\/"},{"@type":"ListItem","position":3,"name":"Rose noire \u00e9ternelle"}]},{"@type":"WebSite","@id":"https:\/\/rosaeterna.online\/fr\/#website","url":"https:\/\/rosaeterna.online\/fr\/","name":"Rosa Eterna","description":"Haz que dure","potentialAction":[{"@type":"SearchAction","target":{"@type":"EntryPoint","urlTemplate":"https:\/\/rosaeterna.online\/fr\/?s={search_term_string}"},"query-input":{"@type":"PropertyValueSpecification","valueRequired":true,"valueName":"search_term_string"}}],"inLanguage":"fr-FR"}]}},"uagb_featured_image_src":{"full":["https:\/\/rosaeterna.online\/wp-content\/uploads\/2017\/12\/rosa-eterna-negra-2-scaled.jpg",2036,2560,false],"thumbnail":["https:\/\/rosaeterna.online\/wp-content\/uploads\/2017\/12\/rosa-eterna-negra-2-150x150.jpg",150,150,true],"medium":["https:\/\/rosaeterna.online\/wp-content\/uploads\/2017\/12\/rosa-eterna-negra-2-239x300.jpg",239,300,true],"medium_large":["https:\/\/rosaeterna.online\/wp-content\/uploads\/2017\/12\/rosa-eterna-negra-2-768x966.jpg",768,966,true],"large":["https:\/\/rosaeterna.online\/wp-content\/uploads\/2017\/12\/rosa-eterna-negra-2-814x1024.jpg",814,1024,true],"1536x1536":["https:\/\/rosaeterna.online\/wp-content\/uploads\/2017\/12\/rosa-eterna-negra-2-scaled.jpg",1222,1536,false],"2048x2048":["https:\/\/rosaeterna.online\/wp-content\/uploads\/2017\/12\/rosa-eterna-negra-2-scaled.jpg",1629,2048,false],"blog-isotope":["https:\/\/rosaeterna.online\/wp-content\/uploads\/2017\/12\/rosa-eterna-negra-2-scaled.jpg",398,500,false],"woocommerce_thumbnail":["https:\/\/rosaeterna.online\/wp-content\/uploads\/2017\/12\/rosa-eterna-negra-2-350x435.jpg",350,435,true],"woocommerce_single":["https:\/\/rosaeterna.online\/wp-content\/uploads\/2017\/12\/rosa-eterna-negra-2-920x1157.jpg",920,1157,true],"woocommerce_gallery_thumbnail":["https:\/\/rosaeterna.online\/wp-content\/uploads\/2017\/12\/rosa-eterna-negra-2-100x100.jpg",100,100,true],"eh_logo_image_size":["https:\/\/rosaeterna.online\/wp-content\/uploads\/2017\/12\/rosa-eterna-negra-2-scaled.jpg",72,90,false],"eh_header_image_size":["https:\/\/rosaeterna.online\/wp-content\/uploads\/2017\/12\/rosa-eterna-negra-2-scaled.jpg",72,90,false],"wcpr-photo-reviews":["https:\/\/rosaeterna.online\/wp-content\/uploads\/2017\/12\/rosa-eterna-negra-2-scaled.jpg",398,500,false]},"uagb_author_info":{"display_name":"Fran","author_link":"https:\/\/rosaeterna.online\/fr"},"uagb_comment_info":0,"uagb_excerpt":"Ne manque pas notre rose noire \u00e9ternelle, un excellent exemple de cadeau de bon go\u00fbt qui plaira aussi bien aux amis qu'aux inconnus.Qui n'aime pas une belle fleur naturelle ? Ne les manque pas et tu ne le regretteras pas.","_links":{"self":[{"href":"https:\/\/rosaeterna.online\/fr\/wp-json\/wp\/v2\/product\/10662","targetHints":{"allow":["GET"]}}],"collection":[{"href":"https:\/\/rosaeterna.online\/fr\/wp-json\/wp\/v2\/product"}],"about":[{"href":"https:\/\/rosaeterna.online\/fr\/wp-json\/wp\/v2\/types\/product"}],"replies":[{"embeddable":true,"href":"https:\/\/rosaeterna.online\/fr\/wp-json\/wp\/v2\/comments?post=10662"}],"wp:featuredmedia":[{"embeddable":true,"href":"https:\/\/rosaeterna.online\/fr\/wp-json\/wp\/v2\/media\/8922"}],"wp:attachment":[{"href":"https:\/\/rosaeterna.online\/fr\/wp-json\/wp\/v2\/media?parent=10662"}],"wp:term":[{"taxonomy":"product_brand","embeddable":true,"href":"https:\/\/rosaeterna.online\/fr\/wp-json\/wp\/v2\/product_brand?post=10662"},{"taxonomy":"product_cat","embeddable":true,"href":"https:\/\/rosaeterna.online\/fr\/wp-json\/wp\/v2\/product_cat?post=10662"},{"taxonomy":"product_tag","embeddable":true,"href":"https:\/\/rosaeterna.online\/fr\/wp-json\/wp\/v2\/product_tag?post=10662"}],"curies":[{"name":"wp","href":"https:\/\/api.w.org\/{rel}","templated":true}]}}