{"id":10499,"date":"2024-06-28T00:17:27","date_gmt":"2024-06-28T00:17:27","guid":{"rendered":"https:\/\/rosaeterna.online\/flor\/rose-eternelle-bleue\/"},"modified":"2024-11-08T11:03:58","modified_gmt":"2024-11-08T11:03:58","slug":"rose-eternelle-bleue","status":"publish","type":"product","link":"https:\/\/rosaeterna.online\/fr\/p\/rose-eternelle-bleue\/","title":{"rendered":"Rose bleue \u00e9ternelle"},"content":{"rendered":"<p style=\"text-align: justify;\">Tu envisages d&#8217;acheter une rose \u00e9ternelle bleue ?<br \/>\nAlors il y a deux options, soit tu veux l&#8217;offrir \u00e0 quelqu&#8217;un de sp\u00e9cial, soit tu veux te faire un cadeau \u00e0 toi-m\u00eame (ce qui est aussi cool, hein ?).<br \/>\nParfois, les gestes peuvent transmettre plus que les mots et dans le cas des roses, ce n&#8217;est pas diff\u00e9rent.  <\/p>\n<p>  La rose bleue \u00e9ternelle est associ\u00e9e au d\u00e9sir et \u00e0 l&#8217;amour \u00e9ternel, et c&#8217;est une couleur de rose passionn\u00e9e.<br \/>\nEn outre, la couleur bleue est li\u00e9e au mysticisme et \u00e0 la nature, \u00e9tant des fleurs qui sont tr\u00e8s belles.<br \/>\nDe plus, elles symbolisent les sentiments lib\u00e9rateurs ou la confiance, \u00e9tant un choix parfait pour montrer ton amour.<br \/>\nEn effet, elles repr\u00e9sentent l&#8217;amour \u00e9ternel et l&#8217;espoir de r\u00e9aliser un amour difficile ou impossible.<br \/>\nNaturellement, les roses bleues n&#8217;existent pas, elles symbolisent donc la r\u00e9alisation de l&#8217;impossible.<br \/>\nCr\u00e9\u00e9es artificiellement, elles constituent sans aucun doute un beau cadeau \u00e0 offrir \u00e0 ton partenaire.<br \/>\nNos prix incluent la TVA et toutes les taxes, cela signifie que tu n&#8217;auras aucune surprise qui t&#8217;attendra dans ton panier, c&#8217;est garanti !<br \/>\nNe manque pas la gamme de diff\u00e9rentes couleurs que nous proposons sur <strong>rosaeterna.online<\/strong>, tu verras si elles te plaisent.<br \/>\nCompte sur nous pour toutes tes questions sur notre rose \u00e9ternelle bleue, nous t&#8217;attendons de l&#8217;autre c\u00f4t\u00e9 !        <\/p>\n","protected":false},"excerpt":{"rendered":"<p style=\"text-align: justify;\">La rose \u00e9ternelle bleue est id\u00e9ale pour tous les amoureux de cette belle couleur, si tu es l&#8217;un d&#8217;entre eux, ce serait g\u00e9nial d&#8217;obtenir l&#8217;une de nos excellentes <a href=\"https:\/\/rosaeterna.online\/\">roses \u00e9ternelles<\/a>.<\/p>\n","protected":false},"featured_media":8915,"comment_status":"open","ping_status":"closed","template":"","meta":{"_uag_custom_page_level_css":"","_joinchat":[]},"product_brand":[],"product_cat":[81],"product_tag":[],"class_list":{"0":"post-10499","1":"product","2":"type-product","3":"status-publish","4":"has-post-thumbnail","6":"product_cat-rose-avec-tige","8":"first","9":"instock","10":"taxable","11":"shipping-taxable","12":"purchasable","13":"product-type-simple","14":"add-to-wishlist-after_add_to_cart"},"yoast_head":"<!-- This site is optimized with the Yoast SEO plugin v25.0 - https:\/\/yoast.com\/wordpress\/plugins\/seo\/ -->\n<title>Ach\u00e8te ta Rose bleue \u00e9ternelle au meilleur prix | Rosaeterna.online<\/title>\n<meta name=\"description\" content=\"Ach\u00e8te ton Eternal Rose bleu au meilleur prix. Nous avons la plus grande vari\u00e9t\u00e9 de mod\u00e8les. Nous t&#039;attendons dans notre boutique en ligne avec les meilleures fleurs, viens MAINTENANT !\" \/>\n<meta name=\"robots\" content=\"index, follow, max-snippet:-1, max-image-preview:large, max-video-preview:-1\" \/>\n<link rel=\"canonical\" href=\"https:\/\/rosaeterna.online\/fr\/p\/rose-eternelle-bleue\/\" \/>\n<meta property=\"og:locale\" content=\"fr_FR\" \/>\n<meta property=\"og:type\" content=\"article\" \/>\n<meta property=\"og:title\" content=\"Ach\u00e8te ta Rose bleue \u00e9ternelle au meilleur prix | Rosaeterna.online\" \/>\n<meta property=\"og:description\" content=\"Ach\u00e8te ton Eternal Rose bleu au meilleur prix. Nous avons la plus grande vari\u00e9t\u00e9 de mod\u00e8les. Nous t&#039;attendons dans notre boutique en ligne avec les meilleures fleurs, viens MAINTENANT !\" \/>\n<meta property=\"og:url\" content=\"https:\/\/rosaeterna.online\/fr\/p\/rose-eternelle-bleue\/\" \/>\n<meta property=\"og:site_name\" content=\"Rosa Eterna\" \/>\n<meta property=\"article:modified_time\" content=\"2024-11-08T11:03:58+00:00\" \/>\n<meta property=\"og:image\" content=\"https:\/\/rosaeterna.online\/wp-content\/uploads\/2017\/12\/rosa-eterna-azul-2-scaled.jpg\" \/>\n\t<meta property=\"og:image:width\" content=\"2202\" \/>\n\t<meta property=\"og:image:height\" content=\"2560\" \/>\n\t<meta property=\"og:image:type\" content=\"image\/jpeg\" \/>\n<meta name=\"twitter:card\" content=\"summary_large_image\" \/>\n<meta name=\"twitter:label1\" content=\"Dur\u00e9e de lecture estim\u00e9e\" \/>\n\t<meta name=\"twitter:data1\" content=\"1 minute\" \/>\n<!-- \/ Yoast SEO plugin. -->","yoast_head_json":{"title":"Ach\u00e8te ta Rose bleue \u00e9ternelle au meilleur prix | Rosaeterna.online","description":"Ach\u00e8te ton Eternal Rose bleu au meilleur prix. Nous avons la plus grande vari\u00e9t\u00e9 de mod\u00e8les. Nous t'attendons dans notre boutique en ligne avec les meilleures fleurs, viens MAINTENANT !","robots":{"index":"index","follow":"follow","max-snippet":"max-snippet:-1","max-image-preview":"max-image-preview:large","max-video-preview":"max-video-preview:-1"},"canonical":"https:\/\/rosaeterna.online\/fr\/p\/rose-eternelle-bleue\/","og_locale":"fr_FR","og_type":"article","og_title":"Ach\u00e8te ta Rose bleue \u00e9ternelle au meilleur prix | Rosaeterna.online","og_description":"Ach\u00e8te ton Eternal Rose bleu au meilleur prix. Nous avons la plus grande vari\u00e9t\u00e9 de mod\u00e8les. Nous t'attendons dans notre boutique en ligne avec les meilleures fleurs, viens MAINTENANT !","og_url":"https:\/\/rosaeterna.online\/fr\/p\/rose-eternelle-bleue\/","og_site_name":"Rosa Eterna","article_modified_time":"2024-11-08T11:03:58+00:00","og_image":[{"width":2202,"height":2560,"url":"https:\/\/rosaeterna.online\/wp-content\/uploads\/2017\/12\/rosa-eterna-azul-2-scaled.jpg","type":"image\/jpeg"}],"twitter_card":"summary_large_image","twitter_misc":{"Dur\u00e9e de lecture estim\u00e9e":"1 minute"},"schema":{"@context":"https:\/\/schema.org","@graph":[{"@type":"WebPage","@id":"https:\/\/rosaeterna.online\/fr\/p\/rose-eternelle-bleue\/","url":"https:\/\/rosaeterna.online\/fr\/p\/rose-eternelle-bleue\/","name":"Ach\u00e8te ta Rose bleue \u00e9ternelle au meilleur prix | Rosaeterna.online","isPartOf":{"@id":"https:\/\/rosaeterna.online\/fr\/#website"},"primaryImageOfPage":{"@id":"https:\/\/rosaeterna.online\/fr\/p\/rose-eternelle-bleue\/#primaryimage"},"image":{"@id":"https:\/\/rosaeterna.online\/fr\/p\/rose-eternelle-bleue\/#primaryimage"},"thumbnailUrl":"https:\/\/rosaeterna.online\/wp-content\/uploads\/2017\/12\/rosa-eterna-azul-2-scaled.jpg","datePublished":"2024-06-28T00:17:27+00:00","dateModified":"2024-11-08T11:03:58+00:00","description":"Ach\u00e8te ton Eternal Rose bleu au meilleur prix. Nous avons la plus grande vari\u00e9t\u00e9 de mod\u00e8les. Nous t'attendons dans notre boutique en ligne avec les meilleures fleurs, viens MAINTENANT !","breadcrumb":{"@id":"https:\/\/rosaeterna.online\/fr\/p\/rose-eternelle-bleue\/#breadcrumb"},"inLanguage":"fr-FR","potentialAction":[{"@type":"ReadAction","target":["https:\/\/rosaeterna.online\/fr\/p\/rose-eternelle-bleue\/"]}]},{"@type":"ImageObject","inLanguage":"fr-FR","@id":"https:\/\/rosaeterna.online\/fr\/p\/rose-eternelle-bleue\/#primaryimage","url":"https:\/\/rosaeterna.online\/wp-content\/uploads\/2017\/12\/rosa-eterna-azul-2-scaled.jpg","contentUrl":"https:\/\/rosaeterna.online\/wp-content\/uploads\/2017\/12\/rosa-eterna-azul-2-scaled.jpg","width":2202,"height":2560,"caption":"bleu rose \u00e9ternel"},{"@type":"BreadcrumbList","@id":"https:\/\/rosaeterna.online\/fr\/p\/rose-eternelle-bleue\/#breadcrumb","itemListElement":[{"@type":"ListItem","position":1,"name":"Portada","item":"https:\/\/rosaeterna.online\/fr\/"},{"@type":"ListItem","position":2,"name":"Produits","item":"https:\/\/rosaeterna.online\/fr\/boutique\/"},{"@type":"ListItem","position":3,"name":"Rose bleue \u00e9ternelle"}]},{"@type":"WebSite","@id":"https:\/\/rosaeterna.online\/fr\/#website","url":"https:\/\/rosaeterna.online\/fr\/","name":"Rosa Eterna","description":"Haz que dure","potentialAction":[{"@type":"SearchAction","target":{"@type":"EntryPoint","urlTemplate":"https:\/\/rosaeterna.online\/fr\/?s={search_term_string}"},"query-input":{"@type":"PropertyValueSpecification","valueRequired":true,"valueName":"search_term_string"}}],"inLanguage":"fr-FR"}]}},"uagb_featured_image_src":{"full":["https:\/\/rosaeterna.online\/wp-content\/uploads\/2017\/12\/rosa-eterna-azul-2-scaled.jpg",2202,2560,false],"thumbnail":["https:\/\/rosaeterna.online\/wp-content\/uploads\/2017\/12\/rosa-eterna-azul-2-150x150.jpg",150,150,true],"medium":["https:\/\/rosaeterna.online\/wp-content\/uploads\/2017\/12\/rosa-eterna-azul-2-258x300.jpg",258,300,true],"medium_large":["https:\/\/rosaeterna.online\/wp-content\/uploads\/2017\/12\/rosa-eterna-azul-2-768x893.jpg",768,893,true],"large":["https:\/\/rosaeterna.online\/wp-content\/uploads\/2017\/12\/rosa-eterna-azul-2-881x1024.jpg",881,1024,true],"1536x1536":["https:\/\/rosaeterna.online\/wp-content\/uploads\/2017\/12\/rosa-eterna-azul-2-scaled.jpg",1321,1536,false],"2048x2048":["https:\/\/rosaeterna.online\/wp-content\/uploads\/2017\/12\/rosa-eterna-azul-2-scaled.jpg",1762,2048,false],"blog-isotope":["https:\/\/rosaeterna.online\/wp-content\/uploads\/2017\/12\/rosa-eterna-azul-2-scaled.jpg",430,500,false],"woocommerce_thumbnail":["https:\/\/rosaeterna.online\/wp-content\/uploads\/2017\/12\/rosa-eterna-azul-2-scaled-350x435.jpg",350,435,true],"woocommerce_single":["https:\/\/rosaeterna.online\/wp-content\/uploads\/2017\/12\/rosa-eterna-azul-2-scaled-920x1070.jpg",920,1070,true],"woocommerce_gallery_thumbnail":["https:\/\/rosaeterna.online\/wp-content\/uploads\/2017\/12\/rosa-eterna-azul-2-scaled-100x100.jpg",100,100,true],"eh_logo_image_size":["https:\/\/rosaeterna.online\/wp-content\/uploads\/2017\/12\/rosa-eterna-azul-2-scaled.jpg",77,90,false],"eh_header_image_size":["https:\/\/rosaeterna.online\/wp-content\/uploads\/2017\/12\/rosa-eterna-azul-2-scaled.jpg",77,90,false],"wcpr-photo-reviews":["https:\/\/rosaeterna.online\/wp-content\/uploads\/2017\/12\/rosa-eterna-azul-2-scaled.jpg",430,500,false]},"uagb_author_info":{"display_name":"Fran","author_link":"https:\/\/rosaeterna.online\/fr"},"uagb_comment_info":0,"uagb_excerpt":"La rose \u00e9ternelle bleue est id\u00e9ale pour tous les amoureux de cette belle couleur, si tu es l'un d'entre eux, ce serait g\u00e9nial d'obtenir l'une de nos excellentes roses \u00e9ternelles.","_links":{"self":[{"href":"https:\/\/rosaeterna.online\/fr\/wp-json\/wp\/v2\/product\/10499","targetHints":{"allow":["GET"]}}],"collection":[{"href":"https:\/\/rosaeterna.online\/fr\/wp-json\/wp\/v2\/product"}],"about":[{"href":"https:\/\/rosaeterna.online\/fr\/wp-json\/wp\/v2\/types\/product"}],"replies":[{"embeddable":true,"href":"https:\/\/rosaeterna.online\/fr\/wp-json\/wp\/v2\/comments?post=10499"}],"wp:featuredmedia":[{"embeddable":true,"href":"https:\/\/rosaeterna.online\/fr\/wp-json\/wp\/v2\/media\/8915"}],"wp:attachment":[{"href":"https:\/\/rosaeterna.online\/fr\/wp-json\/wp\/v2\/media?parent=10499"}],"wp:term":[{"taxonomy":"product_brand","embeddable":true,"href":"https:\/\/rosaeterna.online\/fr\/wp-json\/wp\/v2\/product_brand?post=10499"},{"taxonomy":"product_cat","embeddable":true,"href":"https:\/\/rosaeterna.online\/fr\/wp-json\/wp\/v2\/product_cat?post=10499"},{"taxonomy":"product_tag","embeddable":true,"href":"https:\/\/rosaeterna.online\/fr\/wp-json\/wp\/v2\/product_tag?post=10499"}],"curies":[{"name":"wp","href":"https:\/\/api.w.org\/{rel}","templated":true}]}}