{"id":10716,"date":"2018-03-15T18:04:14","date_gmt":"2018-03-15T18:04:14","guid":{"rendered":"https:\/\/rosaeterna.online\/cookies\/"},"modified":"2018-03-15T18:04:14","modified_gmt":"2018-03-15T18:04:14","slug":"cookies","status":"publish","type":"page","link":"https:\/\/rosaeterna.online\/fr\/cookies\/","title":{"rendered":"Cookies"},"content":{"rendered":"<p>Conform\u00e9ment aux dispositions de l\u2019article 22.2 de la Loi 34\/2002, du 11 juillet, sur les services de la soci\u00e9t\u00e9 de l\u2019information et le commerce \u00e9lectronique, Rosa Eterna ci-apr\u00e8s \u00ab\u00a0ce site web\u00a0\u00bb vous informe, dans cette section, de la politique de collecte et de traitement des cookies.<\/p>\n<p>QU\u2019EST-CE QU\u2019UN COOKIE ?<br \/>\nUn cookie est un fichier qui est t\u00e9l\u00e9charg\u00e9 sur votre ordinateur lorsque vous acc\u00e9dez \u00e0 certaines pages Web. Les cookies permettent \u00e0 un site Web, entre autres choses, de stocker et de r\u00e9cup\u00e9rer des informations sur les habitudes de navigation d\u2019un utilisateur ou de son ordinateur et, selon les informations qu\u2019ils contiennent et la fa\u00e7on dont ils utilisent leur ordinateur, peuvent \u00eatre utilis\u00e9s pour reconna\u00eetre l\u2019utilisateur.<\/p>\n<p>QUELS TYPES DE COOKIES CE SITE WEB UTILISE-T-IL ?<br \/>\nCe site Web utilise les types de cookies suivants :<\/p>\n<p>Cookies d\u2019analyse : Les cookies sont ceux qui, lorsqu\u2019ils sont bien trait\u00e9s par nous ou par des tiers, nous permettent de quantifier le nombre d\u2019utilisateurs et d\u2019effectuer ainsi la mesure et l\u2019analyse statistique de l\u2019utilisation faite par les utilisateurs du service offert. Pour ce faire, nous analysons votre navigation sur notre site Web afin d\u2019am\u00e9liorer la gamme de produits ou services que nous vous offrons.<\/p>\n<p>Cookies techniques : Ce sont des cookies qui permettent \u00e0 l\u2019utilisateur de naviguer dans la zone restreinte et d\u2019utiliser ses diff\u00e9rentes fonctions, comme, par exemple, pour modifier le processus d\u2019achat d\u2019un article.<\/p>\n<p>Cookies de personnalisation : Ce sont ceux qui permettent \u00e0 l\u2019utilisateur d\u2019acc\u00e9der au service avec des caract\u00e9ristiques g\u00e9n\u00e9rales pr\u00e9d\u00e9finies en fonction d\u2019une s\u00e9rie de crit\u00e8res dans le terminal de l\u2019utilisateur, comme la langue ou le type de navigateur utilis\u00e9 pour se connecter au service.<\/p>\n<p>Cookies publicitaires : Ce sont ceux qui, lorsqu\u2019ils sont bien trait\u00e9s par ce site Web ou par des tiers, permettent la gestion la plus efficace de l\u2019espace publicitaire offert sur le site Web, en adaptant le contenu de la publicit\u00e9 au contenu du service demand\u00e9 ou \u00e0 l\u2019utilisation faite de notre site Web. Pour ce faire, nous pouvons analyser vos habitudes de navigation sur Internet et vous montrer les publicit\u00e9s li\u00e9es \u00e0 votre profil de navigation.<\/p>\n<p>Les cookies publicitaires comportementaux : Ce sont ceux qui permettent la gestion la plus efficace des espaces publicitaires que, le cas \u00e9ch\u00e9ant, l\u2019\u00e9diteur a inclus dans un site Web, une application ou une plate-forme \u00e0 partir de laquelle le service demand\u00e9 est fourni. Ce type de cookie stocke des informations sur le comportement des visiteurs obtenues par l\u2019observation continue de leurs habitudes de navigation, ce qui leur permet de d\u00e9velopper un profil sp\u00e9cifique pour afficher des publicit\u00e9s bas\u00e9es sur ce profil.<\/p>\n<p>D\u00c9SACTIVER LES COOKIES.<br \/>\nVous pouvez autoriser, bloquer ou supprimer les cookies install\u00e9s sur votre ordinateur en configurant les param\u00e8tres du navigateur install\u00e9 sur votre ordinateur.<\/p>\n<p>La plupart des navigateurs Web offrent la possibilit\u00e9 d\u2019autoriser, de bloquer ou de supprimer les cookies install\u00e9s sur votre ordinateur.<\/p>\n<p>Vous pouvez ensuite acc\u00e9der aux param\u00e8tres des navigateurs les plus courants pour accepter, installer ou d\u00e9sactiver les cookies :<\/p>\n<p>Configurer les cookies dans Google Chrome<\/p>\n<p>Configurer les cookies dans Microsoft Internet Explorer<\/p>\n<p>Configurer les cookies dans Mozilla Firefox<\/p>\n<p>Configurer les cookies dans Safari (Apple)<\/p>\n<p>COOKIES DE TIERS.<br \/>\nCe site Web utilise des services de tiers pour collecter des informations \u00e0 des fins statistiques et d\u2019utilisation du Web. Les cookies DoubleClick sont utilis\u00e9s pour am\u00e9liorer la publicit\u00e9 sur le site Web. Ils sont utilis\u00e9s pour cibler la publicit\u00e9 en fonction du contenu pertinent pour l\u2019utilisateur, am\u00e9liorant ainsi la qualit\u00e9 de l\u2019exp\u00e9rience utilisateur.<\/p>\n<p>En particulier, nous utilisons Google Adsense et Google Analytics pour nos statistiques et notre publicit\u00e9. Certains cookies sont essentiels au fonctionnement du site, comme le navigateur int\u00e9gr\u00e9.<\/p>\n<p>Notre site comprend d\u2019autres fonctionnalit\u00e9s fournies par des tiers. Vous pouvez facilement partager le contenu sur les r\u00e9seaux sociaux tels que Facebook, Twitter ou Google +, avec les boutons que nous avons inclus \u00e0 cet effet.<\/p>\n<p>AVERTISSEMENT CONCERNANT LA SUPPRESSION DES COOKIES.<br \/>\nVous pouvez supprimer et bloquer tous les cookies de ce site, mais une partie du site ne fonctionnera pas ou la qualit\u00e9 du site peut \u00eatre affect\u00e9e.<\/p>\n<p>Si vous avez des questions sur notre politique en mati\u00e8re de cookies, vous pouvez contacter ce site Web par l\u2019interm\u00e9diaire de nos canaux de contact.<\/p>\n","protected":false},"excerpt":{"rendered":"<p>Conform\u00e9ment aux dispositions de l\u2019article 22.2 de la Loi 34\/2002, du 11 juillet, sur les services de la soci\u00e9t\u00e9 de l\u2019information et le commerce \u00e9lectronique, Rosa Eterna ci-apr\u00e8s \u00ab\u00a0ce site web\u00a0\u00bb vous informe, dans cette section, de la politique de collecte et de traitement des cookies. QU\u2019EST-CE QU\u2019UN COOKIE ? Un cookie est un fichier [&hellip;]<\/p>\n","protected":false},"author":1,"featured_media":0,"parent":0,"menu_order":0,"comment_status":"closed","ping_status":"closed","template":"","meta":{"_uag_custom_page_level_css":"","_joinchat":[],"footnotes":""},"class_list":["post-10716","page","type-page","status-publish","hentry"],"yoast_head":"<!-- This site is optimized with the Yoast SEO plugin v25.0 - https:\/\/yoast.com\/wordpress\/plugins\/seo\/ -->\n<title>Cookies - Rosa Eterna<\/title>\n<meta name=\"robots\" content=\"noindex, follow\" \/>\n<meta property=\"og:locale\" content=\"fr_FR\" \/>\n<meta property=\"og:type\" content=\"article\" \/>\n<meta property=\"og:title\" content=\"Cookies - Rosa Eterna\" \/>\n<meta property=\"og:description\" content=\"Conform\u00e9ment aux dispositions de l\u2019article 22.2 de la Loi 34\/2002, du 11 juillet, sur les services de la soci\u00e9t\u00e9 de l\u2019information et le commerce \u00e9lectronique, Rosa Eterna ci-apr\u00e8s \u00ab\u00a0ce site web\u00a0\u00bb vous informe, dans cette section, de la politique de collecte et de traitement des cookies. QU\u2019EST-CE QU\u2019UN COOKIE ? Un cookie est un fichier [&hellip;]\" \/>\n<meta property=\"og:url\" content=\"https:\/\/rosaeterna.online\/fr\/cookies\/\" \/>\n<meta property=\"og:site_name\" content=\"Rosa Eterna\" \/>\n<meta name=\"twitter:card\" content=\"summary_large_image\" \/>\n<meta name=\"twitter:label1\" content=\"Dur\u00e9e de lecture estim\u00e9e\" \/>\n\t<meta name=\"twitter:data1\" content=\"4 minutes\" \/>\n<!-- \/ Yoast SEO plugin. -->","yoast_head_json":{"title":"Cookies - Rosa Eterna","robots":{"index":"noindex","follow":"follow"},"og_locale":"fr_FR","og_type":"article","og_title":"Cookies - Rosa Eterna","og_description":"Conform\u00e9ment aux dispositions de l\u2019article 22.2 de la Loi 34\/2002, du 11 juillet, sur les services de la soci\u00e9t\u00e9 de l\u2019information et le commerce \u00e9lectronique, Rosa Eterna ci-apr\u00e8s \u00ab\u00a0ce site web\u00a0\u00bb vous informe, dans cette section, de la politique de collecte et de traitement des cookies. QU\u2019EST-CE QU\u2019UN COOKIE ? Un cookie est un fichier [&hellip;]","og_url":"https:\/\/rosaeterna.online\/fr\/cookies\/","og_site_name":"Rosa Eterna","twitter_card":"summary_large_image","twitter_misc":{"Dur\u00e9e de lecture estim\u00e9e":"4 minutes"},"schema":{"@context":"https:\/\/schema.org","@graph":[{"@type":"WebPage","@id":"https:\/\/rosaeterna.online\/fr\/cookies\/","url":"https:\/\/rosaeterna.online\/fr\/cookies\/","name":"Cookies - Rosa Eterna","isPartOf":{"@id":"https:\/\/rosaeterna.online\/fr\/#website"},"datePublished":"2018-03-15T18:04:14+00:00","breadcrumb":{"@id":"https:\/\/rosaeterna.online\/fr\/cookies\/#breadcrumb"},"inLanguage":"fr-FR","potentialAction":[{"@type":"ReadAction","target":["https:\/\/rosaeterna.online\/fr\/cookies\/"]}]},{"@type":"BreadcrumbList","@id":"https:\/\/rosaeterna.online\/fr\/cookies\/#breadcrumb","itemListElement":[{"@type":"ListItem","position":1,"name":"Portada","item":"https:\/\/rosaeterna.online\/fr\/"},{"@type":"ListItem","position":2,"name":"Cookies"}]},{"@type":"WebSite","@id":"https:\/\/rosaeterna.online\/fr\/#website","url":"https:\/\/rosaeterna.online\/fr\/","name":"Rosa Eterna","description":"Haz que dure","potentialAction":[{"@type":"SearchAction","target":{"@type":"EntryPoint","urlTemplate":"https:\/\/rosaeterna.online\/fr\/?s={search_term_string}"},"query-input":{"@type":"PropertyValueSpecification","valueRequired":true,"valueName":"search_term_string"}}],"inLanguage":"fr-FR"}]}},"uagb_featured_image_src":{"full":false,"thumbnail":false,"medium":false,"medium_large":false,"large":false,"1536x1536":false,"2048x2048":false,"blog-isotope":false,"woocommerce_thumbnail":false,"woocommerce_single":false,"woocommerce_gallery_thumbnail":false,"eh_logo_image_size":false,"eh_header_image_size":false,"wcpr-photo-reviews":false},"uagb_author_info":{"display_name":"Fran","author_link":"https:\/\/rosaeterna.online\/fr"},"uagb_comment_info":0,"uagb_excerpt":"Conform\u00e9ment aux dispositions de l\u2019article 22.2 de la Loi 34\/2002, du 11 juillet, sur les services de la soci\u00e9t\u00e9 de l\u2019information et le commerce \u00e9lectronique, Rosa Eterna ci-apr\u00e8s \u00ab\u00a0ce site web\u00a0\u00bb vous informe, dans cette section, de la politique de collecte et de traitement des cookies. QU\u2019EST-CE QU\u2019UN COOKIE ? Un cookie est un fichier\u2026","_links":{"self":[{"href":"https:\/\/rosaeterna.online\/fr\/wp-json\/wp\/v2\/pages\/10716","targetHints":{"allow":["GET"]}}],"collection":[{"href":"https:\/\/rosaeterna.online\/fr\/wp-json\/wp\/v2\/pages"}],"about":[{"href":"https:\/\/rosaeterna.online\/fr\/wp-json\/wp\/v2\/types\/page"}],"author":[{"embeddable":true,"href":"https:\/\/rosaeterna.online\/fr\/wp-json\/wp\/v2\/users\/1"}],"replies":[{"embeddable":true,"href":"https:\/\/rosaeterna.online\/fr\/wp-json\/wp\/v2\/comments?post=10716"}],"version-history":[{"count":0,"href":"https:\/\/rosaeterna.online\/fr\/wp-json\/wp\/v2\/pages\/10716\/revisions"}],"wp:attachment":[{"href":"https:\/\/rosaeterna.online\/fr\/wp-json\/wp\/v2\/media?parent=10716"}],"curies":[{"name":"wp","href":"https:\/\/api.w.org\/{rel}","templated":true}]}}