{"id":19298,"date":"2022-12-19T15:08:24","date_gmt":"2022-12-19T15:08:24","guid":{"rendered":"https:\/\/dev.rosaeterna.online\/producto\/hochzeitsbouquet\/"},"modified":"2024-10-21T21:08:33","modified_gmt":"2024-10-21T21:08:33","slug":"hochzeitsbouquet","status":"publish","type":"product","link":"https:\/\/rosaeterna.online\/de\/p\/hochzeitsbouquet\/","title":{"rendered":"Hochzeitsbouquet"},"content":{"rendered":"<p>Ja, wir wissen, dass Wedding nicht so geschrieben wird, aber wir sind sehr innovativ, fast so innovativ wie bei der Kreation dieses <a href=\"https:\/\/rosaeterna.online\/tipo\/bodas\/ramos-novia\/\"><strong>Brautstrau\u00df<\/strong><\/a> so cool. Gib deine Bestellung jetzt auf und <strong>erhalte sie KOSTENLOS<\/strong> in 3-4 Werktagen. Wenn du es eilig hast, schicken wir sie dir in 24-48 Stunden f\u00fcr nur 5,45 Euro mehr.<br \/>\nHast du irgendwelche Fragen?<br \/>\nKontaktiere uns, <strong>wir melden uns so schnell wie m\u00f6glich bei dir<\/strong>.  <\/p>\n","protected":false},"excerpt":{"rendered":"<p>Ein super cooler Brautstrau\u00df, der zu meinen Favoriten geh\u00f6rt und ich hoffe, er gef\u00e4llt dir auch.<br \/>\nNutze unseren <strong>kostenlosen<\/strong> Versand \ud83d\ude09 <\/p>\n","protected":false},"featured_media":16846,"comment_status":"closed","ping_status":"closed","template":"","meta":{"_uag_custom_page_level_css":"","_joinchat":[]},"product_brand":[],"product_cat":[242,241,103],"product_tag":[],"class_list":{"0":"post-19298","1":"product","2":"type-product","3":"status-publish","4":"has-post-thumbnail","6":"product_cat-eingemachte-brautstrause","7":"product_cat-hochzeiten","8":"product_cat-konservierte-strause","10":"first","11":"instock","12":"taxable","13":"shipping-taxable","14":"purchasable","15":"product-type-simple","16":"add-to-wishlist-after_add_to_cart"},"yoast_head":"<!-- This site is optimized with the Yoast SEO plugin v25.0 - https:\/\/yoast.com\/wordpress\/plugins\/seo\/ -->\n<title>Hochzeitsbouquet - Rosa Eterna<\/title>\n<meta name=\"robots\" content=\"index, follow, max-snippet:-1, max-image-preview:large, max-video-preview:-1\" \/>\n<link rel=\"canonical\" href=\"https:\/\/rosaeterna.online\/de\/p\/hochzeitsbouquet\/\" \/>\n<meta property=\"og:locale\" content=\"de_DE\" \/>\n<meta property=\"og:type\" content=\"article\" \/>\n<meta property=\"og:title\" content=\"Hochzeitsbouquet - Rosa Eterna\" \/>\n<meta property=\"og:description\" content=\"Ein super cooler Brautstrau\u00df, der zu meinen Favoriten geh\u00f6rt und ich hoffe, er gef\u00e4llt dir auch. Nutze unseren kostenlosen Versand ;)\" \/>\n<meta property=\"og:url\" content=\"https:\/\/rosaeterna.online\/de\/p\/hochzeitsbouquet\/\" \/>\n<meta property=\"og:site_name\" content=\"Rosa Eterna\" \/>\n<meta property=\"article:modified_time\" content=\"2024-10-21T21:08:33+00:00\" \/>\n<meta property=\"og:image\" content=\"https:\/\/rosaeterna.online\/wp-content\/uploads\/2022\/12\/IMG_3378.jpg\" \/>\n\t<meta property=\"og:image:width\" content=\"800\" \/>\n\t<meta property=\"og:image:height\" content=\"1092\" \/>\n\t<meta property=\"og:image:type\" content=\"image\/jpeg\" \/>\n<meta name=\"twitter:card\" content=\"summary_large_image\" \/>\n<!-- \/ Yoast SEO plugin. -->","yoast_head_json":{"title":"Hochzeitsbouquet - Rosa Eterna","robots":{"index":"index","follow":"follow","max-snippet":"max-snippet:-1","max-image-preview":"max-image-preview:large","max-video-preview":"max-video-preview:-1"},"canonical":"https:\/\/rosaeterna.online\/de\/p\/hochzeitsbouquet\/","og_locale":"de_DE","og_type":"article","og_title":"Hochzeitsbouquet - Rosa Eterna","og_description":"Ein super cooler Brautstrau\u00df, der zu meinen Favoriten geh\u00f6rt und ich hoffe, er gef\u00e4llt dir auch. Nutze unseren kostenlosen Versand ;)","og_url":"https:\/\/rosaeterna.online\/de\/p\/hochzeitsbouquet\/","og_site_name":"Rosa Eterna","article_modified_time":"2024-10-21T21:08:33+00:00","og_image":[{"width":800,"height":1092,"url":"https:\/\/rosaeterna.online\/wp-content\/uploads\/2022\/12\/IMG_3378.jpg","type":"image\/jpeg"}],"twitter_card":"summary_large_image","schema":{"@context":"https:\/\/schema.org","@graph":[{"@type":"WebPage","@id":"https:\/\/rosaeterna.online\/de\/p\/hochzeitsbouquet\/","url":"https:\/\/rosaeterna.online\/de\/p\/hochzeitsbouquet\/","name":"Hochzeitsbouquet - Rosa Eterna","isPartOf":{"@id":"https:\/\/rosaeterna.online\/de\/#website"},"primaryImageOfPage":{"@id":"https:\/\/rosaeterna.online\/de\/p\/hochzeitsbouquet\/#primaryimage"},"image":{"@id":"https:\/\/rosaeterna.online\/de\/p\/hochzeitsbouquet\/#primaryimage"},"thumbnailUrl":"https:\/\/rosaeterna.online\/wp-content\/uploads\/2022\/12\/IMG_3378.jpg","datePublished":"2022-12-19T15:08:24+00:00","dateModified":"2024-10-21T21:08:33+00:00","breadcrumb":{"@id":"https:\/\/rosaeterna.online\/de\/p\/hochzeitsbouquet\/#breadcrumb"},"inLanguage":"de","potentialAction":[{"@type":"ReadAction","target":["https:\/\/rosaeterna.online\/de\/p\/hochzeitsbouquet\/"]}]},{"@type":"ImageObject","inLanguage":"de","@id":"https:\/\/rosaeterna.online\/de\/p\/hochzeitsbouquet\/#primaryimage","url":"https:\/\/rosaeterna.online\/wp-content\/uploads\/2022\/12\/IMG_3378.jpg","contentUrl":"https:\/\/rosaeterna.online\/wp-content\/uploads\/2022\/12\/IMG_3378.jpg","width":800,"height":1092,"caption":"Hochzeitsbouquet"},{"@type":"BreadcrumbList","@id":"https:\/\/rosaeterna.online\/de\/p\/hochzeitsbouquet\/#breadcrumb","itemListElement":[{"@type":"ListItem","position":1,"name":"Portada","item":"https:\/\/rosaeterna.online\/de\/"},{"@type":"ListItem","position":2,"name":"Produkte","item":"https:\/\/rosaeterna.online\/de\/produkte\/"},{"@type":"ListItem","position":3,"name":"Hochzeitsbouquet"}]},{"@type":"WebSite","@id":"https:\/\/rosaeterna.online\/de\/#website","url":"https:\/\/rosaeterna.online\/de\/","name":"Rosa Eterna","description":"Haz que dure","potentialAction":[{"@type":"SearchAction","target":{"@type":"EntryPoint","urlTemplate":"https:\/\/rosaeterna.online\/de\/?s={search_term_string}"},"query-input":{"@type":"PropertyValueSpecification","valueRequired":true,"valueName":"search_term_string"}}],"inLanguage":"de"}]}},"uagb_featured_image_src":{"full":["https:\/\/rosaeterna.online\/wp-content\/uploads\/2022\/12\/IMG_3378.jpg",800,1092,false],"thumbnail":["https:\/\/rosaeterna.online\/wp-content\/uploads\/2022\/12\/IMG_3378-150x150.jpg",150,150,true],"medium":["https:\/\/rosaeterna.online\/wp-content\/uploads\/2022\/12\/IMG_3378-220x300.jpg",220,300,true],"medium_large":["https:\/\/rosaeterna.online\/wp-content\/uploads\/2022\/12\/IMG_3378-768x1048.jpg",768,1048,true],"large":["https:\/\/rosaeterna.online\/wp-content\/uploads\/2022\/12\/IMG_3378-750x1024.jpg",750,1024,true],"1536x1536":["https:\/\/rosaeterna.online\/wp-content\/uploads\/2022\/12\/IMG_3378.jpg",800,1092,false],"2048x2048":["https:\/\/rosaeterna.online\/wp-content\/uploads\/2022\/12\/IMG_3378.jpg",800,1092,false],"blog-isotope":["https:\/\/rosaeterna.online\/wp-content\/uploads\/2022\/12\/IMG_3378.jpg",366,500,false],"woocommerce_thumbnail":["https:\/\/rosaeterna.online\/wp-content\/uploads\/2022\/12\/IMG_3378-350x435.jpg",350,435,true],"woocommerce_single":["https:\/\/rosaeterna.online\/wp-content\/uploads\/2022\/12\/IMG_3378.jpg",800,1092,false],"woocommerce_gallery_thumbnail":["https:\/\/rosaeterna.online\/wp-content\/uploads\/2022\/12\/IMG_3378-100x100.jpg",100,100,true],"eh_logo_image_size":["https:\/\/rosaeterna.online\/wp-content\/uploads\/2022\/12\/IMG_3378.jpg",66,90,false],"eh_header_image_size":["https:\/\/rosaeterna.online\/wp-content\/uploads\/2022\/12\/IMG_3378.jpg",66,90,false],"wcpr-photo-reviews":["https:\/\/rosaeterna.online\/wp-content\/uploads\/2022\/12\/IMG_3378.jpg",366,500,false]},"uagb_author_info":{"display_name":"Fran","author_link":"https:\/\/rosaeterna.online\/de"},"uagb_comment_info":0,"uagb_excerpt":"Ein super cooler Brautstrau\u00df, der zu meinen Favoriten geh\u00f6rt und ich hoffe, er gef\u00e4llt dir auch. Nutze unseren kostenlosen Versand ;)","_links":{"self":[{"href":"https:\/\/rosaeterna.online\/de\/wp-json\/wp\/v2\/product\/19298","targetHints":{"allow":["GET"]}}],"collection":[{"href":"https:\/\/rosaeterna.online\/de\/wp-json\/wp\/v2\/product"}],"about":[{"href":"https:\/\/rosaeterna.online\/de\/wp-json\/wp\/v2\/types\/product"}],"replies":[{"embeddable":true,"href":"https:\/\/rosaeterna.online\/de\/wp-json\/wp\/v2\/comments?post=19298"}],"wp:featuredmedia":[{"embeddable":true,"href":"https:\/\/rosaeterna.online\/de\/wp-json\/wp\/v2\/media\/16846"}],"wp:attachment":[{"href":"https:\/\/rosaeterna.online\/de\/wp-json\/wp\/v2\/media?parent=19298"}],"wp:term":[{"taxonomy":"product_brand","embeddable":true,"href":"https:\/\/rosaeterna.online\/de\/wp-json\/wp\/v2\/product_brand?post=19298"},{"taxonomy":"product_cat","embeddable":true,"href":"https:\/\/rosaeterna.online\/de\/wp-json\/wp\/v2\/product_cat?post=19298"},{"taxonomy":"product_tag","embeddable":true,"href":"https:\/\/rosaeterna.online\/de\/wp-json\/wp\/v2\/product_tag?post=19298"}],"curies":[{"name":"wp","href":"https:\/\/api.w.org\/{rel}","templated":true}]}}