{"id":16540,"date":"2019-03-07T11:37:28","date_gmt":"2019-03-07T11:37:28","guid":{"rendered":"https:\/\/rosaeterna.online\/producto\/straus-konservierter-schwarzer-rosen\/"},"modified":"2024-10-21T23:16:56","modified_gmt":"2024-10-21T23:16:56","slug":"straus-konservierter-schwarzer-rosen","status":"publish","type":"product","link":"https:\/\/rosaeterna.online\/de\/p\/straus-konservierter-schwarzer-rosen\/","title":{"rendered":"Blumenstrau\u00df aus konservierten schwarzen Rosen"},"content":{"rendered":"<p><a href=\"https:\/\/rosaeterna.online\/tipo\/ramo-flores-preservadas\/\">Konservierte Blumenstr\u00e4u\u00dfe<\/a> liegen im Trend, und der Hauptgrund daf\u00fcr ist die Haltbarkeit der <a href=\"https:\/\/rosaeterna.online\/de\/\">gefriergetrockneten Rosen<\/a>.<br \/>\nWenn du einen gew\u00f6hnlichen Strau\u00df w\u00e4hlst, wirst du sehen, dass er nach zwei Wochen verwelkt ist, w\u00e4hrend er bei uns mehrere Jahre lang in perfektem Zustand bleibt, ist das nicht toll?<br \/>\nVerlass dich auf uns, wir fertigen deine Blumenstr\u00e4u\u00dfe mit viel Liebe an und schicken sie dir kostenlos nach Hause.<br \/>\nWenn du Fragen hast, kontaktiere uns bitte, wir warten auf dich!   <\/p>\n","protected":false},"excerpt":{"rendered":"<p>Kaufe unseren Strau\u00df schwarzer konservierter Rosen und vergiss die verwelkten Blumen nach zwei Wochen. Jetzt mit <span style=\"color: #ff0000;\">KOSTENLOSEM<\/span> <span style=\"color: #ff0000;\">Versand<\/span>!<\/p>\n","protected":false},"featured_media":9049,"comment_status":"closed","ping_status":"closed","template":"","meta":{"_uag_custom_page_level_css":"","_joinchat":[]},"product_brand":[],"product_cat":[103,110],"product_tag":[],"class_list":{"0":"post-16540","1":"product","2":"type-product","3":"status-publish","4":"has-post-thumbnail","6":"product_cat-konservierte-strause","7":"product_cat-straeusse-aus-ewigen-rosen","9":"first","10":"instock","11":"taxable","12":"shipping-taxable","13":"purchasable","14":"product-type-variable","15":"add-to-wishlist-after_add_to_cart"},"yoast_head":"<!-- This site is optimized with the Yoast SEO plugin v25.0 - https:\/\/yoast.com\/wordpress\/plugins\/seo\/ -->\n<title>Eingemachte Schwarze Rosen Bouquet kaufen | Rosaeterna.online<\/title>\n<meta name=\"description\" content=\"Kaufe deinen konservierten schwarzen Rosenstrau\u00df zum besten Preis. Damit dein Geschenk jahrelang in perfektem Zustand bleibt, bieten wir dir kostenlosen Versand!\" \/>\n<meta name=\"robots\" content=\"index, follow, max-snippet:-1, max-image-preview:large, max-video-preview:-1\" \/>\n<link rel=\"canonical\" href=\"https:\/\/rosaeterna.online\/de\/p\/straus-konservierter-schwarzer-rosen\/\" \/>\n<meta property=\"og:locale\" content=\"de_DE\" \/>\n<meta property=\"og:type\" content=\"article\" \/>\n<meta property=\"og:title\" content=\"Eingemachte Schwarze Rosen Bouquet kaufen | Rosaeterna.online\" \/>\n<meta property=\"og:description\" content=\"Kaufe deinen konservierten schwarzen Rosenstrau\u00df zum besten Preis. Damit dein Geschenk jahrelang in perfektem Zustand bleibt, bieten wir dir kostenlosen Versand!\" \/>\n<meta property=\"og:url\" content=\"https:\/\/rosaeterna.online\/de\/p\/straus-konservierter-schwarzer-rosen\/\" \/>\n<meta property=\"og:site_name\" content=\"Rosa Eterna\" \/>\n<meta property=\"article:modified_time\" content=\"2024-10-21T23:16:56+00:00\" \/>\n<meta property=\"og:image\" content=\"https:\/\/rosaeterna.online\/wp-content\/uploads\/2019\/03\/ramo-rosas-preservadas-negras.jpeg\" \/>\n\t<meta property=\"og:image:width\" content=\"500\" \/>\n\t<meta property=\"og:image:height\" content=\"668\" \/>\n\t<meta property=\"og:image:type\" content=\"image\/jpeg\" \/>\n<meta name=\"twitter:card\" content=\"summary_large_image\" \/>\n<!-- \/ Yoast SEO plugin. -->","yoast_head_json":{"title":"Eingemachte Schwarze Rosen Bouquet kaufen | Rosaeterna.online","description":"Kaufe deinen konservierten schwarzen Rosenstrau\u00df zum besten Preis. Damit dein Geschenk jahrelang in perfektem Zustand bleibt, bieten wir dir kostenlosen Versand!","robots":{"index":"index","follow":"follow","max-snippet":"max-snippet:-1","max-image-preview":"max-image-preview:large","max-video-preview":"max-video-preview:-1"},"canonical":"https:\/\/rosaeterna.online\/de\/p\/straus-konservierter-schwarzer-rosen\/","og_locale":"de_DE","og_type":"article","og_title":"Eingemachte Schwarze Rosen Bouquet kaufen | Rosaeterna.online","og_description":"Kaufe deinen konservierten schwarzen Rosenstrau\u00df zum besten Preis. Damit dein Geschenk jahrelang in perfektem Zustand bleibt, bieten wir dir kostenlosen Versand!","og_url":"https:\/\/rosaeterna.online\/de\/p\/straus-konservierter-schwarzer-rosen\/","og_site_name":"Rosa Eterna","article_modified_time":"2024-10-21T23:16:56+00:00","og_image":[{"width":500,"height":668,"url":"https:\/\/rosaeterna.online\/wp-content\/uploads\/2019\/03\/ramo-rosas-preservadas-negras.jpeg","type":"image\/jpeg"}],"twitter_card":"summary_large_image","schema":{"@context":"https:\/\/schema.org","@graph":[{"@type":"WebPage","@id":"https:\/\/rosaeterna.online\/de\/p\/straus-konservierter-schwarzer-rosen\/","url":"https:\/\/rosaeterna.online\/de\/p\/straus-konservierter-schwarzer-rosen\/","name":"Eingemachte Schwarze Rosen Bouquet kaufen | Rosaeterna.online","isPartOf":{"@id":"https:\/\/rosaeterna.online\/de\/#website"},"primaryImageOfPage":{"@id":"https:\/\/rosaeterna.online\/de\/p\/straus-konservierter-schwarzer-rosen\/#primaryimage"},"image":{"@id":"https:\/\/rosaeterna.online\/de\/p\/straus-konservierter-schwarzer-rosen\/#primaryimage"},"thumbnailUrl":"https:\/\/rosaeterna.online\/wp-content\/uploads\/2019\/03\/ramo-rosas-preservadas-negras.jpeg","datePublished":"2019-03-07T11:37:28+00:00","dateModified":"2024-10-21T23:16:56+00:00","description":"Kaufe deinen konservierten schwarzen Rosenstrau\u00df zum besten Preis. Damit dein Geschenk jahrelang in perfektem Zustand bleibt, bieten wir dir kostenlosen Versand!","breadcrumb":{"@id":"https:\/\/rosaeterna.online\/de\/p\/straus-konservierter-schwarzer-rosen\/#breadcrumb"},"inLanguage":"de","potentialAction":[{"@type":"ReadAction","target":["https:\/\/rosaeterna.online\/de\/p\/straus-konservierter-schwarzer-rosen\/"]}]},{"@type":"ImageObject","inLanguage":"de","@id":"https:\/\/rosaeterna.online\/de\/p\/straus-konservierter-schwarzer-rosen\/#primaryimage","url":"https:\/\/rosaeterna.online\/wp-content\/uploads\/2019\/03\/ramo-rosas-preservadas-negras.jpeg","contentUrl":"https:\/\/rosaeterna.online\/wp-content\/uploads\/2019\/03\/ramo-rosas-preservadas-negras.jpeg","width":500,"height":668,"caption":"Strau\u00df aus schwarzen konservierten Rosen"},{"@type":"BreadcrumbList","@id":"https:\/\/rosaeterna.online\/de\/p\/straus-konservierter-schwarzer-rosen\/#breadcrumb","itemListElement":[{"@type":"ListItem","position":1,"name":"Portada","item":"https:\/\/rosaeterna.online\/de\/"},{"@type":"ListItem","position":2,"name":"Produkte","item":"https:\/\/rosaeterna.online\/de\/produkte\/"},{"@type":"ListItem","position":3,"name":"Blumenstrau\u00df aus konservierten schwarzen Rosen"}]},{"@type":"WebSite","@id":"https:\/\/rosaeterna.online\/de\/#website","url":"https:\/\/rosaeterna.online\/de\/","name":"Rosa Eterna","description":"Haz que dure","potentialAction":[{"@type":"SearchAction","target":{"@type":"EntryPoint","urlTemplate":"https:\/\/rosaeterna.online\/de\/?s={search_term_string}"},"query-input":{"@type":"PropertyValueSpecification","valueRequired":true,"valueName":"search_term_string"}}],"inLanguage":"de"}]}},"uagb_featured_image_src":{"full":["https:\/\/rosaeterna.online\/wp-content\/uploads\/2019\/03\/ramo-rosas-preservadas-negras.jpeg",500,668,false],"thumbnail":["https:\/\/rosaeterna.online\/wp-content\/uploads\/2019\/03\/ramo-rosas-preservadas-negras-150x150.jpeg",150,150,true],"medium":["https:\/\/rosaeterna.online\/wp-content\/uploads\/2019\/03\/ramo-rosas-preservadas-negras-225x300.jpeg",225,300,true],"medium_large":["https:\/\/rosaeterna.online\/wp-content\/uploads\/2019\/03\/ramo-rosas-preservadas-negras.jpeg",500,668,false],"large":["https:\/\/rosaeterna.online\/wp-content\/uploads\/2019\/03\/ramo-rosas-preservadas-negras.jpeg",500,668,false],"1536x1536":["https:\/\/rosaeterna.online\/wp-content\/uploads\/2019\/03\/ramo-rosas-preservadas-negras.jpeg",500,668,false],"2048x2048":["https:\/\/rosaeterna.online\/wp-content\/uploads\/2019\/03\/ramo-rosas-preservadas-negras.jpeg",500,668,false],"blog-isotope":["https:\/\/rosaeterna.online\/wp-content\/uploads\/2019\/03\/ramo-rosas-preservadas-negras.jpeg",374,500,false],"woocommerce_thumbnail":["https:\/\/rosaeterna.online\/wp-content\/uploads\/2019\/03\/ramo-rosas-preservadas-negras-350x435.jpeg",350,435,true],"woocommerce_single":["https:\/\/rosaeterna.online\/wp-content\/uploads\/2019\/03\/ramo-rosas-preservadas-negras.jpeg",500,668,false],"woocommerce_gallery_thumbnail":["https:\/\/rosaeterna.online\/wp-content\/uploads\/2019\/03\/ramo-rosas-preservadas-negras-100x100.jpeg",100,100,true],"eh_logo_image_size":["https:\/\/rosaeterna.online\/wp-content\/uploads\/2019\/03\/ramo-rosas-preservadas-negras.jpeg",67,90,false],"eh_header_image_size":["https:\/\/rosaeterna.online\/wp-content\/uploads\/2019\/03\/ramo-rosas-preservadas-negras.jpeg",67,90,false],"wcpr-photo-reviews":["https:\/\/rosaeterna.online\/wp-content\/uploads\/2019\/03\/ramo-rosas-preservadas-negras.jpeg",374,500,false]},"uagb_author_info":{"display_name":"Fran","author_link":"https:\/\/rosaeterna.online\/de"},"uagb_comment_info":0,"uagb_excerpt":"Kaufe unseren Strau\u00df schwarzer konservierter Rosen und vergiss die verwelkten Blumen nach zwei Wochen. Jetzt mit KOSTENLOSEM Versand!","_links":{"self":[{"href":"https:\/\/rosaeterna.online\/de\/wp-json\/wp\/v2\/product\/16540","targetHints":{"allow":["GET"]}}],"collection":[{"href":"https:\/\/rosaeterna.online\/de\/wp-json\/wp\/v2\/product"}],"about":[{"href":"https:\/\/rosaeterna.online\/de\/wp-json\/wp\/v2\/types\/product"}],"replies":[{"embeddable":true,"href":"https:\/\/rosaeterna.online\/de\/wp-json\/wp\/v2\/comments?post=16540"}],"wp:featuredmedia":[{"embeddable":true,"href":"https:\/\/rosaeterna.online\/de\/wp-json\/wp\/v2\/media\/9049"}],"wp:attachment":[{"href":"https:\/\/rosaeterna.online\/de\/wp-json\/wp\/v2\/media?parent=16540"}],"wp:term":[{"taxonomy":"product_brand","embeddable":true,"href":"https:\/\/rosaeterna.online\/de\/wp-json\/wp\/v2\/product_brand?post=16540"},{"taxonomy":"product_cat","embeddable":true,"href":"https:\/\/rosaeterna.online\/de\/wp-json\/wp\/v2\/product_cat?post=16540"},{"taxonomy":"product_tag","embeddable":true,"href":"https:\/\/rosaeterna.online\/de\/wp-json\/wp\/v2\/product_tag?post=16540"}],"curies":[{"name":"wp","href":"https:\/\/api.w.org\/{rel}","templated":true}]}}