{"id":16512,"date":"2020-02-06T18:03:36","date_gmt":"2020-02-06T18:03:36","guid":{"rendered":"https:\/\/rosaeterna.online\/producto\/geschenkkarte\/"},"modified":"2020-02-06T18:03:36","modified_gmt":"2020-02-06T18:03:36","slug":"geschenkkarte","status":"publish","type":"product","link":"https:\/\/rosaeterna.online\/de\/p\/geschenkkarte\/","title":{"rendered":"Geschenkkarte"},"content":{"rendered":"<p>Ja, wir wissen, dass unsere <a href=\"https:\/\/rosaeterna.online\/de\/\"><strong>ewigen Rosen<\/strong><\/a> wundersch\u00f6n sind, dass wir viele Sorten haben und dass es manchmal gar nicht so einfach ist, ein Geschenk zu finden und die richtige Wahl zu treffen. Bevorzugen Sie eine rote, gelbe oder regenbogenfarbene Rose? Wir m\u00f6chten es Ihnen mit <strong>unseren Geschenkkarten<\/strong> leicht machen.<\/p>\n<p>W\u00e4hlen Sie das Produkt aus, das Sie verschenken m\u00f6chten, und \u00fcberlassen Sie der gl\u00fccklichen Person den Rest.<\/p>\n<p>Sie erhalten per E-Mail einen Gutschein mit einem Code, mit dem Sie das Produkt mit den von Ihnen gew\u00fcnschten Eigenschaften einl\u00f6sen k\u00f6nnen.<\/p>\n<p>M\u00f6chten Sie, dass wir es ihm\/ihr zusenden? Teilen Sie uns dies im Abschnitt &#8220;Anmerkungen&#8221; mit, und wir werden es an diese Person schicken.<\/p>\n<p>Haben Sie Fragen? Nehmen Sie Kontakt mit uns auf und <strong>wir werden uns so schnell wie m\u00f6glich bei Ihnen melden.<\/strong><\/p>\n","protected":false},"excerpt":{"rendered":"<p>Kaufen Sie Ihre <strong>Geschenkkarte<\/strong> und treffen Sie Ihre Wahl. W\u00e4hlen Sie das Produkt, das Sie verschenken m\u00f6chten, und lassen Sie den Empf\u00e4nger <strong>die Farbe w\u00e4hlen, die ihm am besten gef\u00e4llt.<\/strong><\/p>\n<p>Sie erhalten den Gutschein mit dem Code, um ihn auf der Website einzul\u00f6sen.<\/p>\n","protected":false},"featured_media":9364,"comment_status":"closed","ping_status":"closed","template":"","meta":{"_uag_custom_page_level_css":"","_joinchat":[]},"product_brand":[],"product_cat":[168],"product_tag":[],"class_list":{"0":"post-16512","1":"product","2":"type-product","3":"status-publish","4":"has-post-thumbnail","6":"product_cat-bodas","8":"first","9":"instock","10":"taxable","11":"shipping-taxable","12":"purchasable","13":"product-type-variable","14":"add-to-wishlist-after_add_to_cart"},"yoast_head":"<!-- This site is optimized with the Yoast SEO plugin v25.0 - https:\/\/yoast.com\/wordpress\/plugins\/seo\/ -->\n<title>Geschenkkarte - Rosa Eterna<\/title>\n<meta name=\"robots\" content=\"index, follow, max-snippet:-1, max-image-preview:large, max-video-preview:-1\" \/>\n<link rel=\"canonical\" href=\"https:\/\/rosaeterna.online\/de\/p\/geschenkkarte\/\" \/>\n<meta property=\"og:locale\" content=\"de_DE\" \/>\n<meta property=\"og:type\" content=\"article\" \/>\n<meta property=\"og:title\" content=\"Geschenkkarte - Rosa Eterna\" \/>\n<meta property=\"og:description\" content=\"Kaufen Sie Ihre Geschenkkarte und treffen Sie Ihre Wahl. W\u00e4hlen Sie das Produkt, das Sie verschenken m\u00f6chten, und lassen Sie den Empf\u00e4nger die Farbe w\u00e4hlen, die ihm am besten gef\u00e4llt.  Sie erhalten den Gutschein mit dem Code, um ihn auf der Website einzul\u00f6sen.\" \/>\n<meta property=\"og:url\" content=\"https:\/\/rosaeterna.online\/de\/p\/geschenkkarte\/\" \/>\n<meta property=\"og:site_name\" content=\"Rosa Eterna\" \/>\n<meta property=\"og:image\" content=\"https:\/\/rosaeterna.online\/wp-content\/uploads\/2020\/02\/tarjeta-regalo-rosa-eterna-scaled.jpg\" \/>\n\t<meta property=\"og:image:width\" content=\"2560\" \/>\n\t<meta property=\"og:image:height\" content=\"1707\" \/>\n\t<meta property=\"og:image:type\" content=\"image\/jpeg\" \/>\n<meta name=\"twitter:card\" content=\"summary_large_image\" \/>\n<meta name=\"twitter:label1\" content=\"Gesch\u00e4tzte Lesezeit\" \/>\n\t<meta name=\"twitter:data1\" content=\"1\u00a0Minute\" \/>\n<!-- \/ Yoast SEO plugin. -->","yoast_head_json":{"title":"Geschenkkarte - Rosa Eterna","robots":{"index":"index","follow":"follow","max-snippet":"max-snippet:-1","max-image-preview":"max-image-preview:large","max-video-preview":"max-video-preview:-1"},"canonical":"https:\/\/rosaeterna.online\/de\/p\/geschenkkarte\/","og_locale":"de_DE","og_type":"article","og_title":"Geschenkkarte - Rosa Eterna","og_description":"Kaufen Sie Ihre Geschenkkarte und treffen Sie Ihre Wahl. W\u00e4hlen Sie das Produkt, das Sie verschenken m\u00f6chten, und lassen Sie den Empf\u00e4nger die Farbe w\u00e4hlen, die ihm am besten gef\u00e4llt.  Sie erhalten den Gutschein mit dem Code, um ihn auf der Website einzul\u00f6sen.","og_url":"https:\/\/rosaeterna.online\/de\/p\/geschenkkarte\/","og_site_name":"Rosa Eterna","og_image":[{"width":2560,"height":1707,"url":"https:\/\/rosaeterna.online\/wp-content\/uploads\/2020\/02\/tarjeta-regalo-rosa-eterna-scaled.jpg","type":"image\/jpeg"}],"twitter_card":"summary_large_image","twitter_misc":{"Gesch\u00e4tzte Lesezeit":"1\u00a0Minute"},"schema":{"@context":"https:\/\/schema.org","@graph":[{"@type":"WebPage","@id":"https:\/\/rosaeterna.online\/de\/p\/geschenkkarte\/","url":"https:\/\/rosaeterna.online\/de\/p\/geschenkkarte\/","name":"Geschenkkarte - Rosa Eterna","isPartOf":{"@id":"https:\/\/rosaeterna.online\/de\/#website"},"primaryImageOfPage":{"@id":"https:\/\/rosaeterna.online\/de\/p\/geschenkkarte\/#primaryimage"},"image":{"@id":"https:\/\/rosaeterna.online\/de\/p\/geschenkkarte\/#primaryimage"},"thumbnailUrl":"https:\/\/rosaeterna.online\/wp-content\/uploads\/2020\/02\/tarjeta-regalo-rosa-eterna-scaled.jpg","datePublished":"2020-02-06T18:03:36+00:00","breadcrumb":{"@id":"https:\/\/rosaeterna.online\/de\/p\/geschenkkarte\/#breadcrumb"},"inLanguage":"de","potentialAction":[{"@type":"ReadAction","target":["https:\/\/rosaeterna.online\/de\/p\/geschenkkarte\/"]}]},{"@type":"ImageObject","inLanguage":"de","@id":"https:\/\/rosaeterna.online\/de\/p\/geschenkkarte\/#primaryimage","url":"https:\/\/rosaeterna.online\/wp-content\/uploads\/2020\/02\/tarjeta-regalo-rosa-eterna-scaled.jpg","contentUrl":"https:\/\/rosaeterna.online\/wp-content\/uploads\/2020\/02\/tarjeta-regalo-rosa-eterna-scaled.jpg","width":2560,"height":1707,"caption":"Geschenkkarte"},{"@type":"BreadcrumbList","@id":"https:\/\/rosaeterna.online\/de\/p\/geschenkkarte\/#breadcrumb","itemListElement":[{"@type":"ListItem","position":1,"name":"Portada","item":"https:\/\/rosaeterna.online\/de\/"},{"@type":"ListItem","position":2,"name":"Produkte","item":"https:\/\/rosaeterna.online\/de\/produkte\/"},{"@type":"ListItem","position":3,"name":"Geschenkkarte"}]},{"@type":"WebSite","@id":"https:\/\/rosaeterna.online\/de\/#website","url":"https:\/\/rosaeterna.online\/de\/","name":"Rosa Eterna","description":"Haz que dure","potentialAction":[{"@type":"SearchAction","target":{"@type":"EntryPoint","urlTemplate":"https:\/\/rosaeterna.online\/de\/?s={search_term_string}"},"query-input":{"@type":"PropertyValueSpecification","valueRequired":true,"valueName":"search_term_string"}}],"inLanguage":"de"}]}},"uagb_featured_image_src":{"full":["https:\/\/rosaeterna.online\/wp-content\/uploads\/2020\/02\/tarjeta-regalo-rosa-eterna-scaled.jpg",2560,1707,false],"thumbnail":["https:\/\/rosaeterna.online\/wp-content\/uploads\/2020\/02\/tarjeta-regalo-rosa-eterna-150x150.jpg",150,150,true],"medium":["https:\/\/rosaeterna.online\/wp-content\/uploads\/2020\/02\/tarjeta-regalo-rosa-eterna-300x200.jpg",300,200,true],"medium_large":["https:\/\/rosaeterna.online\/wp-content\/uploads\/2020\/02\/tarjeta-regalo-rosa-eterna-768x512.jpg",768,512,true],"large":["https:\/\/rosaeterna.online\/wp-content\/uploads\/2020\/02\/tarjeta-regalo-rosa-eterna-1024x683.jpg",900,600,true],"1536x1536":["https:\/\/rosaeterna.online\/wp-content\/uploads\/2020\/02\/tarjeta-regalo-rosa-eterna-1536x1024.jpg",1536,1024,true],"2048x2048":["https:\/\/rosaeterna.online\/wp-content\/uploads\/2020\/02\/tarjeta-regalo-rosa-eterna-2048x1366.jpg",2048,1366,true],"blog-isotope":["https:\/\/rosaeterna.online\/wp-content\/uploads\/2020\/02\/tarjeta-regalo-rosa-eterna-scaled.jpg",620,413,false],"woocommerce_thumbnail":["https:\/\/rosaeterna.online\/wp-content\/uploads\/2020\/02\/tarjeta-regalo-rosa-eterna-scaled-350x435.jpg",350,435,true],"woocommerce_single":["https:\/\/rosaeterna.online\/wp-content\/uploads\/2020\/02\/tarjeta-regalo-rosa-eterna-scaled-920x613.jpg",920,613,true],"woocommerce_gallery_thumbnail":["https:\/\/rosaeterna.online\/wp-content\/uploads\/2020\/02\/tarjeta-regalo-rosa-eterna-scaled-100x100.jpg",100,100,true],"eh_logo_image_size":["https:\/\/rosaeterna.online\/wp-content\/uploads\/2020\/02\/tarjeta-regalo-rosa-eterna-scaled.jpg",135,90,false],"eh_header_image_size":["https:\/\/rosaeterna.online\/wp-content\/uploads\/2020\/02\/tarjeta-regalo-rosa-eterna-scaled.jpg",135,90,false],"wcpr-photo-reviews":["https:\/\/rosaeterna.online\/wp-content\/uploads\/2020\/02\/tarjeta-regalo-rosa-eterna-scaled.jpg",500,333,false]},"uagb_author_info":{"display_name":"Patricia Mart\u00edn","author_link":"https:\/\/rosaeterna.online\/de"},"uagb_comment_info":0,"uagb_excerpt":"Kaufen Sie Ihre Geschenkkarte und treffen Sie Ihre Wahl. W\u00e4hlen Sie das Produkt, das Sie verschenken m\u00f6chten, und lassen Sie den Empf\u00e4nger die Farbe w\u00e4hlen, die ihm am besten gef\u00e4llt. Sie erhalten den Gutschein mit dem Code, um ihn auf der Website einzul\u00f6sen.","_links":{"self":[{"href":"https:\/\/rosaeterna.online\/de\/wp-json\/wp\/v2\/product\/16512","targetHints":{"allow":["GET"]}}],"collection":[{"href":"https:\/\/rosaeterna.online\/de\/wp-json\/wp\/v2\/product"}],"about":[{"href":"https:\/\/rosaeterna.online\/de\/wp-json\/wp\/v2\/types\/product"}],"replies":[{"embeddable":true,"href":"https:\/\/rosaeterna.online\/de\/wp-json\/wp\/v2\/comments?post=16512"}],"wp:featuredmedia":[{"embeddable":true,"href":"https:\/\/rosaeterna.online\/de\/wp-json\/wp\/v2\/media\/9364"}],"wp:attachment":[{"href":"https:\/\/rosaeterna.online\/de\/wp-json\/wp\/v2\/media?parent=16512"}],"wp:term":[{"taxonomy":"product_brand","embeddable":true,"href":"https:\/\/rosaeterna.online\/de\/wp-json\/wp\/v2\/product_brand?post=16512"},{"taxonomy":"product_cat","embeddable":true,"href":"https:\/\/rosaeterna.online\/de\/wp-json\/wp\/v2\/product_cat?post=16512"},{"taxonomy":"product_tag","embeddable":true,"href":"https:\/\/rosaeterna.online\/de\/wp-json\/wp\/v2\/product_tag?post=16512"}],"curies":[{"name":"wp","href":"https:\/\/api.w.org\/{rel}","templated":true}]}}