{"id":16503,"date":"2020-06-18T18:10:27","date_gmt":"2020-06-18T18:10:27","guid":{"rendered":"https:\/\/rosaeterna.online\/producto\/buchstaben-mit-wildblumen\/"},"modified":"2024-10-20T03:25:22","modified_gmt":"2024-10-20T03:25:22","slug":"buchstaben-mit-wildblumen","status":"publish","type":"product","link":"https:\/\/rosaeterna.online\/de\/p\/buchstaben-mit-wildblumen\/","title":{"rendered":"Buchstaben mit Wildblumen"},"content":{"rendered":"<p>Haben Sie unsere <a href=\"https:\/\/rosaeterna.online\/de\/c\/blumen-buchstabe\/\"><strong>Buchstaben mit konservierten Blumen<\/strong><\/a> gesehen? Zweifellos werden Sie sie lieben. Sie werden St\u00fcck f\u00fcr St\u00fcck in unserem B\u00fcro in San Sebastian handgefertigt.<\/p>\n<p><strong>Gr\u00f6\u00dfe<\/strong>: 20 cm hoch, die Breite h\u00e4ngt vom Buchstaben ab.<\/p>\n<p>Haben Sie Fragen? Kontaktieren Sie uns, wir warten auf Sie!<\/p>\n","protected":false},"excerpt":{"rendered":"<p>Blumen, so wild wie Sie<\/p>\n<p>&nbsp;<\/p>\n<p>Nutzen Sie den Vorteil des\u00a0Versands und erhalten Sie unsere Buchstaben mit konservierten Blumen zum besten Preis.<\/p>\n","protected":false},"featured_media":9672,"comment_status":"closed","ping_status":"closed","template":"","meta":{"_uag_custom_page_level_css":"","_joinchat":[]},"product_brand":[],"product_cat":[96],"product_tag":[],"class_list":{"0":"post-16503","1":"product","2":"type-product","3":"status-publish","4":"has-post-thumbnail","6":"product_cat-blumen-buchstabe","8":"first","9":"instock","10":"taxable","11":"shipping-taxable","12":"purchasable","13":"product-type-variable","14":"add-to-wishlist-after_add_to_cart"},"yoast_head":"<!-- This site is optimized with the Yoast SEO plugin v25.0 - https:\/\/yoast.com\/wordpress\/plugins\/seo\/ -->\n<title>Buchstaben mit Wildblumen | Rosaeterna.online<\/title>\n<meta name=\"robots\" content=\"index, follow, max-snippet:-1, max-image-preview:large, max-video-preview:-1\" \/>\n<link rel=\"canonical\" href=\"https:\/\/rosaeterna.online\/de\/p\/buchstaben-mit-wildblumen\/\" \/>\n<meta property=\"og:locale\" content=\"de_DE\" \/>\n<meta property=\"og:type\" content=\"article\" \/>\n<meta property=\"og:title\" content=\"Buchstaben mit Wildblumen | Rosaeterna.online\" \/>\n<meta property=\"og:description\" content=\"Blumen, so wild wie Sie  &nbsp;  Nutzen Sie den Vorteil des\u00a0Versands und erhalten Sie unsere Buchstaben mit konservierten Blumen zum besten Preis.\" \/>\n<meta property=\"og:url\" content=\"https:\/\/rosaeterna.online\/de\/p\/buchstaben-mit-wildblumen\/\" \/>\n<meta property=\"og:site_name\" content=\"Rosa Eterna\" \/>\n<meta property=\"article:modified_time\" content=\"2024-10-20T03:25:22+00:00\" \/>\n<meta property=\"og:image\" content=\"https:\/\/rosaeterna.online\/wp-content\/uploads\/2020\/06\/letras-con-flores-preservadas.jpg\" \/>\n\t<meta property=\"og:image:width\" content=\"600\" \/>\n\t<meta property=\"og:image:height\" content=\"800\" \/>\n\t<meta property=\"og:image:type\" content=\"image\/jpeg\" \/>\n<meta name=\"twitter:card\" content=\"summary_large_image\" \/>\n<!-- \/ Yoast SEO plugin. -->","yoast_head_json":{"title":"Buchstaben mit Wildblumen | Rosaeterna.online","robots":{"index":"index","follow":"follow","max-snippet":"max-snippet:-1","max-image-preview":"max-image-preview:large","max-video-preview":"max-video-preview:-1"},"canonical":"https:\/\/rosaeterna.online\/de\/p\/buchstaben-mit-wildblumen\/","og_locale":"de_DE","og_type":"article","og_title":"Buchstaben mit Wildblumen | Rosaeterna.online","og_description":"Blumen, so wild wie Sie  &nbsp;  Nutzen Sie den Vorteil des\u00a0Versands und erhalten Sie unsere Buchstaben mit konservierten Blumen zum besten Preis.","og_url":"https:\/\/rosaeterna.online\/de\/p\/buchstaben-mit-wildblumen\/","og_site_name":"Rosa Eterna","article_modified_time":"2024-10-20T03:25:22+00:00","og_image":[{"width":600,"height":800,"url":"https:\/\/rosaeterna.online\/wp-content\/uploads\/2020\/06\/letras-con-flores-preservadas.jpg","type":"image\/jpeg"}],"twitter_card":"summary_large_image","schema":{"@context":"https:\/\/schema.org","@graph":[{"@type":"WebPage","@id":"https:\/\/rosaeterna.online\/de\/p\/buchstaben-mit-wildblumen\/","url":"https:\/\/rosaeterna.online\/de\/p\/buchstaben-mit-wildblumen\/","name":"Buchstaben mit Wildblumen | Rosaeterna.online","isPartOf":{"@id":"https:\/\/rosaeterna.online\/de\/#website"},"primaryImageOfPage":{"@id":"https:\/\/rosaeterna.online\/de\/p\/buchstaben-mit-wildblumen\/#primaryimage"},"image":{"@id":"https:\/\/rosaeterna.online\/de\/p\/buchstaben-mit-wildblumen\/#primaryimage"},"thumbnailUrl":"https:\/\/rosaeterna.online\/wp-content\/uploads\/2020\/06\/letras-con-flores-preservadas.jpg","datePublished":"2020-06-18T18:10:27+00:00","dateModified":"2024-10-20T03:25:22+00:00","breadcrumb":{"@id":"https:\/\/rosaeterna.online\/de\/p\/buchstaben-mit-wildblumen\/#breadcrumb"},"inLanguage":"de","potentialAction":[{"@type":"ReadAction","target":["https:\/\/rosaeterna.online\/de\/p\/buchstaben-mit-wildblumen\/"]}]},{"@type":"ImageObject","inLanguage":"de","@id":"https:\/\/rosaeterna.online\/de\/p\/buchstaben-mit-wildblumen\/#primaryimage","url":"https:\/\/rosaeterna.online\/wp-content\/uploads\/2020\/06\/letras-con-flores-preservadas.jpg","contentUrl":"https:\/\/rosaeterna.online\/wp-content\/uploads\/2020\/06\/letras-con-flores-preservadas.jpg","width":600,"height":800,"caption":"Buchstaben mit Wildblumen"},{"@type":"BreadcrumbList","@id":"https:\/\/rosaeterna.online\/de\/p\/buchstaben-mit-wildblumen\/#breadcrumb","itemListElement":[{"@type":"ListItem","position":1,"name":"Portada","item":"https:\/\/rosaeterna.online\/de\/"},{"@type":"ListItem","position":2,"name":"Produkte","item":"https:\/\/rosaeterna.online\/de\/produkte\/"},{"@type":"ListItem","position":3,"name":"Buchstaben mit Wildblumen"}]},{"@type":"WebSite","@id":"https:\/\/rosaeterna.online\/de\/#website","url":"https:\/\/rosaeterna.online\/de\/","name":"Rosa Eterna","description":"Haz que dure","potentialAction":[{"@type":"SearchAction","target":{"@type":"EntryPoint","urlTemplate":"https:\/\/rosaeterna.online\/de\/?s={search_term_string}"},"query-input":{"@type":"PropertyValueSpecification","valueRequired":true,"valueName":"search_term_string"}}],"inLanguage":"de"}]}},"uagb_featured_image_src":{"full":["https:\/\/rosaeterna.online\/wp-content\/uploads\/2020\/06\/letras-con-flores-preservadas.jpg",600,800,false],"thumbnail":["https:\/\/rosaeterna.online\/wp-content\/uploads\/2020\/06\/letras-con-flores-preservadas-150x150.jpg",150,150,true],"medium":["https:\/\/rosaeterna.online\/wp-content\/uploads\/2020\/06\/letras-con-flores-preservadas-225x300.jpg",225,300,true],"medium_large":["https:\/\/rosaeterna.online\/wp-content\/uploads\/2020\/06\/letras-con-flores-preservadas.jpg",600,800,false],"large":["https:\/\/rosaeterna.online\/wp-content\/uploads\/2020\/06\/letras-con-flores-preservadas.jpg",600,800,false],"1536x1536":["https:\/\/rosaeterna.online\/wp-content\/uploads\/2020\/06\/letras-con-flores-preservadas.jpg",600,800,false],"2048x2048":["https:\/\/rosaeterna.online\/wp-content\/uploads\/2020\/06\/letras-con-flores-preservadas.jpg",600,800,false],"blog-isotope":["https:\/\/rosaeterna.online\/wp-content\/uploads\/2020\/06\/letras-con-flores-preservadas.jpg",375,500,false],"woocommerce_thumbnail":["https:\/\/rosaeterna.online\/wp-content\/uploads\/2020\/06\/letras-con-flores-preservadas-350x435.jpg",350,435,true],"woocommerce_single":["https:\/\/rosaeterna.online\/wp-content\/uploads\/2020\/06\/letras-con-flores-preservadas.jpg",600,800,false],"woocommerce_gallery_thumbnail":["https:\/\/rosaeterna.online\/wp-content\/uploads\/2020\/06\/letras-con-flores-preservadas-100x100.jpg",100,100,true],"eh_logo_image_size":["https:\/\/rosaeterna.online\/wp-content\/uploads\/2020\/06\/letras-con-flores-preservadas.jpg",68,90,false],"eh_header_image_size":["https:\/\/rosaeterna.online\/wp-content\/uploads\/2020\/06\/letras-con-flores-preservadas.jpg",68,90,false],"wcpr-photo-reviews":["https:\/\/rosaeterna.online\/wp-content\/uploads\/2020\/06\/letras-con-flores-preservadas.jpg",375,500,false]},"uagb_author_info":{"display_name":"Fran","author_link":"https:\/\/rosaeterna.online\/de"},"uagb_comment_info":0,"uagb_excerpt":"Blumen, so wild wie Sie &nbsp; Nutzen Sie den Vorteil des\u00a0Versands und erhalten Sie unsere Buchstaben mit konservierten Blumen zum besten Preis.","_links":{"self":[{"href":"https:\/\/rosaeterna.online\/de\/wp-json\/wp\/v2\/product\/16503","targetHints":{"allow":["GET"]}}],"collection":[{"href":"https:\/\/rosaeterna.online\/de\/wp-json\/wp\/v2\/product"}],"about":[{"href":"https:\/\/rosaeterna.online\/de\/wp-json\/wp\/v2\/types\/product"}],"replies":[{"embeddable":true,"href":"https:\/\/rosaeterna.online\/de\/wp-json\/wp\/v2\/comments?post=16503"}],"wp:featuredmedia":[{"embeddable":true,"href":"https:\/\/rosaeterna.online\/de\/wp-json\/wp\/v2\/media\/9672"}],"wp:attachment":[{"href":"https:\/\/rosaeterna.online\/de\/wp-json\/wp\/v2\/media?parent=16503"}],"wp:term":[{"taxonomy":"product_brand","embeddable":true,"href":"https:\/\/rosaeterna.online\/de\/wp-json\/wp\/v2\/product_brand?post=16503"},{"taxonomy":"product_cat","embeddable":true,"href":"https:\/\/rosaeterna.online\/de\/wp-json\/wp\/v2\/product_cat?post=16503"},{"taxonomy":"product_tag","embeddable":true,"href":"https:\/\/rosaeterna.online\/de\/wp-json\/wp\/v2\/product_tag?post=16503"}],"curies":[{"name":"wp","href":"https:\/\/api.w.org\/{rel}","templated":true}]}}