{"id":16173,"date":"2021-02-09T22:39:01","date_gmt":"2021-02-09T22:39:01","guid":{"rendered":"https:\/\/rosaeterna.online\/producto\/die-schone-und-das-biest-kuppel-sonderedition\/"},"modified":"2024-10-16T02:55:09","modified_gmt":"2024-10-16T02:55:09","slug":"die-schone-und-das-biest-kuppel-sonderedition","status":"publish","type":"product","link":"https:\/\/rosaeterna.online\/de\/p\/die-schone-und-das-biest-kuppel-sonderedition\/","title":{"rendered":"Die Sch\u00f6ne und das Biest Kuppel &#8211; Sonderausgabe"},"content":{"rendered":"<p>Die echte, originale <a href=\"https:\/\/rosaeterna.online\/de\/p\/rose-die-schone-und-das-biest\/\">Kuppel von Die Sch\u00f6ne und das Biest<\/a>.<br \/>\nSie enth\u00e4lt eine wundersch\u00f6ne konservierte Rose und Bl\u00fctenbl\u00e4tter auf dem Sockel, was sie noch besonderer macht.<br \/>\nDer Sockel ist mit einer LED-Beleuchtung ausgestattet, so dass du die Kuppel in einer Ecke deiner Wahl aufstellen kannst.    &nbsp;<\/p>\n","protected":false},"excerpt":{"rendered":"<p>Die originelle verzauberte Rose von Die Sch\u00f6ne und das Biest mit LED-Lichtern an ihrem Sockel ist hier, um zu bleiben.<br \/>\nW\u00e4hle die Farbe, die dir am besten gef\u00e4llt, und voil\u00e0, schon steht sie in deiner Lieblingsecke, ah&#8230; nutze unseren <strong>GRATIS-Versand<\/strong>. <\/p>\n","protected":false},"featured_media":9952,"comment_status":"closed","ping_status":"closed","template":"","meta":{"_uag_custom_page_level_css":"","_joinchat":[]},"product_brand":[],"product_cat":[124],"product_tag":[],"class_list":{"0":"post-16173","1":"product","2":"type-product","3":"status-publish","4":"has-post-thumbnail","6":"product_cat-rose-im-glas","8":"first","9":"instock","10":"taxable","11":"shipping-taxable","12":"purchasable","13":"product-type-variable","14":"add-to-wishlist-after_add_to_cart"},"yoast_head":"<!-- This site is optimized with the Yoast SEO plugin v25.0 - https:\/\/yoast.com\/wordpress\/plugins\/seo\/ -->\n<title>Die Sch\u00f6ne und das Biest Kuppel - Sonderausgabe - Rosa Eterna<\/title>\n<meta name=\"robots\" content=\"index, follow, max-snippet:-1, max-image-preview:large, max-video-preview:-1\" \/>\n<link rel=\"canonical\" href=\"https:\/\/rosaeterna.online\/de\/p\/die-schone-und-das-biest-kuppel-sonderedition\/\" \/>\n<meta property=\"og:locale\" content=\"de_DE\" \/>\n<meta property=\"og:type\" content=\"article\" \/>\n<meta property=\"og:title\" content=\"Die Sch\u00f6ne und das Biest Kuppel - Sonderausgabe - Rosa Eterna\" \/>\n<meta property=\"og:description\" content=\"Die originelle verzauberte Rose von Die Sch\u00f6ne und das Biest mit LED-Lichtern an ihrem Sockel ist hier, um zu bleiben. W\u00e4hle die Farbe, die dir am besten gef\u00e4llt, und voil\u00e0, schon steht sie in deiner Lieblingsecke, ah... nutze unseren GRATIS-Versand.\" \/>\n<meta property=\"og:url\" content=\"https:\/\/rosaeterna.online\/de\/p\/die-schone-und-das-biest-kuppel-sonderedition\/\" \/>\n<meta property=\"og:site_name\" content=\"Rosa Eterna\" \/>\n<meta property=\"article:modified_time\" content=\"2024-10-16T02:55:09+00:00\" \/>\n<meta property=\"og:image\" content=\"https:\/\/rosaeterna.online\/wp-content\/uploads\/2021\/02\/cupula-bella-y-bestia.jpg\" \/>\n\t<meta property=\"og:image:width\" content=\"600\" \/>\n\t<meta property=\"og:image:height\" content=\"800\" \/>\n\t<meta property=\"og:image:type\" content=\"image\/jpeg\" \/>\n<meta name=\"twitter:card\" content=\"summary_large_image\" \/>\n<!-- \/ Yoast SEO plugin. -->","yoast_head_json":{"title":"Die Sch\u00f6ne und das Biest Kuppel - Sonderausgabe - Rosa Eterna","robots":{"index":"index","follow":"follow","max-snippet":"max-snippet:-1","max-image-preview":"max-image-preview:large","max-video-preview":"max-video-preview:-1"},"canonical":"https:\/\/rosaeterna.online\/de\/p\/die-schone-und-das-biest-kuppel-sonderedition\/","og_locale":"de_DE","og_type":"article","og_title":"Die Sch\u00f6ne und das Biest Kuppel - Sonderausgabe - Rosa Eterna","og_description":"Die originelle verzauberte Rose von Die Sch\u00f6ne und das Biest mit LED-Lichtern an ihrem Sockel ist hier, um zu bleiben. W\u00e4hle die Farbe, die dir am besten gef\u00e4llt, und voil\u00e0, schon steht sie in deiner Lieblingsecke, ah... nutze unseren GRATIS-Versand.","og_url":"https:\/\/rosaeterna.online\/de\/p\/die-schone-und-das-biest-kuppel-sonderedition\/","og_site_name":"Rosa Eterna","article_modified_time":"2024-10-16T02:55:09+00:00","og_image":[{"width":600,"height":800,"url":"https:\/\/rosaeterna.online\/wp-content\/uploads\/2021\/02\/cupula-bella-y-bestia.jpg","type":"image\/jpeg"}],"twitter_card":"summary_large_image","schema":{"@context":"https:\/\/schema.org","@graph":[{"@type":"WebPage","@id":"https:\/\/rosaeterna.online\/de\/p\/die-schone-und-das-biest-kuppel-sonderedition\/","url":"https:\/\/rosaeterna.online\/de\/p\/die-schone-und-das-biest-kuppel-sonderedition\/","name":"Die Sch\u00f6ne und das Biest Kuppel - Sonderausgabe - Rosa Eterna","isPartOf":{"@id":"https:\/\/rosaeterna.online\/de\/#website"},"primaryImageOfPage":{"@id":"https:\/\/rosaeterna.online\/de\/p\/die-schone-und-das-biest-kuppel-sonderedition\/#primaryimage"},"image":{"@id":"https:\/\/rosaeterna.online\/de\/p\/die-schone-und-das-biest-kuppel-sonderedition\/#primaryimage"},"thumbnailUrl":"https:\/\/rosaeterna.online\/wp-content\/uploads\/2021\/02\/cupula-bella-y-bestia.jpg","datePublished":"2021-02-09T22:39:01+00:00","dateModified":"2024-10-16T02:55:09+00:00","breadcrumb":{"@id":"https:\/\/rosaeterna.online\/de\/p\/die-schone-und-das-biest-kuppel-sonderedition\/#breadcrumb"},"inLanguage":"de","potentialAction":[{"@type":"ReadAction","target":["https:\/\/rosaeterna.online\/de\/p\/die-schone-und-das-biest-kuppel-sonderedition\/"]}]},{"@type":"ImageObject","inLanguage":"de","@id":"https:\/\/rosaeterna.online\/de\/p\/die-schone-und-das-biest-kuppel-sonderedition\/#primaryimage","url":"https:\/\/rosaeterna.online\/wp-content\/uploads\/2021\/02\/cupula-bella-y-bestia.jpg","contentUrl":"https:\/\/rosaeterna.online\/wp-content\/uploads\/2021\/02\/cupula-bella-y-bestia.jpg","width":600,"height":800,"caption":"Die Sch\u00f6ne und das Biest Kuppel"},{"@type":"BreadcrumbList","@id":"https:\/\/rosaeterna.online\/de\/p\/die-schone-und-das-biest-kuppel-sonderedition\/#breadcrumb","itemListElement":[{"@type":"ListItem","position":1,"name":"Portada","item":"https:\/\/rosaeterna.online\/de\/"},{"@type":"ListItem","position":2,"name":"Produkte","item":"https:\/\/rosaeterna.online\/de\/produkte\/"},{"@type":"ListItem","position":3,"name":"Die Sch\u00f6ne und das Biest Kuppel &#8211; Sonderausgabe"}]},{"@type":"WebSite","@id":"https:\/\/rosaeterna.online\/de\/#website","url":"https:\/\/rosaeterna.online\/de\/","name":"Rosa Eterna","description":"Haz que dure","potentialAction":[{"@type":"SearchAction","target":{"@type":"EntryPoint","urlTemplate":"https:\/\/rosaeterna.online\/de\/?s={search_term_string}"},"query-input":{"@type":"PropertyValueSpecification","valueRequired":true,"valueName":"search_term_string"}}],"inLanguage":"de"}]}},"uagb_featured_image_src":{"full":["https:\/\/rosaeterna.online\/wp-content\/uploads\/2021\/02\/cupula-bella-y-bestia.jpg",600,800,false],"thumbnail":["https:\/\/rosaeterna.online\/wp-content\/uploads\/2021\/02\/cupula-bella-y-bestia-150x150.jpg",150,150,true],"medium":["https:\/\/rosaeterna.online\/wp-content\/uploads\/2021\/02\/cupula-bella-y-bestia-225x300.jpg",225,300,true],"medium_large":["https:\/\/rosaeterna.online\/wp-content\/uploads\/2021\/02\/cupula-bella-y-bestia.jpg",600,800,false],"large":["https:\/\/rosaeterna.online\/wp-content\/uploads\/2021\/02\/cupula-bella-y-bestia.jpg",600,800,false],"1536x1536":["https:\/\/rosaeterna.online\/wp-content\/uploads\/2021\/02\/cupula-bella-y-bestia.jpg",600,800,false],"2048x2048":["https:\/\/rosaeterna.online\/wp-content\/uploads\/2021\/02\/cupula-bella-y-bestia.jpg",600,800,false],"blog-isotope":["https:\/\/rosaeterna.online\/wp-content\/uploads\/2021\/02\/cupula-bella-y-bestia.jpg",375,500,false],"woocommerce_thumbnail":["https:\/\/rosaeterna.online\/wp-content\/uploads\/2021\/02\/cupula-bella-y-bestia-350x435.jpg",350,435,true],"woocommerce_single":["https:\/\/rosaeterna.online\/wp-content\/uploads\/2021\/02\/cupula-bella-y-bestia.jpg",600,800,false],"woocommerce_gallery_thumbnail":["https:\/\/rosaeterna.online\/wp-content\/uploads\/2021\/02\/cupula-bella-y-bestia-100x100.jpg",100,100,true],"eh_logo_image_size":["https:\/\/rosaeterna.online\/wp-content\/uploads\/2021\/02\/cupula-bella-y-bestia.jpg",68,90,false],"eh_header_image_size":["https:\/\/rosaeterna.online\/wp-content\/uploads\/2021\/02\/cupula-bella-y-bestia.jpg",68,90,false],"wcpr-photo-reviews":["https:\/\/rosaeterna.online\/wp-content\/uploads\/2021\/02\/cupula-bella-y-bestia.jpg",375,500,false]},"uagb_author_info":{"display_name":"Patricia Mart\u00edn","author_link":"https:\/\/rosaeterna.online\/de"},"uagb_comment_info":0,"uagb_excerpt":"Die originelle verzauberte Rose von Die Sch\u00f6ne und das Biest mit LED-Lichtern an ihrem Sockel ist hier, um zu bleiben. W\u00e4hle die Farbe, die dir am besten gef\u00e4llt, und voil\u00e0, schon steht sie in deiner Lieblingsecke, ah... nutze unseren GRATIS-Versand.","_links":{"self":[{"href":"https:\/\/rosaeterna.online\/de\/wp-json\/wp\/v2\/product\/16173","targetHints":{"allow":["GET"]}}],"collection":[{"href":"https:\/\/rosaeterna.online\/de\/wp-json\/wp\/v2\/product"}],"about":[{"href":"https:\/\/rosaeterna.online\/de\/wp-json\/wp\/v2\/types\/product"}],"replies":[{"embeddable":true,"href":"https:\/\/rosaeterna.online\/de\/wp-json\/wp\/v2\/comments?post=16173"}],"wp:featuredmedia":[{"embeddable":true,"href":"https:\/\/rosaeterna.online\/de\/wp-json\/wp\/v2\/media\/9952"}],"wp:attachment":[{"href":"https:\/\/rosaeterna.online\/de\/wp-json\/wp\/v2\/media?parent=16173"}],"wp:term":[{"taxonomy":"product_brand","embeddable":true,"href":"https:\/\/rosaeterna.online\/de\/wp-json\/wp\/v2\/product_brand?post=16173"},{"taxonomy":"product_cat","embeddable":true,"href":"https:\/\/rosaeterna.online\/de\/wp-json\/wp\/v2\/product_cat?post=16173"},{"taxonomy":"product_tag","embeddable":true,"href":"https:\/\/rosaeterna.online\/de\/wp-json\/wp\/v2\/product_tag?post=16173"}],"curies":[{"name":"wp","href":"https:\/\/api.w.org\/{rel}","templated":true}]}}