{"id":16171,"date":"2021-01-31T20:06:34","date_gmt":"2021-01-31T20:06:34","guid":{"rendered":"https:\/\/rosaeterna.online\/producto\/rose-in-langer-box\/"},"modified":"2024-10-17T03:34:52","modified_gmt":"2024-10-17T03:34:52","slug":"rose-in-langer-box","status":"publish","type":"product","link":"https:\/\/rosaeterna.online\/de\/p\/rose-in-langer-box\/","title":{"rendered":"Rose in langer Schachtel"},"content":{"rendered":"<p>Wenn du eine <a href=\"https:\/\/rosaeterna.online\/de\/\"><strong>eine ewige Rose verschenken willst<\/strong><\/a> in einer coolen Box verschenken willst, ist diese Box die beste Wahl. Sie ist eine der meistverkauften Boxen, weil sie so einfach und preiswert ist.<br \/>\nWenn du Fragen hast, kannst du uns kontaktieren und wir werden uns so schnell wie m\u00f6glich bei dir melden \ud83d\ude42 <\/p>\n","protected":false},"excerpt":{"rendered":"<p>Entdecke unsere individuelle, l\u00e4ngliche Rosenbox, w\u00e4hle die Farbe, die dir gef\u00e4llt, und nutze unseren <strong>KOSTENLOSEN Versand.<\/strong><\/p>\n","protected":false},"featured_media":9854,"comment_status":"closed","ping_status":"closed","template":"","meta":{"_uag_custom_page_level_css":"","_joinchat":[]},"product_brand":[],"product_cat":[82,117],"product_tag":[],"class_list":{"0":"post-16171","1":"product","2":"type-product","3":"status-publish","4":"has-post-thumbnail","6":"product_cat-konservierte-rosen-mit-stiel","7":"product_cat-rosenbox","9":"first","10":"outofstock","11":"taxable","12":"shipping-taxable","13":"purchasable","14":"product-type-variable","15":"add-to-wishlist-after_add_to_cart"},"yoast_head":"<!-- This site is optimized with the Yoast SEO plugin v25.0 - https:\/\/yoast.com\/wordpress\/plugins\/seo\/ -->\n<title>Rose in langer Schachtel - Rosa Eterna<\/title>\n<meta name=\"robots\" content=\"index, follow, max-snippet:-1, max-image-preview:large, max-video-preview:-1\" \/>\n<link rel=\"canonical\" href=\"https:\/\/rosaeterna.online\/de\/p\/rose-in-langer-box\/\" \/>\n<meta property=\"og:locale\" content=\"de_DE\" \/>\n<meta property=\"og:type\" content=\"article\" \/>\n<meta property=\"og:title\" content=\"Rose in langer Schachtel - Rosa Eterna\" \/>\n<meta property=\"og:description\" content=\"Entdecke unsere individuelle, l\u00e4ngliche Rosenbox, w\u00e4hle die Farbe, die dir gef\u00e4llt, und nutze unseren KOSTENLOSEN Versand.\" \/>\n<meta property=\"og:url\" content=\"https:\/\/rosaeterna.online\/de\/p\/rose-in-langer-box\/\" \/>\n<meta property=\"og:site_name\" content=\"Rosa Eterna\" \/>\n<meta property=\"article:modified_time\" content=\"2024-10-17T03:34:52+00:00\" \/>\n<meta property=\"og:image\" content=\"https:\/\/rosaeterna.online\/wp-content\/uploads\/2021\/01\/caja-rosa-unitaria.jpg\" \/>\n\t<meta property=\"og:image:width\" content=\"450\" \/>\n\t<meta property=\"og:image:height\" content=\"600\" \/>\n\t<meta property=\"og:image:type\" content=\"image\/jpeg\" \/>\n<meta name=\"twitter:card\" content=\"summary_large_image\" \/>\n<!-- \/ Yoast SEO plugin. -->","yoast_head_json":{"title":"Rose in langer Schachtel - Rosa Eterna","robots":{"index":"index","follow":"follow","max-snippet":"max-snippet:-1","max-image-preview":"max-image-preview:large","max-video-preview":"max-video-preview:-1"},"canonical":"https:\/\/rosaeterna.online\/de\/p\/rose-in-langer-box\/","og_locale":"de_DE","og_type":"article","og_title":"Rose in langer Schachtel - Rosa Eterna","og_description":"Entdecke unsere individuelle, l\u00e4ngliche Rosenbox, w\u00e4hle die Farbe, die dir gef\u00e4llt, und nutze unseren KOSTENLOSEN Versand.","og_url":"https:\/\/rosaeterna.online\/de\/p\/rose-in-langer-box\/","og_site_name":"Rosa Eterna","article_modified_time":"2024-10-17T03:34:52+00:00","og_image":[{"width":450,"height":600,"url":"https:\/\/rosaeterna.online\/wp-content\/uploads\/2021\/01\/caja-rosa-unitaria.jpg","type":"image\/jpeg"}],"twitter_card":"summary_large_image","schema":{"@context":"https:\/\/schema.org","@graph":[{"@type":"WebPage","@id":"https:\/\/rosaeterna.online\/de\/p\/rose-in-langer-box\/","url":"https:\/\/rosaeterna.online\/de\/p\/rose-in-langer-box\/","name":"Rose in langer Schachtel - Rosa Eterna","isPartOf":{"@id":"https:\/\/rosaeterna.online\/de\/#website"},"primaryImageOfPage":{"@id":"https:\/\/rosaeterna.online\/de\/p\/rose-in-langer-box\/#primaryimage"},"image":{"@id":"https:\/\/rosaeterna.online\/de\/p\/rose-in-langer-box\/#primaryimage"},"thumbnailUrl":"https:\/\/rosaeterna.online\/wp-content\/uploads\/2021\/01\/caja-rosa-unitaria.jpg","datePublished":"2021-01-31T20:06:34+00:00","dateModified":"2024-10-17T03:34:52+00:00","breadcrumb":{"@id":"https:\/\/rosaeterna.online\/de\/p\/rose-in-langer-box\/#breadcrumb"},"inLanguage":"de","potentialAction":[{"@type":"ReadAction","target":["https:\/\/rosaeterna.online\/de\/p\/rose-in-langer-box\/"]}]},{"@type":"ImageObject","inLanguage":"de","@id":"https:\/\/rosaeterna.online\/de\/p\/rose-in-langer-box\/#primaryimage","url":"https:\/\/rosaeterna.online\/wp-content\/uploads\/2021\/01\/caja-rosa-unitaria.jpg","contentUrl":"https:\/\/rosaeterna.online\/wp-content\/uploads\/2021\/01\/caja-rosa-unitaria.jpg","width":450,"height":600,"caption":"einzelne Schachtel mit Rosen"},{"@type":"BreadcrumbList","@id":"https:\/\/rosaeterna.online\/de\/p\/rose-in-langer-box\/#breadcrumb","itemListElement":[{"@type":"ListItem","position":1,"name":"Portada","item":"https:\/\/rosaeterna.online\/de\/"},{"@type":"ListItem","position":2,"name":"Produkte","item":"https:\/\/rosaeterna.online\/de\/produkte\/"},{"@type":"ListItem","position":3,"name":"Rose in langer Schachtel"}]},{"@type":"WebSite","@id":"https:\/\/rosaeterna.online\/de\/#website","url":"https:\/\/rosaeterna.online\/de\/","name":"Rosa Eterna","description":"Haz que dure","potentialAction":[{"@type":"SearchAction","target":{"@type":"EntryPoint","urlTemplate":"https:\/\/rosaeterna.online\/de\/?s={search_term_string}"},"query-input":{"@type":"PropertyValueSpecification","valueRequired":true,"valueName":"search_term_string"}}],"inLanguage":"de"}]}},"uagb_featured_image_src":{"full":["https:\/\/rosaeterna.online\/wp-content\/uploads\/2021\/01\/caja-rosa-unitaria.jpg",450,600,false],"thumbnail":["https:\/\/rosaeterna.online\/wp-content\/uploads\/2021\/01\/caja-rosa-unitaria-150x150.jpg",150,150,true],"medium":["https:\/\/rosaeterna.online\/wp-content\/uploads\/2021\/01\/caja-rosa-unitaria-225x300.jpg",225,300,true],"medium_large":["https:\/\/rosaeterna.online\/wp-content\/uploads\/2021\/01\/caja-rosa-unitaria.jpg",450,600,false],"large":["https:\/\/rosaeterna.online\/wp-content\/uploads\/2021\/01\/caja-rosa-unitaria.jpg",450,600,false],"1536x1536":["https:\/\/rosaeterna.online\/wp-content\/uploads\/2021\/01\/caja-rosa-unitaria.jpg",450,600,false],"2048x2048":["https:\/\/rosaeterna.online\/wp-content\/uploads\/2021\/01\/caja-rosa-unitaria.jpg",450,600,false],"blog-isotope":["https:\/\/rosaeterna.online\/wp-content\/uploads\/2021\/01\/caja-rosa-unitaria.jpg",375,500,false],"woocommerce_thumbnail":["https:\/\/rosaeterna.online\/wp-content\/uploads\/2021\/01\/caja-rosa-unitaria-350x435.jpg",350,435,true],"woocommerce_single":["https:\/\/rosaeterna.online\/wp-content\/uploads\/2021\/01\/caja-rosa-unitaria.jpg",450,600,false],"woocommerce_gallery_thumbnail":["https:\/\/rosaeterna.online\/wp-content\/uploads\/2021\/01\/caja-rosa-unitaria-100x100.jpg",100,100,true],"eh_logo_image_size":["https:\/\/rosaeterna.online\/wp-content\/uploads\/2021\/01\/caja-rosa-unitaria.jpg",68,90,false],"eh_header_image_size":["https:\/\/rosaeterna.online\/wp-content\/uploads\/2021\/01\/caja-rosa-unitaria.jpg",68,90,false],"wcpr-photo-reviews":["https:\/\/rosaeterna.online\/wp-content\/uploads\/2021\/01\/caja-rosa-unitaria.jpg",375,500,false]},"uagb_author_info":{"display_name":"Fran","author_link":"https:\/\/rosaeterna.online\/de"},"uagb_comment_info":0,"uagb_excerpt":"Entdecke unsere individuelle, l\u00e4ngliche Rosenbox, w\u00e4hle die Farbe, die dir gef\u00e4llt, und nutze unseren KOSTENLOSEN Versand.","_links":{"self":[{"href":"https:\/\/rosaeterna.online\/de\/wp-json\/wp\/v2\/product\/16171","targetHints":{"allow":["GET"]}}],"collection":[{"href":"https:\/\/rosaeterna.online\/de\/wp-json\/wp\/v2\/product"}],"about":[{"href":"https:\/\/rosaeterna.online\/de\/wp-json\/wp\/v2\/types\/product"}],"replies":[{"embeddable":true,"href":"https:\/\/rosaeterna.online\/de\/wp-json\/wp\/v2\/comments?post=16171"}],"wp:featuredmedia":[{"embeddable":true,"href":"https:\/\/rosaeterna.online\/de\/wp-json\/wp\/v2\/media\/9854"}],"wp:attachment":[{"href":"https:\/\/rosaeterna.online\/de\/wp-json\/wp\/v2\/media?parent=16171"}],"wp:term":[{"taxonomy":"product_brand","embeddable":true,"href":"https:\/\/rosaeterna.online\/de\/wp-json\/wp\/v2\/product_brand?post=16171"},{"taxonomy":"product_cat","embeddable":true,"href":"https:\/\/rosaeterna.online\/de\/wp-json\/wp\/v2\/product_cat?post=16171"},{"taxonomy":"product_tag","embeddable":true,"href":"https:\/\/rosaeterna.online\/de\/wp-json\/wp\/v2\/product_tag?post=16171"}],"curies":[{"name":"wp","href":"https:\/\/api.w.org\/{rel}","templated":true}]}}