{"id":16149,"date":"2021-02-09T21:29:37","date_gmt":"2021-02-09T21:29:37","guid":{"rendered":"https:\/\/rosaeterna.online\/producto\/straus-heart\/"},"modified":"2025-11-02T13:01:32","modified_gmt":"2025-11-02T13:01:32","slug":"straus-heart","status":"publish","type":"product","link":"https:\/\/rosaeterna.online\/de\/p\/straus-heart\/","title":{"rendered":"Herz Blumenstrau\u00df"},"content":{"rendered":"<p>Ein ganz besonderer <a href=\"https:\/\/rosaeterna.online\/tipo\/ramo-flores-preservadas\/\">konservierter Strau\u00df<\/a>, mit einer konservierten Blume als Protagonist, umgeben von Mini-Paniculata und konserviertem Spargel.<\/p>\n","protected":false},"excerpt":{"rendered":"<p>Schenke ihr diesen wundersch\u00f6nen konservierten Strau\u00df, um deine ewige Liebe zu besiegeln.<br \/>\nProfitiere von unserem <strong>GRATIS-Versand<\/strong> <\/p>\n","protected":false},"featured_media":9896,"comment_status":"closed","ping_status":"closed","template":"","meta":{"_uag_custom_page_level_css":"","_joinchat":[]},"product_brand":[],"product_cat":[242,241,103],"product_tag":[],"class_list":{"0":"post-16149","1":"product","2":"type-product","3":"status-publish","4":"has-post-thumbnail","6":"product_cat-eingemachte-brautstrause","7":"product_cat-hochzeiten","8":"product_cat-konservierte-strause","10":"first","11":"instock","12":"taxable","13":"shipping-taxable","14":"purchasable","15":"product-type-simple","16":"add-to-wishlist-after_add_to_cart"},"yoast_head":"<!-- This site is optimized with the Yoast SEO plugin v25.0 - https:\/\/yoast.com\/wordpress\/plugins\/seo\/ -->\n<title>Herz Blumenstrau\u00df - Rosa Eterna<\/title>\n<meta name=\"robots\" content=\"index, follow, max-snippet:-1, max-image-preview:large, max-video-preview:-1\" \/>\n<link rel=\"canonical\" href=\"https:\/\/rosaeterna.online\/de\/p\/straus-heart\/\" \/>\n<meta property=\"og:locale\" content=\"de_DE\" \/>\n<meta property=\"og:type\" content=\"article\" \/>\n<meta property=\"og:title\" content=\"Herz Blumenstrau\u00df - Rosa Eterna\" \/>\n<meta property=\"og:description\" content=\"Schenke ihr diesen wundersch\u00f6nen konservierten Strau\u00df, um deine ewige Liebe zu besiegeln. Profitiere von unserem GRATIS-Versand\" \/>\n<meta property=\"og:url\" content=\"https:\/\/rosaeterna.online\/de\/p\/straus-heart\/\" \/>\n<meta property=\"og:site_name\" content=\"Rosa Eterna\" \/>\n<meta property=\"article:modified_time\" content=\"2025-11-02T13:01:32+00:00\" \/>\n<meta property=\"og:image\" content=\"https:\/\/rosaeterna.online\/wp-content\/uploads\/2021\/02\/Ramo-Rosa-Preservada.jpg\" \/>\n\t<meta property=\"og:image:width\" content=\"600\" \/>\n\t<meta property=\"og:image:height\" content=\"800\" \/>\n\t<meta property=\"og:image:type\" content=\"image\/jpeg\" \/>\n<meta name=\"twitter:card\" content=\"summary_large_image\" \/>\n<!-- \/ Yoast SEO plugin. -->","yoast_head_json":{"title":"Herz Blumenstrau\u00df - Rosa Eterna","robots":{"index":"index","follow":"follow","max-snippet":"max-snippet:-1","max-image-preview":"max-image-preview:large","max-video-preview":"max-video-preview:-1"},"canonical":"https:\/\/rosaeterna.online\/de\/p\/straus-heart\/","og_locale":"de_DE","og_type":"article","og_title":"Herz Blumenstrau\u00df - Rosa Eterna","og_description":"Schenke ihr diesen wundersch\u00f6nen konservierten Strau\u00df, um deine ewige Liebe zu besiegeln. Profitiere von unserem GRATIS-Versand","og_url":"https:\/\/rosaeterna.online\/de\/p\/straus-heart\/","og_site_name":"Rosa Eterna","article_modified_time":"2025-11-02T13:01:32+00:00","og_image":[{"width":600,"height":800,"url":"https:\/\/rosaeterna.online\/wp-content\/uploads\/2021\/02\/Ramo-Rosa-Preservada.jpg","type":"image\/jpeg"}],"twitter_card":"summary_large_image","schema":{"@context":"https:\/\/schema.org","@graph":[{"@type":"WebPage","@id":"https:\/\/rosaeterna.online\/de\/p\/straus-heart\/","url":"https:\/\/rosaeterna.online\/de\/p\/straus-heart\/","name":"Herz Blumenstrau\u00df - Rosa Eterna","isPartOf":{"@id":"https:\/\/rosaeterna.online\/de\/#website"},"primaryImageOfPage":{"@id":"https:\/\/rosaeterna.online\/de\/p\/straus-heart\/#primaryimage"},"image":{"@id":"https:\/\/rosaeterna.online\/de\/p\/straus-heart\/#primaryimage"},"thumbnailUrl":"https:\/\/rosaeterna.online\/wp-content\/uploads\/2021\/02\/Ramo-Rosa-Preservada.jpg","datePublished":"2021-02-09T21:29:37+00:00","dateModified":"2025-11-02T13:01:32+00:00","breadcrumb":{"@id":"https:\/\/rosaeterna.online\/de\/p\/straus-heart\/#breadcrumb"},"inLanguage":"de","potentialAction":[{"@type":"ReadAction","target":["https:\/\/rosaeterna.online\/de\/p\/straus-heart\/"]}]},{"@type":"ImageObject","inLanguage":"de","@id":"https:\/\/rosaeterna.online\/de\/p\/straus-heart\/#primaryimage","url":"https:\/\/rosaeterna.online\/wp-content\/uploads\/2021\/02\/Ramo-Rosa-Preservada.jpg","contentUrl":"https:\/\/rosaeterna.online\/wp-content\/uploads\/2021\/02\/Ramo-Rosa-Preservada.jpg","width":600,"height":800,"caption":"Strau\u00df reservierte Rose"},{"@type":"BreadcrumbList","@id":"https:\/\/rosaeterna.online\/de\/p\/straus-heart\/#breadcrumb","itemListElement":[{"@type":"ListItem","position":1,"name":"Portada","item":"https:\/\/rosaeterna.online\/de\/"},{"@type":"ListItem","position":2,"name":"Produkte","item":"https:\/\/rosaeterna.online\/de\/produkte\/"},{"@type":"ListItem","position":3,"name":"Herz Blumenstrau\u00df"}]},{"@type":"WebSite","@id":"https:\/\/rosaeterna.online\/de\/#website","url":"https:\/\/rosaeterna.online\/de\/","name":"Rosa Eterna","description":"Haz que dure","potentialAction":[{"@type":"SearchAction","target":{"@type":"EntryPoint","urlTemplate":"https:\/\/rosaeterna.online\/de\/?s={search_term_string}"},"query-input":{"@type":"PropertyValueSpecification","valueRequired":true,"valueName":"search_term_string"}}],"inLanguage":"de"}]}},"uagb_featured_image_src":{"full":["https:\/\/rosaeterna.online\/wp-content\/uploads\/2021\/02\/Ramo-Rosa-Preservada.jpg",600,800,false],"thumbnail":["https:\/\/rosaeterna.online\/wp-content\/uploads\/2021\/02\/Ramo-Rosa-Preservada-150x150.jpg",150,150,true],"medium":["https:\/\/rosaeterna.online\/wp-content\/uploads\/2021\/02\/Ramo-Rosa-Preservada-225x300.jpg",225,300,true],"medium_large":["https:\/\/rosaeterna.online\/wp-content\/uploads\/2021\/02\/Ramo-Rosa-Preservada.jpg",600,800,false],"large":["https:\/\/rosaeterna.online\/wp-content\/uploads\/2021\/02\/Ramo-Rosa-Preservada.jpg",600,800,false],"1536x1536":["https:\/\/rosaeterna.online\/wp-content\/uploads\/2021\/02\/Ramo-Rosa-Preservada.jpg",600,800,false],"2048x2048":["https:\/\/rosaeterna.online\/wp-content\/uploads\/2021\/02\/Ramo-Rosa-Preservada.jpg",600,800,false],"blog-isotope":["https:\/\/rosaeterna.online\/wp-content\/uploads\/2021\/02\/Ramo-Rosa-Preservada.jpg",375,500,false],"woocommerce_thumbnail":["https:\/\/rosaeterna.online\/wp-content\/uploads\/2021\/02\/Ramo-Rosa-Preservada-350x435.jpg",350,435,true],"woocommerce_single":["https:\/\/rosaeterna.online\/wp-content\/uploads\/2021\/02\/Ramo-Rosa-Preservada.jpg",600,800,false],"woocommerce_gallery_thumbnail":["https:\/\/rosaeterna.online\/wp-content\/uploads\/2021\/02\/Ramo-Rosa-Preservada-100x100.jpg",100,100,true],"eh_logo_image_size":["https:\/\/rosaeterna.online\/wp-content\/uploads\/2021\/02\/Ramo-Rosa-Preservada.jpg",68,90,false],"eh_header_image_size":["https:\/\/rosaeterna.online\/wp-content\/uploads\/2021\/02\/Ramo-Rosa-Preservada.jpg",68,90,false],"wcpr-photo-reviews":["https:\/\/rosaeterna.online\/wp-content\/uploads\/2021\/02\/Ramo-Rosa-Preservada.jpg",375,500,false]},"uagb_author_info":{"display_name":"Patricia Mart\u00edn","author_link":"https:\/\/rosaeterna.online\/de"},"uagb_comment_info":0,"uagb_excerpt":"Schenke ihr diesen wundersch\u00f6nen konservierten Strau\u00df, um deine ewige Liebe zu besiegeln. Profitiere von unserem GRATIS-Versand","_links":{"self":[{"href":"https:\/\/rosaeterna.online\/de\/wp-json\/wp\/v2\/product\/16149","targetHints":{"allow":["GET"]}}],"collection":[{"href":"https:\/\/rosaeterna.online\/de\/wp-json\/wp\/v2\/product"}],"about":[{"href":"https:\/\/rosaeterna.online\/de\/wp-json\/wp\/v2\/types\/product"}],"replies":[{"embeddable":true,"href":"https:\/\/rosaeterna.online\/de\/wp-json\/wp\/v2\/comments?post=16149"}],"wp:featuredmedia":[{"embeddable":true,"href":"https:\/\/rosaeterna.online\/de\/wp-json\/wp\/v2\/media\/9896"}],"wp:attachment":[{"href":"https:\/\/rosaeterna.online\/de\/wp-json\/wp\/v2\/media?parent=16149"}],"wp:term":[{"taxonomy":"product_brand","embeddable":true,"href":"https:\/\/rosaeterna.online\/de\/wp-json\/wp\/v2\/product_brand?post=16149"},{"taxonomy":"product_cat","embeddable":true,"href":"https:\/\/rosaeterna.online\/de\/wp-json\/wp\/v2\/product_cat?post=16149"},{"taxonomy":"product_tag","embeddable":true,"href":"https:\/\/rosaeterna.online\/de\/wp-json\/wp\/v2\/product_tag?post=16149"}],"curies":[{"name":"wp","href":"https:\/\/api.w.org\/{rel}","templated":true}]}}