{"id":16113,"date":"2021-01-31T19:51:05","date_gmt":"2021-01-31T19:51:05","guid":{"rendered":"https:\/\/rosaeterna.online\/producto\/individueller-rosenstraus\/"},"modified":"2024-10-17T04:06:12","modified_gmt":"2024-10-17T04:06:12","slug":"individueller-rosenstraus","status":"publish","type":"product","link":"https:\/\/rosaeterna.online\/de\/p\/individueller-rosenstraus\/","title":{"rendered":"Individueller Rosenstrau\u00df"},"content":{"rendered":"<p>Ein Strau\u00df, der kein Strau\u00df ist, klingt seltsam, nicht wahr? Nun, das ist unser individueller Strau\u00df. Eine originelle Art, eine <a href=\"https:\/\/rosaeterna.online\/de\/\"><strong>ewige Rose<\/strong><\/a> zu einem unschlagbaren Preis zu verschenken.<\/p>\n<p>Nutzen Sie den kostenlosen Versand und wenn Sie Fragen haben, wenden Sie sich per WhatsApp oder \u00fcber das Kontaktformular an uns.<\/p>\n","protected":false},"excerpt":{"rendered":"<p>Die etwas andere Art, eine Rose zu verschenken \ud83d\ude42<\/p>\n","protected":false},"featured_media":9875,"comment_status":"closed","ping_status":"closed","template":"","meta":{"_uag_custom_page_level_css":"","_joinchat":[]},"product_brand":[],"product_cat":[82,103,110],"product_tag":[],"class_list":{"0":"post-16113","1":"product","2":"type-product","3":"status-publish","4":"has-post-thumbnail","6":"product_cat-konservierte-rosen-mit-stiel","7":"product_cat-konservierte-strause","8":"product_cat-straeusse-aus-ewigen-rosen","10":"first","11":"instock","12":"taxable","13":"shipping-taxable","14":"purchasable","15":"product-type-variable","16":"add-to-wishlist-after_add_to_cart"},"yoast_head":"<!-- This site is optimized with the Yoast SEO plugin v25.0 - https:\/\/yoast.com\/wordpress\/plugins\/seo\/ -->\n<title>Individueller Rosenstrau\u00df - Rosa Eterna<\/title>\n<meta name=\"robots\" content=\"index, follow, max-snippet:-1, max-image-preview:large, max-video-preview:-1\" \/>\n<link rel=\"canonical\" href=\"https:\/\/rosaeterna.online\/de\/p\/individueller-rosenstraus\/\" \/>\n<meta property=\"og:locale\" content=\"de_DE\" \/>\n<meta property=\"og:type\" content=\"article\" \/>\n<meta property=\"og:title\" content=\"Individueller Rosenstrau\u00df - Rosa Eterna\" \/>\n<meta property=\"og:description\" content=\"Die etwas andere Art, eine Rose zu verschenken :)\" \/>\n<meta property=\"og:url\" content=\"https:\/\/rosaeterna.online\/de\/p\/individueller-rosenstraus\/\" \/>\n<meta property=\"og:site_name\" content=\"Rosa Eterna\" \/>\n<meta property=\"article:modified_time\" content=\"2024-10-17T04:06:12+00:00\" \/>\n<meta property=\"og:image\" content=\"https:\/\/rosaeterna.online\/wp-content\/uploads\/2021\/01\/ramo-rosa-eterna-simple.jpg\" \/>\n\t<meta property=\"og:image:width\" content=\"450\" \/>\n\t<meta property=\"og:image:height\" content=\"600\" \/>\n\t<meta property=\"og:image:type\" content=\"image\/jpeg\" \/>\n<meta name=\"twitter:card\" content=\"summary_large_image\" \/>\n<!-- \/ Yoast SEO plugin. -->","yoast_head_json":{"title":"Individueller Rosenstrau\u00df - Rosa Eterna","robots":{"index":"index","follow":"follow","max-snippet":"max-snippet:-1","max-image-preview":"max-image-preview:large","max-video-preview":"max-video-preview:-1"},"canonical":"https:\/\/rosaeterna.online\/de\/p\/individueller-rosenstraus\/","og_locale":"de_DE","og_type":"article","og_title":"Individueller Rosenstrau\u00df - Rosa Eterna","og_description":"Die etwas andere Art, eine Rose zu verschenken :)","og_url":"https:\/\/rosaeterna.online\/de\/p\/individueller-rosenstraus\/","og_site_name":"Rosa Eterna","article_modified_time":"2024-10-17T04:06:12+00:00","og_image":[{"width":450,"height":600,"url":"https:\/\/rosaeterna.online\/wp-content\/uploads\/2021\/01\/ramo-rosa-eterna-simple.jpg","type":"image\/jpeg"}],"twitter_card":"summary_large_image","schema":{"@context":"https:\/\/schema.org","@graph":[{"@type":"WebPage","@id":"https:\/\/rosaeterna.online\/de\/p\/individueller-rosenstraus\/","url":"https:\/\/rosaeterna.online\/de\/p\/individueller-rosenstraus\/","name":"Individueller Rosenstrau\u00df - Rosa Eterna","isPartOf":{"@id":"https:\/\/rosaeterna.online\/de\/#website"},"primaryImageOfPage":{"@id":"https:\/\/rosaeterna.online\/de\/p\/individueller-rosenstraus\/#primaryimage"},"image":{"@id":"https:\/\/rosaeterna.online\/de\/p\/individueller-rosenstraus\/#primaryimage"},"thumbnailUrl":"https:\/\/rosaeterna.online\/wp-content\/uploads\/2021\/01\/ramo-rosa-eterna-simple.jpg","datePublished":"2021-01-31T19:51:05+00:00","dateModified":"2024-10-17T04:06:12+00:00","breadcrumb":{"@id":"https:\/\/rosaeterna.online\/de\/p\/individueller-rosenstraus\/#breadcrumb"},"inLanguage":"de","potentialAction":[{"@type":"ReadAction","target":["https:\/\/rosaeterna.online\/de\/p\/individueller-rosenstraus\/"]}]},{"@type":"ImageObject","inLanguage":"de","@id":"https:\/\/rosaeterna.online\/de\/p\/individueller-rosenstraus\/#primaryimage","url":"https:\/\/rosaeterna.online\/wp-content\/uploads\/2021\/01\/ramo-rosa-eterna-simple.jpg","contentUrl":"https:\/\/rosaeterna.online\/wp-content\/uploads\/2021\/01\/ramo-rosa-eterna-simple.jpg","width":450,"height":600,"caption":"Individueller Rosenstrau\u00df"},{"@type":"BreadcrumbList","@id":"https:\/\/rosaeterna.online\/de\/p\/individueller-rosenstraus\/#breadcrumb","itemListElement":[{"@type":"ListItem","position":1,"name":"Portada","item":"https:\/\/rosaeterna.online\/de\/"},{"@type":"ListItem","position":2,"name":"Produkte","item":"https:\/\/rosaeterna.online\/de\/produkte\/"},{"@type":"ListItem","position":3,"name":"Individueller Rosenstrau\u00df"}]},{"@type":"WebSite","@id":"https:\/\/rosaeterna.online\/de\/#website","url":"https:\/\/rosaeterna.online\/de\/","name":"Rosa Eterna","description":"Haz que dure","potentialAction":[{"@type":"SearchAction","target":{"@type":"EntryPoint","urlTemplate":"https:\/\/rosaeterna.online\/de\/?s={search_term_string}"},"query-input":{"@type":"PropertyValueSpecification","valueRequired":true,"valueName":"search_term_string"}}],"inLanguage":"de"}]}},"uagb_featured_image_src":{"full":["https:\/\/rosaeterna.online\/wp-content\/uploads\/2021\/01\/ramo-rosa-eterna-simple.jpg",450,600,false],"thumbnail":["https:\/\/rosaeterna.online\/wp-content\/uploads\/2021\/01\/ramo-rosa-eterna-simple-150x150.jpg",150,150,true],"medium":["https:\/\/rosaeterna.online\/wp-content\/uploads\/2021\/01\/ramo-rosa-eterna-simple-225x300.jpg",225,300,true],"medium_large":["https:\/\/rosaeterna.online\/wp-content\/uploads\/2021\/01\/ramo-rosa-eterna-simple.jpg",450,600,false],"large":["https:\/\/rosaeterna.online\/wp-content\/uploads\/2021\/01\/ramo-rosa-eterna-simple.jpg",450,600,false],"1536x1536":["https:\/\/rosaeterna.online\/wp-content\/uploads\/2021\/01\/ramo-rosa-eterna-simple.jpg",450,600,false],"2048x2048":["https:\/\/rosaeterna.online\/wp-content\/uploads\/2021\/01\/ramo-rosa-eterna-simple.jpg",450,600,false],"blog-isotope":["https:\/\/rosaeterna.online\/wp-content\/uploads\/2021\/01\/ramo-rosa-eterna-simple.jpg",375,500,false],"woocommerce_thumbnail":["https:\/\/rosaeterna.online\/wp-content\/uploads\/2021\/01\/ramo-rosa-eterna-simple-350x435.jpg",350,435,true],"woocommerce_single":["https:\/\/rosaeterna.online\/wp-content\/uploads\/2021\/01\/ramo-rosa-eterna-simple.jpg",450,600,false],"woocommerce_gallery_thumbnail":["https:\/\/rosaeterna.online\/wp-content\/uploads\/2021\/01\/ramo-rosa-eterna-simple-100x100.jpg",100,100,true],"eh_logo_image_size":["https:\/\/rosaeterna.online\/wp-content\/uploads\/2021\/01\/ramo-rosa-eterna-simple.jpg",68,90,false],"eh_header_image_size":["https:\/\/rosaeterna.online\/wp-content\/uploads\/2021\/01\/ramo-rosa-eterna-simple.jpg",68,90,false],"wcpr-photo-reviews":["https:\/\/rosaeterna.online\/wp-content\/uploads\/2021\/01\/ramo-rosa-eterna-simple.jpg",375,500,false]},"uagb_author_info":{"display_name":"Fran","author_link":"https:\/\/rosaeterna.online\/de"},"uagb_comment_info":0,"uagb_excerpt":"Die etwas andere Art, eine Rose zu verschenken :)","_links":{"self":[{"href":"https:\/\/rosaeterna.online\/de\/wp-json\/wp\/v2\/product\/16113","targetHints":{"allow":["GET"]}}],"collection":[{"href":"https:\/\/rosaeterna.online\/de\/wp-json\/wp\/v2\/product"}],"about":[{"href":"https:\/\/rosaeterna.online\/de\/wp-json\/wp\/v2\/types\/product"}],"replies":[{"embeddable":true,"href":"https:\/\/rosaeterna.online\/de\/wp-json\/wp\/v2\/comments?post=16113"}],"wp:featuredmedia":[{"embeddable":true,"href":"https:\/\/rosaeterna.online\/de\/wp-json\/wp\/v2\/media\/9875"}],"wp:attachment":[{"href":"https:\/\/rosaeterna.online\/de\/wp-json\/wp\/v2\/media?parent=16113"}],"wp:term":[{"taxonomy":"product_brand","embeddable":true,"href":"https:\/\/rosaeterna.online\/de\/wp-json\/wp\/v2\/product_brand?post=16113"},{"taxonomy":"product_cat","embeddable":true,"href":"https:\/\/rosaeterna.online\/de\/wp-json\/wp\/v2\/product_cat?post=16113"},{"taxonomy":"product_tag","embeddable":true,"href":"https:\/\/rosaeterna.online\/de\/wp-json\/wp\/v2\/product_tag?post=16113"}],"curies":[{"name":"wp","href":"https:\/\/api.w.org\/{rel}","templated":true}]}}