{"id":16081,"date":"2020-05-22T13:47:41","date_gmt":"2020-05-22T13:47:41","guid":{"rendered":"https:\/\/rosaeterna.online\/producto\/straus-aus-konservierten-fruhlingsblumen\/"},"modified":"2024-10-17T03:59:26","modified_gmt":"2024-10-17T03:59:26","slug":"straus-aus-konservierten-fruhlingsblumen","status":"publish","type":"product","link":"https:\/\/rosaeterna.online\/de\/p\/straus-aus-konservierten-fruhlingsblumen\/","title":{"rendered":"Blumenstrau\u00df aus konservierten Blumen Fr\u00fchling"},"content":{"rendered":"<p>Ein <a href=\"https:\/\/rosaeterna.online\/tipo\/ramo-flores-preservadas\/\">Strau\u00df aus<\/a> frischen, fr\u00f6hlichen und farbenfrohen <a href=\"https:\/\/rosaeterna.online\/tipo\/ramo-flores-preservadas\/\">konservierten Blumen<\/a>.<br \/>\nEin perfekter Strau\u00df f\u00fcr jeden Anlass, wenn du jemanden \u00fcberraschen willst, eine Ecke deines Zimmers dekorieren m\u00f6chtest oder einen Strau\u00df f\u00fcr deine Hochzeit suchst?<br \/>\nHier hast du, wonach du gesucht hast.<br \/>\nM\u00f6chtest du eine andere Farbkombination?<br \/>\nFrag danach und wir stellen dir einen zeitlosen Strau\u00df nach deinem Geschmack zusammen.<br \/>\nWir bereiten ihn mit gro\u00dfer Sorgfalt vor und du erh\u00e4ltst ihn innerhalb der gew\u00e4hlten Lieferzeit.       &nbsp;<\/p>\n<p>&nbsp;<\/p>\n","protected":false},"excerpt":{"rendered":"<p>Kaufe jetzt deinen Blumenstrau\u00df aus konservierten Rosen, der bis zu 2-4 Jahre in perfektem Zustand h\u00e4lt <span style=\"color: #ff0000;\">&#8211; kostenloser<\/span><span style=\"color: #ff0000;\">Versand<\/span>!<\/p>\n","protected":false},"featured_media":9539,"comment_status":"closed","ping_status":"closed","template":"","meta":{"_uag_custom_page_level_css":"","_joinchat":[]},"product_brand":[],"product_cat":[242,241,103,110],"product_tag":[],"class_list":{"0":"post-16081","1":"product","2":"type-product","3":"status-publish","4":"has-post-thumbnail","6":"product_cat-eingemachte-brautstrause","7":"product_cat-hochzeiten","8":"product_cat-konservierte-strause","9":"product_cat-straeusse-aus-ewigen-rosen","11":"first","12":"instock","13":"taxable","14":"shipping-taxable","15":"purchasable","16":"product-type-simple","17":"add-to-wishlist-after_add_to_cart"},"yoast_head":"<!-- This site is optimized with the Yoast SEO plugin v25.0 - https:\/\/yoast.com\/wordpress\/plugins\/seo\/ -->\n<title>Eingemachter Blumenstrau\u00df Fr\u00fchling : Rosaeterna.online<\/title>\n<meta name=\"description\" content=\"Kaufe deinen konservierten Blumenstrau\u00df zum besten Preis. Damit dein Geschenk jahrelang in perfektem Zustand bleibt, bieten wir dir kostenlosen Versand!\" \/>\n<meta name=\"robots\" content=\"index, follow, max-snippet:-1, max-image-preview:large, max-video-preview:-1\" \/>\n<link rel=\"canonical\" href=\"https:\/\/rosaeterna.online\/de\/p\/straus-aus-konservierten-fruhlingsblumen\/\" \/>\n<meta property=\"og:locale\" content=\"de_DE\" \/>\n<meta property=\"og:type\" content=\"article\" \/>\n<meta property=\"og:title\" content=\"Eingemachter Blumenstrau\u00df Fr\u00fchling : Rosaeterna.online\" \/>\n<meta property=\"og:description\" content=\"Kaufe deinen konservierten Blumenstrau\u00df zum besten Preis. Damit dein Geschenk jahrelang in perfektem Zustand bleibt, bieten wir dir kostenlosen Versand!\" \/>\n<meta property=\"og:url\" content=\"https:\/\/rosaeterna.online\/de\/p\/straus-aus-konservierten-fruhlingsblumen\/\" \/>\n<meta property=\"og:site_name\" content=\"Rosa Eterna\" \/>\n<meta property=\"article:modified_time\" content=\"2024-10-17T03:59:26+00:00\" \/>\n<meta property=\"og:image\" content=\"https:\/\/rosaeterna.online\/wp-content\/uploads\/2020\/05\/ramo-de-rosas-preservadas.png\" \/>\n\t<meta property=\"og:image:width\" content=\"800\" \/>\n\t<meta property=\"og:image:height\" content=\"800\" \/>\n\t<meta property=\"og:image:type\" content=\"image\/png\" \/>\n<meta name=\"twitter:card\" content=\"summary_large_image\" \/>\n<!-- \/ Yoast SEO plugin. -->","yoast_head_json":{"title":"Eingemachter Blumenstrau\u00df Fr\u00fchling : Rosaeterna.online","description":"Kaufe deinen konservierten Blumenstrau\u00df zum besten Preis. Damit dein Geschenk jahrelang in perfektem Zustand bleibt, bieten wir dir kostenlosen Versand!","robots":{"index":"index","follow":"follow","max-snippet":"max-snippet:-1","max-image-preview":"max-image-preview:large","max-video-preview":"max-video-preview:-1"},"canonical":"https:\/\/rosaeterna.online\/de\/p\/straus-aus-konservierten-fruhlingsblumen\/","og_locale":"de_DE","og_type":"article","og_title":"Eingemachter Blumenstrau\u00df Fr\u00fchling : Rosaeterna.online","og_description":"Kaufe deinen konservierten Blumenstrau\u00df zum besten Preis. Damit dein Geschenk jahrelang in perfektem Zustand bleibt, bieten wir dir kostenlosen Versand!","og_url":"https:\/\/rosaeterna.online\/de\/p\/straus-aus-konservierten-fruhlingsblumen\/","og_site_name":"Rosa Eterna","article_modified_time":"2024-10-17T03:59:26+00:00","og_image":[{"width":800,"height":800,"url":"https:\/\/rosaeterna.online\/wp-content\/uploads\/2020\/05\/ramo-de-rosas-preservadas.png","type":"image\/png"}],"twitter_card":"summary_large_image","schema":{"@context":"https:\/\/schema.org","@graph":[{"@type":"WebPage","@id":"https:\/\/rosaeterna.online\/de\/p\/straus-aus-konservierten-fruhlingsblumen\/","url":"https:\/\/rosaeterna.online\/de\/p\/straus-aus-konservierten-fruhlingsblumen\/","name":"Eingemachter Blumenstrau\u00df Fr\u00fchling : Rosaeterna.online","isPartOf":{"@id":"https:\/\/rosaeterna.online\/de\/#website"},"primaryImageOfPage":{"@id":"https:\/\/rosaeterna.online\/de\/p\/straus-aus-konservierten-fruhlingsblumen\/#primaryimage"},"image":{"@id":"https:\/\/rosaeterna.online\/de\/p\/straus-aus-konservierten-fruhlingsblumen\/#primaryimage"},"thumbnailUrl":"https:\/\/rosaeterna.online\/wp-content\/uploads\/2020\/05\/ramo-de-rosas-preservadas.png","datePublished":"2020-05-22T13:47:41+00:00","dateModified":"2024-10-17T03:59:26+00:00","description":"Kaufe deinen konservierten Blumenstrau\u00df zum besten Preis. Damit dein Geschenk jahrelang in perfektem Zustand bleibt, bieten wir dir kostenlosen Versand!","breadcrumb":{"@id":"https:\/\/rosaeterna.online\/de\/p\/straus-aus-konservierten-fruhlingsblumen\/#breadcrumb"},"inLanguage":"de","potentialAction":[{"@type":"ReadAction","target":["https:\/\/rosaeterna.online\/de\/p\/straus-aus-konservierten-fruhlingsblumen\/"]}]},{"@type":"ImageObject","inLanguage":"de","@id":"https:\/\/rosaeterna.online\/de\/p\/straus-aus-konservierten-fruhlingsblumen\/#primaryimage","url":"https:\/\/rosaeterna.online\/wp-content\/uploads\/2020\/05\/ramo-de-rosas-preservadas.png","contentUrl":"https:\/\/rosaeterna.online\/wp-content\/uploads\/2020\/05\/ramo-de-rosas-preservadas.png","width":800,"height":800,"caption":"Strau\u00df aus konservierten Rosen"},{"@type":"BreadcrumbList","@id":"https:\/\/rosaeterna.online\/de\/p\/straus-aus-konservierten-fruhlingsblumen\/#breadcrumb","itemListElement":[{"@type":"ListItem","position":1,"name":"Portada","item":"https:\/\/rosaeterna.online\/de\/"},{"@type":"ListItem","position":2,"name":"Produkte","item":"https:\/\/rosaeterna.online\/de\/produkte\/"},{"@type":"ListItem","position":3,"name":"Blumenstrau\u00df aus konservierten Blumen Fr\u00fchling"}]},{"@type":"WebSite","@id":"https:\/\/rosaeterna.online\/de\/#website","url":"https:\/\/rosaeterna.online\/de\/","name":"Rosa Eterna","description":"Haz que dure","potentialAction":[{"@type":"SearchAction","target":{"@type":"EntryPoint","urlTemplate":"https:\/\/rosaeterna.online\/de\/?s={search_term_string}"},"query-input":{"@type":"PropertyValueSpecification","valueRequired":true,"valueName":"search_term_string"}}],"inLanguage":"de"}]}},"uagb_featured_image_src":{"full":["https:\/\/rosaeterna.online\/wp-content\/uploads\/2020\/05\/ramo-de-rosas-preservadas.png",800,800,false],"thumbnail":["https:\/\/rosaeterna.online\/wp-content\/uploads\/2020\/05\/ramo-de-rosas-preservadas-150x150.png",150,150,true],"medium":["https:\/\/rosaeterna.online\/wp-content\/uploads\/2020\/05\/ramo-de-rosas-preservadas-300x300.png",300,300,true],"medium_large":["https:\/\/rosaeterna.online\/wp-content\/uploads\/2020\/05\/ramo-de-rosas-preservadas-768x768.png",768,768,true],"large":["https:\/\/rosaeterna.online\/wp-content\/uploads\/2020\/05\/ramo-de-rosas-preservadas.png",800,800,false],"1536x1536":["https:\/\/rosaeterna.online\/wp-content\/uploads\/2020\/05\/ramo-de-rosas-preservadas.png",800,800,false],"2048x2048":["https:\/\/rosaeterna.online\/wp-content\/uploads\/2020\/05\/ramo-de-rosas-preservadas.png",800,800,false],"blog-isotope":["https:\/\/rosaeterna.online\/wp-content\/uploads\/2020\/05\/ramo-de-rosas-preservadas.png",500,500,false],"woocommerce_thumbnail":["https:\/\/rosaeterna.online\/wp-content\/uploads\/2020\/05\/ramo-de-rosas-preservadas-350x435.png",350,435,true],"woocommerce_single":["https:\/\/rosaeterna.online\/wp-content\/uploads\/2020\/05\/ramo-de-rosas-preservadas.png",800,800,false],"woocommerce_gallery_thumbnail":["https:\/\/rosaeterna.online\/wp-content\/uploads\/2020\/05\/ramo-de-rosas-preservadas-100x100.png",100,100,true],"eh_logo_image_size":["https:\/\/rosaeterna.online\/wp-content\/uploads\/2020\/05\/ramo-de-rosas-preservadas.png",90,90,false],"eh_header_image_size":["https:\/\/rosaeterna.online\/wp-content\/uploads\/2020\/05\/ramo-de-rosas-preservadas.png",90,90,false],"wcpr-photo-reviews":["https:\/\/rosaeterna.online\/wp-content\/uploads\/2020\/05\/ramo-de-rosas-preservadas.png",500,500,false]},"uagb_author_info":{"display_name":"Patricia Mart\u00edn","author_link":"https:\/\/rosaeterna.online\/de"},"uagb_comment_info":0,"uagb_excerpt":"Kaufe jetzt deinen Blumenstrau\u00df aus konservierten Rosen, der bis zu 2-4 Jahre in perfektem Zustand h\u00e4lt - kostenloserVersand!","_links":{"self":[{"href":"https:\/\/rosaeterna.online\/de\/wp-json\/wp\/v2\/product\/16081","targetHints":{"allow":["GET"]}}],"collection":[{"href":"https:\/\/rosaeterna.online\/de\/wp-json\/wp\/v2\/product"}],"about":[{"href":"https:\/\/rosaeterna.online\/de\/wp-json\/wp\/v2\/types\/product"}],"replies":[{"embeddable":true,"href":"https:\/\/rosaeterna.online\/de\/wp-json\/wp\/v2\/comments?post=16081"}],"wp:featuredmedia":[{"embeddable":true,"href":"https:\/\/rosaeterna.online\/de\/wp-json\/wp\/v2\/media\/9539"}],"wp:attachment":[{"href":"https:\/\/rosaeterna.online\/de\/wp-json\/wp\/v2\/media?parent=16081"}],"wp:term":[{"taxonomy":"product_brand","embeddable":true,"href":"https:\/\/rosaeterna.online\/de\/wp-json\/wp\/v2\/product_brand?post=16081"},{"taxonomy":"product_cat","embeddable":true,"href":"https:\/\/rosaeterna.online\/de\/wp-json\/wp\/v2\/product_cat?post=16081"},{"taxonomy":"product_tag","embeddable":true,"href":"https:\/\/rosaeterna.online\/de\/wp-json\/wp\/v2\/product_tag?post=16081"}],"curies":[{"name":"wp","href":"https:\/\/api.w.org\/{rel}","templated":true}]}}