{"id":15934,"date":"2021-01-23T18:07:18","date_gmt":"2021-01-23T18:07:18","guid":{"rendered":"https:\/\/rosaeterna.online\/producto\/rose-die-schone-und-das-biest\/"},"modified":"2024-11-08T11:03:43","modified_gmt":"2024-11-08T11:03:43","slug":"rose-die-schone-und-das-biest","status":"publish","type":"product","link":"https:\/\/rosaeterna.online\/de\/p\/rose-die-schone-und-das-biest\/","title":{"rendered":"Rosa Die Sch\u00f6ne und das Biest"},"content":{"rendered":"<p style=\"text-align: justify;\">Wenn es eine <a href=\"https:\/\/rosaeterna.online\/de\/\">konservierte Rose<\/a> gibt, die wir alle kennen, dann ist es zweifelsohne die Rose aus Die Sch\u00f6ne und das Biest.<br \/>\nEin Film, den wir alle in unserer Kindheit gesehen haben und der in diesem Moment deine Liebe dank seines Charmes f\u00fcr immer festhalten wird. <\/p>\n<h2 style=\"text-align: center;\"><strong>Warum schenkst du die ewige Rose aus Die Sch\u00f6ne und das Biest?<\/strong><\/h2>\n<p style=\"text-align: justify;\">Die verzauberte Rose &#8220;Die Sch\u00f6ne und das Biest&#8221; ist eine erstklassige <a href=\"https:\/\/rosaeterna.online\/de\/p\/ewige-rote-rose\/\">rote, konservierte Rose<\/a> mit einer 25 cm hohen Glaskuppel. Du kannst die Farbe w\u00e4hlen, die dir am besten gef\u00e4llt, und daf\u00fcr sorgen, dass sich deine besondere Person in dein Geschenk verliebt.<\/p>\n<p style=\"text-align: justify;\">Bestelle sie jetzt bei <strong>Rosaeterna.online<\/strong> und sie wird auf zwei Arten bei dir zu Hause ankommen: Zum einen kannst du die kostenlose Lieferung innerhalb von 2-3 Werktagen w\u00e4hlen und zum anderen die 5,50 Euro Lieferung innerhalb von 24 Stunden.<br \/>\nWie du siehst, ist dies eine hervorragende Gelegenheit, die verzauberte Rose von Beauty and the Beast zu kaufen.<br \/>\nAlso \u00fcberlege nicht lange und hole sie dir jetzt. Du kannst zwischen den verschiedenen Versandarten w\u00e4hlen, um sie zu Hause zu erhalten.  <\/p>\n<h2 style=\"text-align: center;\"><strong>H\u00e4ufig gestellte Fragen zu unseren verwunschenen Rosen<\/strong><\/h2>\n<p style=\"text-align: justify;\">Wir geben dir auch Antworten auf die wichtigsten Fragen, die unsere Kunden uns stellen:<\/p>\n<ul>\n<li style=\"text-align: justify;\"><strong>Sind Rosen ewig?<\/strong>  Ja, das stimmt, es sind konservierte Rosen, die mehrere Jahre lang in perfektem Zustand bleiben.<\/li>\n<li style=\"text-align: justify;\"><strong>Wie lange werden sie au\u00dferhalb der Kuppel \u00fcberleben?<\/strong>  Die Kuppel ist nur ein dekoratives Element. In diesem Fall \u00e4ndert sie nichts an der Haltbarkeit der Rose von Die Sch\u00f6ne und das Biest, sie wird drinnen genauso lange halten wie drau\u00dfen.<\/li>\n<li style=\"text-align: justify;\"><strong>Was ist, wenn die Rose zerbrochen ankommt?<\/strong>  Wir k\u00fcmmern uns um unsere Sendungen bis zum Maximum, deshalb musst du bei rosaeterna.online keine Angst haben, dass sie unterwegs kaputt gehen.<\/li>\n<li style=\"text-align: justify;\"><strong>Wie kann ich f\u00fcr meine Rose bezahlen?<\/strong>  Du kannst deine Rose f\u00fcr die Sch\u00f6ne und das Biest per PayPal, Bank\u00fcberweisung oder Kreditkarte kaufen.<\/li>\n<li style=\"text-align: justify;\"><strong>Welche Pflege wird meine Kuppel brauchen?<\/strong>  Nun, nicht allzu sehr, du musst nur direkte Sonneneinstrahlung und Feuchtigkeit vermeiden.<\/li>\n<\/ul>\n<p style=\"text-align: justify;\">Dies sind unsere h\u00e4ufig gestellten Fragen. Wenn du aber noch weitere Fragen hast, z\u00f6gere bitte nicht, uns per Telefon oder E-Mail zu kontaktieren.<\/p>\n<h2 style=\"text-align: center;\"><strong>Bedeutung der Repliken der eingekapselten Rosen<\/strong><\/h2>\n<p style=\"text-align: justify;\">Glaskuppelrosen sind <strong>ein ideales Geschenk<\/strong> f\u00fcr Geburtstage, Jahrestage und nat\u00fcrlich f\u00fcr besondere Anl\u00e4sse wie den Valentinstag oder den Muttertag.<br \/>\nEs gibt jedoch viele, die die Bedeutung der verzauberten Rose nicht kennen. Bist du einer von ihnen? <\/p>\n<p style=\"text-align: justify;\">Keine Sorge, <strong>wir werden dir alles dar\u00fcber erz\u00e4hlen<\/strong>.<\/p>\n<p style=\"text-align: justify;\">Wie du wei\u00dft, ist Die Sch\u00f6ne und das Biest ein Kultfilm, den <strong>wir alle schon einmal gesehen haben<\/strong>. Vor kurzem wurde sogar ein kleines Remake mit Emma Watson in der Hauptrolle gedreht.<br \/>\nVielleicht erinnerst du dich nicht mehr daran, dass in diesem Film eine der Hauptfiguren die verzauberte Rose ist, ein Geschenk, das eine Zauberin dem Biest als Zeichen der Rache gegeben hat. <\/p>\n<p style=\"text-align: justify;\">Wenn er nicht bis zum Alter von 21 Jahren die wahre Liebe finden w\u00fcrde, w\u00fcrde er f\u00fcr immer wie ein Monster aussehen.<br \/>\nDa traf das Biest Belle, ein M\u00e4dchen aus der Gegend, das sich trotz seines Aussehens in ihn verliebte, was den Zauber beendete und die verzauberte Blume dank ihrer ewigen Liebe erbl\u00fchen lie\u00df. Ist das nicht toll?<br \/>\nJetzt kannst du es nachmachen.  <\/p>\n<h2 style=\"text-align: center;\"><strong>Hast du noch Fragen, bevor du die verzauberte Rose von Die Sch\u00f6ne und das Biest kaufst?<\/strong><\/h2>\n<p style=\"text-align: justify;\">Wir wissen, dass wir sehr klar sind, manchmal sind wir sogar zu klar, aber es ist m\u00f6glich, dass wir einige Antworten auf deine Fragen \u00fcbersehen haben.<br \/>\nZun\u00e4chst einmal sagen wir dir, dass wir die ganze verzauberte Rose bereits zusammengebaut mit ihrer wundersch\u00f6nen Kuppel verschicken. <\/p>\n<p style=\"text-align: justify;\">Wir sagen dir auch, dass du, wenn du schnelle Antworten willst, auf die FAQ-Seite gehen kannst, dort findest du alle Arten von Fragen unserer Nutzer.<br \/>\nUnd falls dein Problem mit den ewigen Rosen der Sch\u00f6nen und des Biests nicht gel\u00f6st wird <strong>, kannst du uns \u00fcber das Kontaktformular oder per WhatsApp kontaktieren.<\/strong> <\/p>\n<p style=\"text-align: justify;\">\u00dcberlege nicht lange!<\/p>\n","protected":false},"excerpt":{"rendered":"<hr>\n<p>  Die Rose &#8220;Die Sch\u00f6ne und das Biest&#8221; ist definitiv ein hervorragendes Geschenk.<br \/>\nSie ist eine ewige Rose in der <strong><span style=\"color: #993366;\">Farbe<\/span><span style=\"color: #808000;\">deiner<\/span><span style=\"color: #003366;\">Wahl,<\/span><\/strong> auch bekannt als die verzauberte Rose <strong><span style=\"color: #003366;\">.<\/span><\/strong>   Lass dir das nicht entgehen, kaufe die Sch\u00f6ne und das Biest Blume jetzt und mache ihr das bestm\u00f6gliche Geschenk. <span style=\"color: #ff0000;\"><strong>Kostenloser Versand!<\/strong><\/span><\/p>\n<ul>\n<li><strong>Wie lange halten sie?<\/strong>  Es sind nat\u00fcrliche gefriergetrocknete Rosen, die mehrere Jahre halten.<\/li>\n<li><strong>Welche Pflege brauchen sie?<\/strong>  Du musst sie nicht gie\u00dfen, sondern nur direkte Sonneneinstrahlung und Feuchtigkeit vermeiden.<\/li>\n<li><strong>Woher kommt die Rose?<\/strong>  Die Rose wird in einer Schutzbox geliefert, damit sie unterwegs nicht kaputt geht.<br \/>\nDie Gr\u00f6\u00dfe betr\u00e4gt 25x17cm. <\/li>\n<\/ul>\n","protected":false},"featured_media":8608,"comment_status":"open","ping_status":"closed","template":"","meta":{"_uag_custom_page_level_css":"","_joinchat":[]},"product_brand":[],"product_cat":[82,124],"product_tag":[],"class_list":{"0":"post-15934","1":"product","2":"type-product","3":"status-publish","4":"has-post-thumbnail","6":"product_cat-konservierte-rosen-mit-stiel","7":"product_cat-rose-im-glas","9":"first","10":"instock","11":"taxable","12":"shipping-taxable","13":"purchasable","14":"product-type-variable","15":"add-to-wishlist-after_add_to_cart"},"yoast_head":"<!-- This site is optimized with the Yoast SEO plugin v25.0 - https:\/\/yoast.com\/wordpress\/plugins\/seo\/ -->\n<title>Verzauberte Rose aus Die Sch\u00f6ne und das Biest kaufen | Rosaeterna.online<\/title>\n<meta name=\"description\" content=\"Enchanted Beauty and the Beast Rose zum besten Preis kaufen ? W\u00e4hle die Farbe und genie\u00dfe die ganz besondere Rose ? Kostenloser Versand!\" \/>\n<meta name=\"robots\" content=\"index, follow, max-snippet:-1, max-image-preview:large, max-video-preview:-1\" \/>\n<link rel=\"canonical\" href=\"https:\/\/rosaeterna.online\/de\/p\/rose-die-schone-und-das-biest\/\" \/>\n<meta property=\"og:locale\" content=\"de_DE\" \/>\n<meta property=\"og:type\" content=\"article\" \/>\n<meta property=\"og:title\" content=\"Verzauberte Rose aus Die Sch\u00f6ne und das Biest kaufen | Rosaeterna.online\" \/>\n<meta property=\"og:description\" content=\"Enchanted Beauty and the Beast Rose zum besten Preis kaufen ? W\u00e4hle die Farbe und genie\u00dfe die ganz besondere Rose ? Kostenloser Versand!\" \/>\n<meta property=\"og:url\" content=\"https:\/\/rosaeterna.online\/de\/p\/rose-die-schone-und-das-biest\/\" \/>\n<meta property=\"og:site_name\" content=\"Rosa Eterna\" \/>\n<meta property=\"article:modified_time\" content=\"2024-11-08T11:03:43+00:00\" \/>\n<meta property=\"og:image\" content=\"https:\/\/rosaeterna.online\/wp-content\/uploads\/2018\/03\/rosa-encantada-bella-bestia.jpg\" \/>\n\t<meta property=\"og:image:width\" content=\"1181\" \/>\n\t<meta property=\"og:image:height\" content=\"1181\" \/>\n\t<meta property=\"og:image:type\" content=\"image\/jpeg\" \/>\n<meta name=\"twitter:card\" content=\"summary_large_image\" \/>\n<meta name=\"twitter:label1\" content=\"Gesch\u00e4tzte Lesezeit\" \/>\n\t<meta name=\"twitter:data1\" content=\"3\u00a0Minuten\" \/>\n<!-- \/ Yoast SEO plugin. -->","yoast_head_json":{"title":"Verzauberte Rose aus Die Sch\u00f6ne und das Biest kaufen | Rosaeterna.online","description":"Enchanted Beauty and the Beast Rose zum besten Preis kaufen ? W\u00e4hle die Farbe und genie\u00dfe die ganz besondere Rose ? Kostenloser Versand!","robots":{"index":"index","follow":"follow","max-snippet":"max-snippet:-1","max-image-preview":"max-image-preview:large","max-video-preview":"max-video-preview:-1"},"canonical":"https:\/\/rosaeterna.online\/de\/p\/rose-die-schone-und-das-biest\/","og_locale":"de_DE","og_type":"article","og_title":"Verzauberte Rose aus Die Sch\u00f6ne und das Biest kaufen | Rosaeterna.online","og_description":"Enchanted Beauty and the Beast Rose zum besten Preis kaufen ? W\u00e4hle die Farbe und genie\u00dfe die ganz besondere Rose ? Kostenloser Versand!","og_url":"https:\/\/rosaeterna.online\/de\/p\/rose-die-schone-und-das-biest\/","og_site_name":"Rosa Eterna","article_modified_time":"2024-11-08T11:03:43+00:00","og_image":[{"width":1181,"height":1181,"url":"https:\/\/rosaeterna.online\/wp-content\/uploads\/2018\/03\/rosa-encantada-bella-bestia.jpg","type":"image\/jpeg"}],"twitter_card":"summary_large_image","twitter_misc":{"Gesch\u00e4tzte Lesezeit":"3\u00a0Minuten"},"schema":{"@context":"https:\/\/schema.org","@graph":[{"@type":"WebPage","@id":"https:\/\/rosaeterna.online\/de\/p\/rose-die-schone-und-das-biest\/","url":"https:\/\/rosaeterna.online\/de\/p\/rose-die-schone-und-das-biest\/","name":"Verzauberte Rose aus Die Sch\u00f6ne und das Biest kaufen | Rosaeterna.online","isPartOf":{"@id":"https:\/\/rosaeterna.online\/de\/#website"},"primaryImageOfPage":{"@id":"https:\/\/rosaeterna.online\/de\/p\/rose-die-schone-und-das-biest\/#primaryimage"},"image":{"@id":"https:\/\/rosaeterna.online\/de\/p\/rose-die-schone-und-das-biest\/#primaryimage"},"thumbnailUrl":"https:\/\/rosaeterna.online\/wp-content\/uploads\/2018\/03\/rosa-encantada-bella-bestia.jpg","datePublished":"2021-01-23T18:07:18+00:00","dateModified":"2024-11-08T11:03:43+00:00","description":"Enchanted Beauty and the Beast Rose zum besten Preis kaufen ? W\u00e4hle die Farbe und genie\u00dfe die ganz besondere Rose ? Kostenloser Versand!","breadcrumb":{"@id":"https:\/\/rosaeterna.online\/de\/p\/rose-die-schone-und-das-biest\/#breadcrumb"},"inLanguage":"de","potentialAction":[{"@type":"ReadAction","target":["https:\/\/rosaeterna.online\/de\/p\/rose-die-schone-und-das-biest\/"]}]},{"@type":"ImageObject","inLanguage":"de","@id":"https:\/\/rosaeterna.online\/de\/p\/rose-die-schone-und-das-biest\/#primaryimage","url":"https:\/\/rosaeterna.online\/wp-content\/uploads\/2018\/03\/rosa-encantada-bella-bestia.jpg","contentUrl":"https:\/\/rosaeterna.online\/wp-content\/uploads\/2018\/03\/rosa-encantada-bella-bestia.jpg","width":1181,"height":1181,"caption":"Verzauberte Rose Sch\u00f6nes Biest"},{"@type":"BreadcrumbList","@id":"https:\/\/rosaeterna.online\/de\/p\/rose-die-schone-und-das-biest\/#breadcrumb","itemListElement":[{"@type":"ListItem","position":1,"name":"Portada","item":"https:\/\/rosaeterna.online\/de\/"},{"@type":"ListItem","position":2,"name":"Produkte","item":"https:\/\/rosaeterna.online\/de\/produkte\/"},{"@type":"ListItem","position":3,"name":"Rosa Die Sch\u00f6ne und das Biest"}]},{"@type":"WebSite","@id":"https:\/\/rosaeterna.online\/de\/#website","url":"https:\/\/rosaeterna.online\/de\/","name":"Rosa Eterna","description":"Haz que dure","potentialAction":[{"@type":"SearchAction","target":{"@type":"EntryPoint","urlTemplate":"https:\/\/rosaeterna.online\/de\/?s={search_term_string}"},"query-input":{"@type":"PropertyValueSpecification","valueRequired":true,"valueName":"search_term_string"}}],"inLanguage":"de"}]}},"uagb_featured_image_src":{"full":["https:\/\/rosaeterna.online\/wp-content\/uploads\/2018\/03\/rosa-encantada-bella-bestia.jpg",1181,1181,false],"thumbnail":["https:\/\/rosaeterna.online\/wp-content\/uploads\/2018\/03\/rosa-encantada-bella-bestia-150x150.jpg",150,150,true],"medium":["https:\/\/rosaeterna.online\/wp-content\/uploads\/2018\/03\/rosa-encantada-bella-bestia-300x300.jpg",300,300,true],"medium_large":["https:\/\/rosaeterna.online\/wp-content\/uploads\/2018\/03\/rosa-encantada-bella-bestia-768x768.jpg",768,768,true],"large":["https:\/\/rosaeterna.online\/wp-content\/uploads\/2018\/03\/rosa-encantada-bella-bestia-1024x1024.jpg",900,900,true],"1536x1536":["https:\/\/rosaeterna.online\/wp-content\/uploads\/2018\/03\/rosa-encantada-bella-bestia.jpg",1181,1181,false],"2048x2048":["https:\/\/rosaeterna.online\/wp-content\/uploads\/2018\/03\/rosa-encantada-bella-bestia.jpg",1181,1181,false],"blog-isotope":["https:\/\/rosaeterna.online\/wp-content\/uploads\/2018\/03\/rosa-encantada-bella-bestia.jpg",500,500,false],"woocommerce_thumbnail":["https:\/\/rosaeterna.online\/wp-content\/uploads\/2018\/03\/rosa-encantada-bella-bestia-350x435.jpg",350,435,true],"woocommerce_single":["https:\/\/rosaeterna.online\/wp-content\/uploads\/2018\/03\/rosa-encantada-bella-bestia-920x920.jpg",920,920,true],"woocommerce_gallery_thumbnail":["https:\/\/rosaeterna.online\/wp-content\/uploads\/2018\/03\/rosa-encantada-bella-bestia-100x100.jpg",100,100,true],"eh_logo_image_size":["https:\/\/rosaeterna.online\/wp-content\/uploads\/2018\/03\/rosa-encantada-bella-bestia.jpg",90,90,false],"eh_header_image_size":["https:\/\/rosaeterna.online\/wp-content\/uploads\/2018\/03\/rosa-encantada-bella-bestia.jpg",90,90,false],"wcpr-photo-reviews":["https:\/\/rosaeterna.online\/wp-content\/uploads\/2018\/03\/rosa-encantada-bella-bestia.jpg",500,500,false]},"uagb_author_info":{"display_name":"Fran","author_link":"https:\/\/rosaeterna.online\/de"},"uagb_comment_info":0,"uagb_excerpt":"Die Rose \"Die Sch\u00f6ne und das Biest\" ist definitiv ein hervorragendes Geschenk. Sie ist eine ewige Rose in der FarbedeinerWahl, auch bekannt als die verzauberte Rose . Lass dir das nicht entgehen, kaufe die Sch\u00f6ne und das Biest Blume jetzt und mache ihr das bestm\u00f6gliche Geschenk. Kostenloser Versand! Wie lange halten sie? Es sind nat\u00fcrliche&hellip;","_links":{"self":[{"href":"https:\/\/rosaeterna.online\/de\/wp-json\/wp\/v2\/product\/15934","targetHints":{"allow":["GET"]}}],"collection":[{"href":"https:\/\/rosaeterna.online\/de\/wp-json\/wp\/v2\/product"}],"about":[{"href":"https:\/\/rosaeterna.online\/de\/wp-json\/wp\/v2\/types\/product"}],"replies":[{"embeddable":true,"href":"https:\/\/rosaeterna.online\/de\/wp-json\/wp\/v2\/comments?post=15934"}],"wp:featuredmedia":[{"embeddable":true,"href":"https:\/\/rosaeterna.online\/de\/wp-json\/wp\/v2\/media\/8608"}],"wp:attachment":[{"href":"https:\/\/rosaeterna.online\/de\/wp-json\/wp\/v2\/media?parent=15934"}],"wp:term":[{"taxonomy":"product_brand","embeddable":true,"href":"https:\/\/rosaeterna.online\/de\/wp-json\/wp\/v2\/product_brand?post=15934"},{"taxonomy":"product_cat","embeddable":true,"href":"https:\/\/rosaeterna.online\/de\/wp-json\/wp\/v2\/product_cat?post=15934"},{"taxonomy":"product_tag","embeddable":true,"href":"https:\/\/rosaeterna.online\/de\/wp-json\/wp\/v2\/product_tag?post=15934"}],"curies":[{"name":"wp","href":"https:\/\/api.w.org\/{rel}","templated":true}]}}