{"id":15917,"date":"2024-06-02T13:24:39","date_gmt":"2024-06-02T13:24:39","guid":{"rendered":"https:\/\/rosaeterna.online\/producto\/ewige-gelbe-rose\/"},"modified":"2024-10-16T03:20:40","modified_gmt":"2024-10-16T03:20:40","slug":"ewige-gelbe-rose","status":"publish","type":"product","link":"https:\/\/rosaeterna.online\/de\/p\/ewige-gelbe-rose\/","title":{"rendered":"Gelbe immerw\u00e4hrende Rose"},"content":{"rendered":"<p style=\"text-align: justify;\">Bist du auch ein Liebhaber von gelben Rosen?<br \/>\nDann wirst du sie lieben, denn wie du wei\u00dft, halten sich <a href=\"https:\/\/rosaeterna.online\/de\/\">konservierte Rosen<\/a> mehrere Jahre lang in perfektem Zustand.<br \/>\nDeshalb sind sie in letzter Zeit das perfekte Geschenk f\u00fcr alle m\u00f6glichen Anl\u00e4sse geworden.  <\/p>\n<p>  Gelbe immerw\u00e4hrende Rosen haben die Bedeutung von Freundschaft und sind ideal, um die mit Freundschaft verbundenen Werte zu vermitteln.<br \/>\nSie k\u00f6nnen Energie, Optimismus und Freude symbolisieren, was sehr sch\u00f6ne Werte im Zusammenhang mit Freundschaft sind.<br \/>\nWenn du Rosen in dieser Farbe verschenkst, zeigst du der Person, die sie bekommt, wie sehr du sie sch\u00e4tzt.<br \/>\nSie eignen sich perfekt, um eine besondere Verbindung zu feiern, die erst mit der Zeit entsteht, und sind ideal, um einem besonderen Menschen W\u00e4rme zu vermitteln.<br \/>\nSie k\u00f6nnen auch eine Einladung oder ein Liebesbeweis sein, was sie zu einem idealen Geschenk zum Jahrestag oder Valentinstag f\u00fcr deinen Partner macht.<br \/>\nSie k\u00f6nnen auch ein Symbol f\u00fcr Hoffnung und Erneuerung sein, so dass alle Bedeutungen dieser Rosenfarbe sehr positiv sind.       <\/p>\n<p style=\"text-align: justify;\">Bestelle jetzt deine gelbe ewige Rose und w\u00e4hle den kostenlosen Versand, um sie innerhalb von 2-3 Werktagen zu erhalten. Falls du es eilig hast, kannst du auch die 24-Stunden-Expresslieferung w\u00e4hlen. Ist das nicht toll?<\/p>\n<p style=\"text-align: justify;\">Wenn du Fragen hast, z\u00f6gere bitte nicht, uns zu kontaktieren, wir helfen dir gerne weiter.<\/p>\n","protected":false},"excerpt":{"rendered":"<p style=\"text-align: justify;\">Du suchst nach einer gelben, immerw\u00e4hrenden Rose?<br \/>\nDann hast du Gl\u00fcck, denn diese wirst du lieben. Lauf los und nutze den GRATIS Versand! <\/p>\n","protected":false},"featured_media":8909,"comment_status":"open","ping_status":"closed","template":"","meta":{"_uag_custom_page_level_css":"","_joinchat":[]},"product_brand":[],"product_cat":[82],"product_tag":[],"class_list":{"0":"post-15917","1":"product","2":"type-product","3":"status-publish","4":"has-post-thumbnail","6":"product_cat-konservierte-rosen-mit-stiel","8":"first","9":"instock","10":"taxable","11":"shipping-taxable","12":"purchasable","13":"product-type-simple","14":"add-to-wishlist-after_add_to_cart"},"yoast_head":"<!-- This site is optimized with the Yoast SEO plugin v25.0 - https:\/\/yoast.com\/wordpress\/plugins\/seo\/ -->\n<title>Kaufe deine Ewige Gelbe Rose | Rosaeterna.online<\/title>\n<meta name=\"description\" content=\"Kaufe deine gelbe ewige Rose zum besten Preis bei uns. Wir sind der einzige Shop, der sich speziell dem Verkauf von gefriergetrockneten Blumen widmet. GRATIS Versand!\" \/>\n<meta name=\"robots\" content=\"index, follow, max-snippet:-1, max-image-preview:large, max-video-preview:-1\" \/>\n<link rel=\"canonical\" href=\"https:\/\/rosaeterna.online\/de\/p\/ewige-gelbe-rose\/\" \/>\n<meta property=\"og:locale\" content=\"de_DE\" \/>\n<meta property=\"og:type\" content=\"article\" \/>\n<meta property=\"og:title\" content=\"Kaufe deine Ewige Gelbe Rose | Rosaeterna.online\" \/>\n<meta property=\"og:description\" content=\"Kaufe deine gelbe ewige Rose zum besten Preis bei uns. Wir sind der einzige Shop, der sich speziell dem Verkauf von gefriergetrockneten Blumen widmet. GRATIS Versand!\" \/>\n<meta property=\"og:url\" content=\"https:\/\/rosaeterna.online\/de\/p\/ewige-gelbe-rose\/\" \/>\n<meta property=\"og:site_name\" content=\"Rosa Eterna\" \/>\n<meta property=\"article:modified_time\" content=\"2024-10-16T03:20:40+00:00\" \/>\n<meta property=\"og:image\" content=\"https:\/\/rosaeterna.online\/wp-content\/uploads\/2018\/04\/rosa-eterna-amarilla-1-scaled.jpg\" \/>\n\t<meta property=\"og:image:width\" content=\"2064\" \/>\n\t<meta property=\"og:image:height\" content=\"2560\" \/>\n\t<meta property=\"og:image:type\" content=\"image\/jpeg\" \/>\n<meta name=\"twitter:card\" content=\"summary_large_image\" \/>\n<meta name=\"twitter:label1\" content=\"Gesch\u00e4tzte Lesezeit\" \/>\n\t<meta name=\"twitter:data1\" content=\"1\u00a0Minute\" \/>\n<!-- \/ Yoast SEO plugin. -->","yoast_head_json":{"title":"Kaufe deine Ewige Gelbe Rose | Rosaeterna.online","description":"Kaufe deine gelbe ewige Rose zum besten Preis bei uns. Wir sind der einzige Shop, der sich speziell dem Verkauf von gefriergetrockneten Blumen widmet. GRATIS Versand!","robots":{"index":"index","follow":"follow","max-snippet":"max-snippet:-1","max-image-preview":"max-image-preview:large","max-video-preview":"max-video-preview:-1"},"canonical":"https:\/\/rosaeterna.online\/de\/p\/ewige-gelbe-rose\/","og_locale":"de_DE","og_type":"article","og_title":"Kaufe deine Ewige Gelbe Rose | Rosaeterna.online","og_description":"Kaufe deine gelbe ewige Rose zum besten Preis bei uns. Wir sind der einzige Shop, der sich speziell dem Verkauf von gefriergetrockneten Blumen widmet. GRATIS Versand!","og_url":"https:\/\/rosaeterna.online\/de\/p\/ewige-gelbe-rose\/","og_site_name":"Rosa Eterna","article_modified_time":"2024-10-16T03:20:40+00:00","og_image":[{"width":2064,"height":2560,"url":"https:\/\/rosaeterna.online\/wp-content\/uploads\/2018\/04\/rosa-eterna-amarilla-1-scaled.jpg","type":"image\/jpeg"}],"twitter_card":"summary_large_image","twitter_misc":{"Gesch\u00e4tzte Lesezeit":"1\u00a0Minute"},"schema":{"@context":"https:\/\/schema.org","@graph":[{"@type":"WebPage","@id":"https:\/\/rosaeterna.online\/de\/p\/ewige-gelbe-rose\/","url":"https:\/\/rosaeterna.online\/de\/p\/ewige-gelbe-rose\/","name":"Kaufe deine Ewige Gelbe Rose | Rosaeterna.online","isPartOf":{"@id":"https:\/\/rosaeterna.online\/de\/#website"},"primaryImageOfPage":{"@id":"https:\/\/rosaeterna.online\/de\/p\/ewige-gelbe-rose\/#primaryimage"},"image":{"@id":"https:\/\/rosaeterna.online\/de\/p\/ewige-gelbe-rose\/#primaryimage"},"thumbnailUrl":"https:\/\/rosaeterna.online\/wp-content\/uploads\/2018\/04\/rosa-eterna-amarilla-1-scaled.jpg","datePublished":"2024-06-02T13:24:39+00:00","dateModified":"2024-10-16T03:20:40+00:00","description":"Kaufe deine gelbe ewige Rose zum besten Preis bei uns. Wir sind der einzige Shop, der sich speziell dem Verkauf von gefriergetrockneten Blumen widmet. GRATIS Versand!","breadcrumb":{"@id":"https:\/\/rosaeterna.online\/de\/p\/ewige-gelbe-rose\/#breadcrumb"},"inLanguage":"de","potentialAction":[{"@type":"ReadAction","target":["https:\/\/rosaeterna.online\/de\/p\/ewige-gelbe-rose\/"]}]},{"@type":"ImageObject","inLanguage":"de","@id":"https:\/\/rosaeterna.online\/de\/p\/ewige-gelbe-rose\/#primaryimage","url":"https:\/\/rosaeterna.online\/wp-content\/uploads\/2018\/04\/rosa-eterna-amarilla-1-scaled.jpg","contentUrl":"https:\/\/rosaeterna.online\/wp-content\/uploads\/2018\/04\/rosa-eterna-amarilla-1-scaled.jpg","width":2064,"height":2560,"caption":"gelbe ewige Rose"},{"@type":"BreadcrumbList","@id":"https:\/\/rosaeterna.online\/de\/p\/ewige-gelbe-rose\/#breadcrumb","itemListElement":[{"@type":"ListItem","position":1,"name":"Portada","item":"https:\/\/rosaeterna.online\/de\/"},{"@type":"ListItem","position":2,"name":"Produkte","item":"https:\/\/rosaeterna.online\/de\/produkte\/"},{"@type":"ListItem","position":3,"name":"Gelbe immerw\u00e4hrende Rose"}]},{"@type":"WebSite","@id":"https:\/\/rosaeterna.online\/de\/#website","url":"https:\/\/rosaeterna.online\/de\/","name":"Rosa Eterna","description":"Haz que dure","potentialAction":[{"@type":"SearchAction","target":{"@type":"EntryPoint","urlTemplate":"https:\/\/rosaeterna.online\/de\/?s={search_term_string}"},"query-input":{"@type":"PropertyValueSpecification","valueRequired":true,"valueName":"search_term_string"}}],"inLanguage":"de"}]}},"uagb_featured_image_src":{"full":["https:\/\/rosaeterna.online\/wp-content\/uploads\/2018\/04\/rosa-eterna-amarilla-1-scaled.jpg",2064,2560,false],"thumbnail":["https:\/\/rosaeterna.online\/wp-content\/uploads\/2018\/04\/rosa-eterna-amarilla-1-150x150.jpg",150,150,true],"medium":["https:\/\/rosaeterna.online\/wp-content\/uploads\/2018\/04\/rosa-eterna-amarilla-1-242x300.jpg",242,300,true],"medium_large":["https:\/\/rosaeterna.online\/wp-content\/uploads\/2018\/04\/rosa-eterna-amarilla-1-768x952.jpg",768,952,true],"large":["https:\/\/rosaeterna.online\/wp-content\/uploads\/2018\/04\/rosa-eterna-amarilla-1-826x1024.jpg",826,1024,true],"1536x1536":["https:\/\/rosaeterna.online\/wp-content\/uploads\/2018\/04\/rosa-eterna-amarilla-1-scaled.jpg",1238,1536,false],"2048x2048":["https:\/\/rosaeterna.online\/wp-content\/uploads\/2018\/04\/rosa-eterna-amarilla-1-scaled.jpg",1651,2048,false],"blog-isotope":["https:\/\/rosaeterna.online\/wp-content\/uploads\/2018\/04\/rosa-eterna-amarilla-1-scaled.jpg",403,500,false],"woocommerce_thumbnail":["https:\/\/rosaeterna.online\/wp-content\/uploads\/2018\/04\/rosa-eterna-amarilla-1-350x435.jpg",350,435,true],"woocommerce_single":["https:\/\/rosaeterna.online\/wp-content\/uploads\/2018\/04\/rosa-eterna-amarilla-1-920x1141.jpg",920,1141,true],"woocommerce_gallery_thumbnail":["https:\/\/rosaeterna.online\/wp-content\/uploads\/2018\/04\/rosa-eterna-amarilla-1-100x100.jpg",100,100,true],"eh_logo_image_size":["https:\/\/rosaeterna.online\/wp-content\/uploads\/2018\/04\/rosa-eterna-amarilla-1-scaled.jpg",73,90,false],"eh_header_image_size":["https:\/\/rosaeterna.online\/wp-content\/uploads\/2018\/04\/rosa-eterna-amarilla-1-scaled.jpg",73,90,false],"wcpr-photo-reviews":["https:\/\/rosaeterna.online\/wp-content\/uploads\/2018\/04\/rosa-eterna-amarilla-1-scaled.jpg",403,500,false]},"uagb_author_info":{"display_name":"Fran","author_link":"https:\/\/rosaeterna.online\/de"},"uagb_comment_info":0,"uagb_excerpt":"Du suchst nach einer gelben, immerw\u00e4hrenden Rose? Dann hast du Gl\u00fcck, denn diese wirst du lieben. Lauf los und nutze den GRATIS Versand!","_links":{"self":[{"href":"https:\/\/rosaeterna.online\/de\/wp-json\/wp\/v2\/product\/15917","targetHints":{"allow":["GET"]}}],"collection":[{"href":"https:\/\/rosaeterna.online\/de\/wp-json\/wp\/v2\/product"}],"about":[{"href":"https:\/\/rosaeterna.online\/de\/wp-json\/wp\/v2\/types\/product"}],"replies":[{"embeddable":true,"href":"https:\/\/rosaeterna.online\/de\/wp-json\/wp\/v2\/comments?post=15917"}],"wp:featuredmedia":[{"embeddable":true,"href":"https:\/\/rosaeterna.online\/de\/wp-json\/wp\/v2\/media\/8909"}],"wp:attachment":[{"href":"https:\/\/rosaeterna.online\/de\/wp-json\/wp\/v2\/media?parent=15917"}],"wp:term":[{"taxonomy":"product_brand","embeddable":true,"href":"https:\/\/rosaeterna.online\/de\/wp-json\/wp\/v2\/product_brand?post=15917"},{"taxonomy":"product_cat","embeddable":true,"href":"https:\/\/rosaeterna.online\/de\/wp-json\/wp\/v2\/product_cat?post=15917"},{"taxonomy":"product_tag","embeddable":true,"href":"https:\/\/rosaeterna.online\/de\/wp-json\/wp\/v2\/product_tag?post=15917"}],"curies":[{"name":"wp","href":"https:\/\/api.w.org\/{rel}","templated":true}]}}