{"id":15915,"date":"2024-07-06T13:45:10","date_gmt":"2024-07-06T13:45:10","guid":{"rendered":"https:\/\/rosaeterna.online\/producto\/ewige-goldene-rose\/"},"modified":"2024-10-21T22:32:30","modified_gmt":"2024-10-21T22:32:30","slug":"ewige-goldene-rose","status":"publish","type":"product","link":"https:\/\/rosaeterna.online\/de\/p\/ewige-goldene-rose\/","title":{"rendered":"Goldene immerw\u00e4hrende Rose"},"content":{"rendered":"<p style=\"text-align: justify;\">Goldene immerw\u00e4hrende Rosen gibt es in verschiedenen Schattierungen, von einem helleren Farbton bis hin zu dunklem Gold.<br \/>\nSie sind sehr auff\u00e4llige Blumen, die wahre Freundschaft und Freude signalisieren. Sie eignen sich perfekt als Geschenk f\u00fcr einen geliebten Menschen, um zu zeigen, wie sehr du dich um sein Wohlergehen sorgst. <\/p>\n<p>  Sie sind Blumen, die aufgrund ihrer einzigartigen Farbe auch eine Bedeutung f\u00fcr Hoffnung haben k\u00f6nnen.<br \/>\nSie werden auch mit Gef\u00fchlen der Freude in Verbindung gebracht und k\u00f6nnen als Geschenk verschenkt werden, um Dankbarkeit auszudr\u00fccken.   <\/p>\n<p style=\"text-align: justify;\">In unserem <a href=\"https:\/\/rosaeterna.online\/de\/\">Shop f\u00fcr ewige Rosen<\/a> haben wir viele Farben und unter ihnen durfte die Farbe Gold nicht fehlen.<br \/>\nSie stehen auch f\u00fcr Neuanf\u00e4nge sowie f\u00fcr Harmonie und Frieden und sind eine Blume, die zweifelsohne ein Erfolg wird. <\/p>\n<p style=\"text-align: justify;\">Vorbei sind die 24K vergoldeten Rosen, die so h\u00e4sslich aussahen. Jetzt hast du eine nat\u00fcrliche Rose, die mehrere Jahre lang wie am ersten Tag standh\u00e4lt.<br \/>\nDefinitiv eine Ver\u00e4nderung zum Besseren, nicht wahr?<br \/>\nWenn du also deine goldfarbene Rose kaufen m\u00f6chtest, warte nicht l\u00e4nger und hol sie dir, w\u00e4hle deine Lieferung und sie wird in k\u00fcrzester Zeit bei dir zu Hause ankommen.  <\/p>\n<p style=\"text-align: justify;\">\u00dcbrigens, wenn du weitere Fragen hast, z\u00f6gere nicht, uns zu kontaktieren.<br \/>\nWir stehen dir f\u00fcr alle Fragen gerne zur Verf\u00fcgung und freuen uns darauf, von dir zu h\u00f6ren! <\/p>\n","protected":false},"excerpt":{"rendered":"<p style=\"text-align: justify;\">Kaufe deine goldene, unverg\u00e4ngliche Rose jetzt und genie\u00dfe eine ganz besondere, konservierte Blume, die jeden \u00fcberraschen wird. Nutze unseren KOSTENLOSEN Versand!<\/p>\n","protected":false},"featured_media":8951,"comment_status":"closed","ping_status":"closed","template":"","meta":{"_uag_custom_page_level_css":"","_joinchat":[]},"product_brand":[],"product_cat":[82],"product_tag":[],"class_list":{"0":"post-15915","1":"product","2":"type-product","3":"status-publish","4":"has-post-thumbnail","6":"product_cat-konservierte-rosen-mit-stiel","8":"first","9":"instock","10":"taxable","11":"shipping-taxable","12":"purchasable","13":"product-type-simple","14":"add-to-wishlist-after_add_to_cart"},"yoast_head":"<!-- This site is optimized with the Yoast SEO plugin v25.0 - https:\/\/yoast.com\/wordpress\/plugins\/seo\/ -->\n<title>Kaufe deine Goldene Ewige Rose | Rosaeterna.online<\/title>\n<meta name=\"description\" content=\"Kaufe deine Golden Everlasting Rose zum besten Preis. Nur bei Rosaeterna.online haben wir diese Vielfalt an farbenfrohen, konservierten Blumen, greif JETZT zu!\" \/>\n<meta name=\"robots\" content=\"index, follow, max-snippet:-1, max-image-preview:large, max-video-preview:-1\" \/>\n<link rel=\"canonical\" href=\"https:\/\/rosaeterna.online\/de\/p\/ewige-goldene-rose\/\" \/>\n<meta property=\"og:locale\" content=\"de_DE\" \/>\n<meta property=\"og:type\" content=\"article\" \/>\n<meta property=\"og:title\" content=\"Kaufe deine Goldene Ewige Rose | Rosaeterna.online\" \/>\n<meta property=\"og:description\" content=\"Kaufe deine Golden Everlasting Rose zum besten Preis. Nur bei Rosaeterna.online haben wir diese Vielfalt an farbenfrohen, konservierten Blumen, greif JETZT zu!\" \/>\n<meta property=\"og:url\" content=\"https:\/\/rosaeterna.online\/de\/p\/ewige-goldene-rose\/\" \/>\n<meta property=\"og:site_name\" content=\"Rosa Eterna\" \/>\n<meta property=\"article:modified_time\" content=\"2024-10-21T22:32:30+00:00\" \/>\n<meta property=\"og:image\" content=\"https:\/\/rosaeterna.online\/wp-content\/uploads\/2018\/10\/rosa-eterna-dorada-scaled.jpg\" \/>\n\t<meta property=\"og:image:width\" content=\"2183\" \/>\n\t<meta property=\"og:image:height\" content=\"2560\" \/>\n\t<meta property=\"og:image:type\" content=\"image\/jpeg\" \/>\n<meta name=\"twitter:card\" content=\"summary_large_image\" \/>\n<meta name=\"twitter:label1\" content=\"Gesch\u00e4tzte Lesezeit\" \/>\n\t<meta name=\"twitter:data1\" content=\"1\u00a0Minute\" \/>\n<!-- \/ Yoast SEO plugin. -->","yoast_head_json":{"title":"Kaufe deine Goldene Ewige Rose | Rosaeterna.online","description":"Kaufe deine Golden Everlasting Rose zum besten Preis. Nur bei Rosaeterna.online haben wir diese Vielfalt an farbenfrohen, konservierten Blumen, greif JETZT zu!","robots":{"index":"index","follow":"follow","max-snippet":"max-snippet:-1","max-image-preview":"max-image-preview:large","max-video-preview":"max-video-preview:-1"},"canonical":"https:\/\/rosaeterna.online\/de\/p\/ewige-goldene-rose\/","og_locale":"de_DE","og_type":"article","og_title":"Kaufe deine Goldene Ewige Rose | Rosaeterna.online","og_description":"Kaufe deine Golden Everlasting Rose zum besten Preis. Nur bei Rosaeterna.online haben wir diese Vielfalt an farbenfrohen, konservierten Blumen, greif JETZT zu!","og_url":"https:\/\/rosaeterna.online\/de\/p\/ewige-goldene-rose\/","og_site_name":"Rosa Eterna","article_modified_time":"2024-10-21T22:32:30+00:00","og_image":[{"width":2183,"height":2560,"url":"https:\/\/rosaeterna.online\/wp-content\/uploads\/2018\/10\/rosa-eterna-dorada-scaled.jpg","type":"image\/jpeg"}],"twitter_card":"summary_large_image","twitter_misc":{"Gesch\u00e4tzte Lesezeit":"1\u00a0Minute"},"schema":{"@context":"https:\/\/schema.org","@graph":[{"@type":"WebPage","@id":"https:\/\/rosaeterna.online\/de\/p\/ewige-goldene-rose\/","url":"https:\/\/rosaeterna.online\/de\/p\/ewige-goldene-rose\/","name":"Kaufe deine Goldene Ewige Rose | Rosaeterna.online","isPartOf":{"@id":"https:\/\/rosaeterna.online\/de\/#website"},"primaryImageOfPage":{"@id":"https:\/\/rosaeterna.online\/de\/p\/ewige-goldene-rose\/#primaryimage"},"image":{"@id":"https:\/\/rosaeterna.online\/de\/p\/ewige-goldene-rose\/#primaryimage"},"thumbnailUrl":"https:\/\/rosaeterna.online\/wp-content\/uploads\/2018\/10\/rosa-eterna-dorada-scaled.jpg","datePublished":"2024-07-06T13:45:10+00:00","dateModified":"2024-10-21T22:32:30+00:00","description":"Kaufe deine Golden Everlasting Rose zum besten Preis. Nur bei Rosaeterna.online haben wir diese Vielfalt an farbenfrohen, konservierten Blumen, greif JETZT zu!","breadcrumb":{"@id":"https:\/\/rosaeterna.online\/de\/p\/ewige-goldene-rose\/#breadcrumb"},"inLanguage":"de","potentialAction":[{"@type":"ReadAction","target":["https:\/\/rosaeterna.online\/de\/p\/ewige-goldene-rose\/"]}]},{"@type":"ImageObject","inLanguage":"de","@id":"https:\/\/rosaeterna.online\/de\/p\/ewige-goldene-rose\/#primaryimage","url":"https:\/\/rosaeterna.online\/wp-content\/uploads\/2018\/10\/rosa-eterna-dorada-scaled.jpg","contentUrl":"https:\/\/rosaeterna.online\/wp-content\/uploads\/2018\/10\/rosa-eterna-dorada-scaled.jpg","width":2183,"height":2560,"caption":"goldene ewige Rose"},{"@type":"BreadcrumbList","@id":"https:\/\/rosaeterna.online\/de\/p\/ewige-goldene-rose\/#breadcrumb","itemListElement":[{"@type":"ListItem","position":1,"name":"Portada","item":"https:\/\/rosaeterna.online\/de\/"},{"@type":"ListItem","position":2,"name":"Produkte","item":"https:\/\/rosaeterna.online\/de\/produkte\/"},{"@type":"ListItem","position":3,"name":"Goldene immerw\u00e4hrende Rose"}]},{"@type":"WebSite","@id":"https:\/\/rosaeterna.online\/de\/#website","url":"https:\/\/rosaeterna.online\/de\/","name":"Rosa Eterna","description":"Haz que dure","potentialAction":[{"@type":"SearchAction","target":{"@type":"EntryPoint","urlTemplate":"https:\/\/rosaeterna.online\/de\/?s={search_term_string}"},"query-input":{"@type":"PropertyValueSpecification","valueRequired":true,"valueName":"search_term_string"}}],"inLanguage":"de"}]}},"uagb_featured_image_src":{"full":["https:\/\/rosaeterna.online\/wp-content\/uploads\/2018\/10\/rosa-eterna-dorada-scaled.jpg",2183,2560,false],"thumbnail":["https:\/\/rosaeterna.online\/wp-content\/uploads\/2018\/10\/rosa-eterna-dorada-150x150.jpg",150,150,true],"medium":["https:\/\/rosaeterna.online\/wp-content\/uploads\/2018\/10\/rosa-eterna-dorada-256x300.jpg",256,300,true],"medium_large":["https:\/\/rosaeterna.online\/wp-content\/uploads\/2018\/10\/rosa-eterna-dorada-768x901.jpg",768,901,true],"large":["https:\/\/rosaeterna.online\/wp-content\/uploads\/2018\/10\/rosa-eterna-dorada-873x1024.jpg",873,1024,true],"1536x1536":["https:\/\/rosaeterna.online\/wp-content\/uploads\/2018\/10\/rosa-eterna-dorada-scaled.jpg",1310,1536,false],"2048x2048":["https:\/\/rosaeterna.online\/wp-content\/uploads\/2018\/10\/rosa-eterna-dorada-scaled.jpg",1746,2048,false],"blog-isotope":["https:\/\/rosaeterna.online\/wp-content\/uploads\/2018\/10\/rosa-eterna-dorada-scaled.jpg",426,500,false],"woocommerce_thumbnail":["https:\/\/rosaeterna.online\/wp-content\/uploads\/2018\/10\/rosa-eterna-dorada-350x435.jpg",350,435,true],"woocommerce_single":["https:\/\/rosaeterna.online\/wp-content\/uploads\/2018\/10\/rosa-eterna-dorada-920x1079.jpg",920,1079,true],"woocommerce_gallery_thumbnail":["https:\/\/rosaeterna.online\/wp-content\/uploads\/2018\/10\/rosa-eterna-dorada-100x100.jpg",100,100,true],"eh_logo_image_size":["https:\/\/rosaeterna.online\/wp-content\/uploads\/2018\/10\/rosa-eterna-dorada-scaled.jpg",77,90,false],"eh_header_image_size":["https:\/\/rosaeterna.online\/wp-content\/uploads\/2018\/10\/rosa-eterna-dorada-scaled.jpg",77,90,false],"wcpr-photo-reviews":["https:\/\/rosaeterna.online\/wp-content\/uploads\/2018\/10\/rosa-eterna-dorada-scaled.jpg",426,500,false]},"uagb_author_info":{"display_name":"Fran","author_link":"https:\/\/rosaeterna.online\/de"},"uagb_comment_info":0,"uagb_excerpt":"Kaufe deine goldene, unverg\u00e4ngliche Rose jetzt und genie\u00dfe eine ganz besondere, konservierte Blume, die jeden \u00fcberraschen wird. Nutze unseren KOSTENLOSEN Versand!","_links":{"self":[{"href":"https:\/\/rosaeterna.online\/de\/wp-json\/wp\/v2\/product\/15915","targetHints":{"allow":["GET"]}}],"collection":[{"href":"https:\/\/rosaeterna.online\/de\/wp-json\/wp\/v2\/product"}],"about":[{"href":"https:\/\/rosaeterna.online\/de\/wp-json\/wp\/v2\/types\/product"}],"replies":[{"embeddable":true,"href":"https:\/\/rosaeterna.online\/de\/wp-json\/wp\/v2\/comments?post=15915"}],"wp:featuredmedia":[{"embeddable":true,"href":"https:\/\/rosaeterna.online\/de\/wp-json\/wp\/v2\/media\/8951"}],"wp:attachment":[{"href":"https:\/\/rosaeterna.online\/de\/wp-json\/wp\/v2\/media?parent=15915"}],"wp:term":[{"taxonomy":"product_brand","embeddable":true,"href":"https:\/\/rosaeterna.online\/de\/wp-json\/wp\/v2\/product_brand?post=15915"},{"taxonomy":"product_cat","embeddable":true,"href":"https:\/\/rosaeterna.online\/de\/wp-json\/wp\/v2\/product_cat?post=15915"},{"taxonomy":"product_tag","embeddable":true,"href":"https:\/\/rosaeterna.online\/de\/wp-json\/wp\/v2\/product_tag?post=15915"}],"curies":[{"name":"wp","href":"https:\/\/api.w.org\/{rel}","templated":true}]}}