{"id":15914,"date":"2024-07-10T16:57:54","date_gmt":"2024-07-10T16:57:54","guid":{"rendered":"https:\/\/rosaeterna.online\/producto\/ewige-fuchsiafarbene-rose\/"},"modified":"2026-03-09T11:40:47","modified_gmt":"2026-03-09T11:40:47","slug":"ewige-fuchsiafarbene-rose","status":"publish","type":"product","link":"https:\/\/rosaeterna.online\/de\/p\/ewige-fuchsiafarbene-rose\/","title":{"rendered":"Fuchsie ewige Rose"},"content":{"rendered":"<p style=\"text-align: justify;\">Die fuchsiafarbene <a href=\"https:\/\/rosaeterna.online\/de\/\">, immerw\u00e4hrende Rose<\/a> wird direkt mit Weiblichkeit, Eleganz und Glamour in Verbindung gebracht, weshalb sie ein sehr sch\u00f6nes Geschenk f\u00fcr jede Frau ist, die du \u00fcberraschen m\u00f6chtest.<br \/>\nSie ist ein Synonym f\u00fcr Bewunderung, Vertrauen, Sympathie oder selbstlose Liebe und eine sehr sch\u00f6ne Blume f\u00fcr jeden besonderen Anlass. <\/p>\n<p>  Diese Art von Rose ist perfekt, um intensivere Gef\u00fchle auszudr\u00fccken.<br \/>\nAu\u00dferdem wird die leuchtende Fuchsia-Farbe der immerw\u00e4hrenden Rose die Aufmerksamkeit des Empf\u00e4ngers auf sich ziehen.<br \/>\nSie kann auch mit Energie, Vitalit\u00e4t und Begeisterung assoziiert werden.<br \/>\nDu kannst mit ihr selbstlose Liebe ausdr\u00fccken und deinem Partner sagen, wie besonders er f\u00fcr dich ist.<br \/>\nSie ist die perfekte Blume, um auszudr\u00fccken, dass die Liebe so lebendig ist wie am ersten Tag.      <\/p>\n<p style=\"text-align: justify;\">Wenn du deine Bestellung jetzt aufgibst, kannst du die KOSTENLOSE Lieferung innerhalb von 2-3 Werktagen oder die Expresslieferung innerhalb von 24 Stunden f\u00fcr nur 5,50 Euro w\u00e4hlen.<br \/>\nVergiss nicht, dass diese Rose in einer wundersch\u00f6nen Acetatbox geliefert wird. Du wirst sie lieben! <\/p>\n","protected":false},"excerpt":{"rendered":"<p style=\"text-align: justify;\">Kaufe deine ewige fuchsiafarbene Rose zum besten Preis und \u00fcberrasche mit einem originellen Geschenk <strong>GRATIS Versand!<\/strong><\/p>\n","protected":false},"featured_media":8958,"comment_status":"closed","ping_status":"closed","template":"","meta":{"_uag_custom_page_level_css":"","_joinchat":[]},"product_brand":[],"product_cat":[82],"product_tag":[],"class_list":{"0":"post-15914","1":"product","2":"type-product","3":"status-publish","4":"has-post-thumbnail","6":"product_cat-konservierte-rosen-mit-stiel","8":"first","9":"instock","10":"taxable","11":"shipping-taxable","12":"purchasable","13":"product-type-simple","14":"add-to-wishlist-after_add_to_cart"},"yoast_head":"<!-- This site is optimized with the Yoast SEO plugin v25.0 - https:\/\/yoast.com\/wordpress\/plugins\/seo\/ -->\n<title>Kaufe deine Eternal Fuchsia Rose | Rosaeterna.online<\/title>\n<meta name=\"description\" content=\"Kaufe deine Eternal Fuchsia Rose zum besten Preis. Wir haben die gr\u00f6\u00dfte Auswahl an Gr\u00f6\u00dfen und Farben. Worauf wartest du noch, um dein Geschenk zu besorgen?\" \/>\n<meta name=\"robots\" content=\"index, follow, max-snippet:-1, max-image-preview:large, max-video-preview:-1\" \/>\n<link rel=\"canonical\" href=\"https:\/\/rosaeterna.online\/de\/p\/ewige-fuchsiafarbene-rose\/\" \/>\n<meta property=\"og:locale\" content=\"de_DE\" \/>\n<meta property=\"og:type\" content=\"article\" \/>\n<meta property=\"og:title\" content=\"Kaufe deine Eternal Fuchsia Rose | Rosaeterna.online\" \/>\n<meta property=\"og:description\" content=\"Kaufe deine Eternal Fuchsia Rose zum besten Preis. Wir haben die gr\u00f6\u00dfte Auswahl an Gr\u00f6\u00dfen und Farben. Worauf wartest du noch, um dein Geschenk zu besorgen?\" \/>\n<meta property=\"og:url\" content=\"https:\/\/rosaeterna.online\/de\/p\/ewige-fuchsiafarbene-rose\/\" \/>\n<meta property=\"og:site_name\" content=\"Rosa Eterna\" \/>\n<meta property=\"article:modified_time\" content=\"2026-03-09T11:40:47+00:00\" \/>\n<meta property=\"og:image\" content=\"https:\/\/rosaeterna.online\/wp-content\/uploads\/2018\/10\/rosa-eterna-fucsia-scaled.jpg\" \/>\n\t<meta property=\"og:image:width\" content=\"2178\" \/>\n\t<meta property=\"og:image:height\" content=\"2560\" \/>\n\t<meta property=\"og:image:type\" content=\"image\/jpeg\" \/>\n<meta name=\"twitter:card\" content=\"summary_large_image\" \/>\n<meta name=\"twitter:label1\" content=\"Gesch\u00e4tzte Lesezeit\" \/>\n\t<meta name=\"twitter:data1\" content=\"1\u00a0Minute\" \/>\n<!-- \/ Yoast SEO plugin. -->","yoast_head_json":{"title":"Kaufe deine Eternal Fuchsia Rose | Rosaeterna.online","description":"Kaufe deine Eternal Fuchsia Rose zum besten Preis. Wir haben die gr\u00f6\u00dfte Auswahl an Gr\u00f6\u00dfen und Farben. Worauf wartest du noch, um dein Geschenk zu besorgen?","robots":{"index":"index","follow":"follow","max-snippet":"max-snippet:-1","max-image-preview":"max-image-preview:large","max-video-preview":"max-video-preview:-1"},"canonical":"https:\/\/rosaeterna.online\/de\/p\/ewige-fuchsiafarbene-rose\/","og_locale":"de_DE","og_type":"article","og_title":"Kaufe deine Eternal Fuchsia Rose | Rosaeterna.online","og_description":"Kaufe deine Eternal Fuchsia Rose zum besten Preis. Wir haben die gr\u00f6\u00dfte Auswahl an Gr\u00f6\u00dfen und Farben. Worauf wartest du noch, um dein Geschenk zu besorgen?","og_url":"https:\/\/rosaeterna.online\/de\/p\/ewige-fuchsiafarbene-rose\/","og_site_name":"Rosa Eterna","article_modified_time":"2026-03-09T11:40:47+00:00","og_image":[{"width":2178,"height":2560,"url":"https:\/\/rosaeterna.online\/wp-content\/uploads\/2018\/10\/rosa-eterna-fucsia-scaled.jpg","type":"image\/jpeg"}],"twitter_card":"summary_large_image","twitter_misc":{"Gesch\u00e4tzte Lesezeit":"1\u00a0Minute"},"schema":{"@context":"https:\/\/schema.org","@graph":[{"@type":"WebPage","@id":"https:\/\/rosaeterna.online\/de\/p\/ewige-fuchsiafarbene-rose\/","url":"https:\/\/rosaeterna.online\/de\/p\/ewige-fuchsiafarbene-rose\/","name":"Kaufe deine Eternal Fuchsia Rose | Rosaeterna.online","isPartOf":{"@id":"https:\/\/rosaeterna.online\/de\/#website"},"primaryImageOfPage":{"@id":"https:\/\/rosaeterna.online\/de\/p\/ewige-fuchsiafarbene-rose\/#primaryimage"},"image":{"@id":"https:\/\/rosaeterna.online\/de\/p\/ewige-fuchsiafarbene-rose\/#primaryimage"},"thumbnailUrl":"https:\/\/rosaeterna.online\/wp-content\/uploads\/2018\/10\/rosa-eterna-fucsia-scaled.jpg","datePublished":"2024-07-10T16:57:54+00:00","dateModified":"2026-03-09T11:40:47+00:00","description":"Kaufe deine Eternal Fuchsia Rose zum besten Preis. Wir haben die gr\u00f6\u00dfte Auswahl an Gr\u00f6\u00dfen und Farben. Worauf wartest du noch, um dein Geschenk zu besorgen?","breadcrumb":{"@id":"https:\/\/rosaeterna.online\/de\/p\/ewige-fuchsiafarbene-rose\/#breadcrumb"},"inLanguage":"de","potentialAction":[{"@type":"ReadAction","target":["https:\/\/rosaeterna.online\/de\/p\/ewige-fuchsiafarbene-rose\/"]}]},{"@type":"ImageObject","inLanguage":"de","@id":"https:\/\/rosaeterna.online\/de\/p\/ewige-fuchsiafarbene-rose\/#primaryimage","url":"https:\/\/rosaeterna.online\/wp-content\/uploads\/2018\/10\/rosa-eterna-fucsia-scaled.jpg","contentUrl":"https:\/\/rosaeterna.online\/wp-content\/uploads\/2018\/10\/rosa-eterna-fucsia-scaled.jpg","width":2178,"height":2560,"caption":"fuchsia ewig rosa"},{"@type":"BreadcrumbList","@id":"https:\/\/rosaeterna.online\/de\/p\/ewige-fuchsiafarbene-rose\/#breadcrumb","itemListElement":[{"@type":"ListItem","position":1,"name":"Portada","item":"https:\/\/rosaeterna.online\/de\/"},{"@type":"ListItem","position":2,"name":"Produkte","item":"https:\/\/rosaeterna.online\/de\/produkte\/"},{"@type":"ListItem","position":3,"name":"Fuchsie ewige Rose"}]},{"@type":"WebSite","@id":"https:\/\/rosaeterna.online\/de\/#website","url":"https:\/\/rosaeterna.online\/de\/","name":"Rosa Eterna","description":"Haz que dure","potentialAction":[{"@type":"SearchAction","target":{"@type":"EntryPoint","urlTemplate":"https:\/\/rosaeterna.online\/de\/?s={search_term_string}"},"query-input":{"@type":"PropertyValueSpecification","valueRequired":true,"valueName":"search_term_string"}}],"inLanguage":"de"}]}},"uagb_featured_image_src":{"full":["https:\/\/rosaeterna.online\/wp-content\/uploads\/2018\/10\/rosa-eterna-fucsia-scaled.jpg",2178,2560,false],"thumbnail":["https:\/\/rosaeterna.online\/wp-content\/uploads\/2018\/10\/rosa-eterna-fucsia-150x150.jpg",150,150,true],"medium":["https:\/\/rosaeterna.online\/wp-content\/uploads\/2018\/10\/rosa-eterna-fucsia-255x300.jpg",255,300,true],"medium_large":["https:\/\/rosaeterna.online\/wp-content\/uploads\/2018\/10\/rosa-eterna-fucsia-768x903.jpg",768,903,true],"large":["https:\/\/rosaeterna.online\/wp-content\/uploads\/2018\/10\/rosa-eterna-fucsia-871x1024.jpg",871,1024,true],"1536x1536":["https:\/\/rosaeterna.online\/wp-content\/uploads\/2018\/10\/rosa-eterna-fucsia-scaled.jpg",1307,1536,false],"2048x2048":["https:\/\/rosaeterna.online\/wp-content\/uploads\/2018\/10\/rosa-eterna-fucsia-scaled.jpg",1742,2048,false],"blog-isotope":["https:\/\/rosaeterna.online\/wp-content\/uploads\/2018\/10\/rosa-eterna-fucsia-scaled.jpg",425,500,false],"woocommerce_thumbnail":["https:\/\/rosaeterna.online\/wp-content\/uploads\/2018\/10\/rosa-eterna-fucsia-350x435.jpg",350,435,true],"woocommerce_single":["https:\/\/rosaeterna.online\/wp-content\/uploads\/2018\/10\/rosa-eterna-fucsia-920x1082.jpg",920,1082,true],"woocommerce_gallery_thumbnail":["https:\/\/rosaeterna.online\/wp-content\/uploads\/2018\/10\/rosa-eterna-fucsia-100x100.jpg",100,100,true],"eh_logo_image_size":["https:\/\/rosaeterna.online\/wp-content\/uploads\/2018\/10\/rosa-eterna-fucsia-scaled.jpg",77,90,false],"eh_header_image_size":["https:\/\/rosaeterna.online\/wp-content\/uploads\/2018\/10\/rosa-eterna-fucsia-scaled.jpg",77,90,false],"wcpr-photo-reviews":["https:\/\/rosaeterna.online\/wp-content\/uploads\/2018\/10\/rosa-eterna-fucsia-scaled.jpg",425,500,false]},"uagb_author_info":{"display_name":"Patricia Mart\u00edn","author_link":"https:\/\/rosaeterna.online\/de"},"uagb_comment_info":0,"uagb_excerpt":"Kaufe deine ewige fuchsiafarbene Rose zum besten Preis und \u00fcberrasche mit einem originellen Geschenk GRATIS Versand!","_links":{"self":[{"href":"https:\/\/rosaeterna.online\/de\/wp-json\/wp\/v2\/product\/15914","targetHints":{"allow":["GET"]}}],"collection":[{"href":"https:\/\/rosaeterna.online\/de\/wp-json\/wp\/v2\/product"}],"about":[{"href":"https:\/\/rosaeterna.online\/de\/wp-json\/wp\/v2\/types\/product"}],"replies":[{"embeddable":true,"href":"https:\/\/rosaeterna.online\/de\/wp-json\/wp\/v2\/comments?post=15914"}],"wp:featuredmedia":[{"embeddable":true,"href":"https:\/\/rosaeterna.online\/de\/wp-json\/wp\/v2\/media\/8958"}],"wp:attachment":[{"href":"https:\/\/rosaeterna.online\/de\/wp-json\/wp\/v2\/media?parent=15914"}],"wp:term":[{"taxonomy":"product_brand","embeddable":true,"href":"https:\/\/rosaeterna.online\/de\/wp-json\/wp\/v2\/product_brand?post=15914"},{"taxonomy":"product_cat","embeddable":true,"href":"https:\/\/rosaeterna.online\/de\/wp-json\/wp\/v2\/product_cat?post=15914"},{"taxonomy":"product_tag","embeddable":true,"href":"https:\/\/rosaeterna.online\/de\/wp-json\/wp\/v2\/product_tag?post=15914"}],"curies":[{"name":"wp","href":"https:\/\/api.w.org\/{rel}","templated":true}]}}