{"id":15890,"date":"2024-07-09T19:51:15","date_gmt":"2024-07-09T19:51:15","guid":{"rendered":"https:\/\/rosaeterna.online\/producto\/ewige-regenbogenrose\/"},"modified":"2025-04-13T08:28:54","modified_gmt":"2025-04-13T08:28:54","slug":"ewige-regenbogenrose","status":"publish","type":"product","link":"https:\/\/rosaeterna.online\/de\/p\/ewige-regenbogenrose\/","title":{"rendered":"Immerw\u00e4hrende Regenbogenrose"},"content":{"rendered":"<p style=\"text-align: justify;\">Die immerw\u00e4hrende Regenbogenrose ist ideal, um eine Vielzahl von Emotionen auszudr\u00fccken, denn sie ist eine der originellsten <a href=\"https:\/\/rosaeterna.online\/de\/\">konservierten Rosen<\/a>, die du finden kannst.<\/p>\n<p>  Sie ist eine Blume, die die Emotionen von Freude, Leidenschaft, Treue, Reinheit, Liebe oder Freundschaft in sich vereint.<br \/>\nMit ihrer tollen Farbe zieht sie das Gl\u00fcck an und ist die perfekte Rose, um sie zu den gl\u00fccklichsten Anl\u00e4ssen deines Lebens zu verschenken.<br \/>\nWenn du jemandem eine Freude machen willst, wird dieses Geschenk zweifellos ein gro\u00dfer Erfolg sein.    <\/p>\n<p style=\"text-align: justify;\">Entschieden?<br \/>\nJetzt wei\u00dft du, wo du sie kaufen kannst. Hol sie dir in unserem Online Shop.<br \/>\nKaufe deine Regenbogenrose zum besten Preis und spare dank unseres kostenlosen Versandtarifs beim Versand.<br \/>\nAuf diese Weise kannst du einer Person, die eine schwierige Situation durchmacht, in jedem besonderen Moment Unterst\u00fctzung und Solidarit\u00e4t ausdr\u00fccken oder einen besonderen Tag feiern.   <\/p>\n<p style=\"text-align: justify;\">Wenn du mehr \u00fcber <a href=\"https:\/\/rosaeterna.online\/de\/die-mehrfarbige-regenbogenrose-existiert\/\">mehrfarbige Regenbogenrosen<\/a> wissen willst, solltest du unseren Beitrag nicht verpassen, in dem wir dir alles Wissenswerte \u00fcber diese ideale Rose erz\u00e4hlen. Nutze unser Kontaktformular, wenn du Fragen hast!<\/p>\n","protected":false},"excerpt":{"rendered":"<p style=\"text-align: justify;\">Kaufe die Regenbogenrosen und \u00fcberrasche deinen Partner oder deine Partnerin mit einer bunten Rose. Sie werden es lieben!<\/p>\n","protected":false},"featured_media":8944,"comment_status":"open","ping_status":"closed","template":"","meta":{"_uag_custom_page_level_css":"","_joinchat":[]},"product_brand":[],"product_cat":[82],"product_tag":[],"class_list":{"0":"post-15890","1":"product","2":"type-product","3":"status-publish","4":"has-post-thumbnail","6":"product_cat-konservierte-rosen-mit-stiel","8":"first","9":"instock","10":"taxable","11":"shipping-taxable","12":"purchasable","13":"product-type-simple","14":"add-to-wishlist-after_add_to_cart"},"yoast_head":"<!-- This site is optimized with the Yoast SEO plugin v25.0 - https:\/\/yoast.com\/wordpress\/plugins\/seo\/ -->\n<title>Regenbogenrosen zum besten Preis kaufen | Rosaeterna.online<\/title>\n<meta name=\"description\" content=\"Kaufe deine Regenbogenrose zum besten Preis. Nur bei Rosaeterna.online hast du eine gro\u00dfe Auswahl an konservierten Blumen, die du nicht verpassen solltest!\" \/>\n<meta name=\"robots\" content=\"index, follow, max-snippet:-1, max-image-preview:large, max-video-preview:-1\" \/>\n<link rel=\"canonical\" href=\"https:\/\/rosaeterna.online\/de\/p\/ewige-regenbogenrose\/\" \/>\n<meta property=\"og:locale\" content=\"de_DE\" \/>\n<meta property=\"og:type\" content=\"article\" \/>\n<meta property=\"og:title\" content=\"Regenbogenrosen zum besten Preis kaufen | Rosaeterna.online\" \/>\n<meta property=\"og:description\" content=\"Kaufe deine Regenbogenrose zum besten Preis. Nur bei Rosaeterna.online hast du eine gro\u00dfe Auswahl an konservierten Blumen, die du nicht verpassen solltest!\" \/>\n<meta property=\"og:url\" content=\"https:\/\/rosaeterna.online\/de\/p\/ewige-regenbogenrose\/\" \/>\n<meta property=\"og:site_name\" content=\"Rosa Eterna\" \/>\n<meta property=\"article:modified_time\" content=\"2025-04-13T08:28:54+00:00\" \/>\n<meta property=\"og:image\" content=\"https:\/\/rosaeterna.online\/wp-content\/uploads\/2018\/05\/rosa-eterna-arcoiris-scaled.jpg\" \/>\n\t<meta property=\"og:image:width\" content=\"2113\" \/>\n\t<meta property=\"og:image:height\" content=\"2560\" \/>\n\t<meta property=\"og:image:type\" content=\"image\/jpeg\" \/>\n<meta name=\"twitter:card\" content=\"summary_large_image\" \/>\n<meta name=\"twitter:label1\" content=\"Gesch\u00e4tzte Lesezeit\" \/>\n\t<meta name=\"twitter:data1\" content=\"1\u00a0Minute\" \/>\n<!-- \/ Yoast SEO plugin. -->","yoast_head_json":{"title":"Regenbogenrosen zum besten Preis kaufen | Rosaeterna.online","description":"Kaufe deine Regenbogenrose zum besten Preis. Nur bei Rosaeterna.online hast du eine gro\u00dfe Auswahl an konservierten Blumen, die du nicht verpassen solltest!","robots":{"index":"index","follow":"follow","max-snippet":"max-snippet:-1","max-image-preview":"max-image-preview:large","max-video-preview":"max-video-preview:-1"},"canonical":"https:\/\/rosaeterna.online\/de\/p\/ewige-regenbogenrose\/","og_locale":"de_DE","og_type":"article","og_title":"Regenbogenrosen zum besten Preis kaufen | Rosaeterna.online","og_description":"Kaufe deine Regenbogenrose zum besten Preis. Nur bei Rosaeterna.online hast du eine gro\u00dfe Auswahl an konservierten Blumen, die du nicht verpassen solltest!","og_url":"https:\/\/rosaeterna.online\/de\/p\/ewige-regenbogenrose\/","og_site_name":"Rosa Eterna","article_modified_time":"2025-04-13T08:28:54+00:00","og_image":[{"width":2113,"height":2560,"url":"https:\/\/rosaeterna.online\/wp-content\/uploads\/2018\/05\/rosa-eterna-arcoiris-scaled.jpg","type":"image\/jpeg"}],"twitter_card":"summary_large_image","twitter_misc":{"Gesch\u00e4tzte Lesezeit":"1\u00a0Minute"},"schema":{"@context":"https:\/\/schema.org","@graph":[{"@type":"WebPage","@id":"https:\/\/rosaeterna.online\/de\/p\/ewige-regenbogenrose\/","url":"https:\/\/rosaeterna.online\/de\/p\/ewige-regenbogenrose\/","name":"Regenbogenrosen zum besten Preis kaufen | Rosaeterna.online","isPartOf":{"@id":"https:\/\/rosaeterna.online\/de\/#website"},"primaryImageOfPage":{"@id":"https:\/\/rosaeterna.online\/de\/p\/ewige-regenbogenrose\/#primaryimage"},"image":{"@id":"https:\/\/rosaeterna.online\/de\/p\/ewige-regenbogenrose\/#primaryimage"},"thumbnailUrl":"https:\/\/rosaeterna.online\/wp-content\/uploads\/2018\/05\/rosa-eterna-arcoiris-scaled.jpg","datePublished":"2024-07-09T19:51:15+00:00","dateModified":"2025-04-13T08:28:54+00:00","description":"Kaufe deine Regenbogenrose zum besten Preis. Nur bei Rosaeterna.online hast du eine gro\u00dfe Auswahl an konservierten Blumen, die du nicht verpassen solltest!","breadcrumb":{"@id":"https:\/\/rosaeterna.online\/de\/p\/ewige-regenbogenrose\/#breadcrumb"},"inLanguage":"de","potentialAction":[{"@type":"ReadAction","target":["https:\/\/rosaeterna.online\/de\/p\/ewige-regenbogenrose\/"]}]},{"@type":"ImageObject","inLanguage":"de","@id":"https:\/\/rosaeterna.online\/de\/p\/ewige-regenbogenrose\/#primaryimage","url":"https:\/\/rosaeterna.online\/wp-content\/uploads\/2018\/05\/rosa-eterna-arcoiris-scaled.jpg","contentUrl":"https:\/\/rosaeterna.online\/wp-content\/uploads\/2018\/05\/rosa-eterna-arcoiris-scaled.jpg","width":2113,"height":2560,"caption":"Ewige Regenbogenrose"},{"@type":"BreadcrumbList","@id":"https:\/\/rosaeterna.online\/de\/p\/ewige-regenbogenrose\/#breadcrumb","itemListElement":[{"@type":"ListItem","position":1,"name":"Portada","item":"https:\/\/rosaeterna.online\/de\/"},{"@type":"ListItem","position":2,"name":"Produkte","item":"https:\/\/rosaeterna.online\/de\/produkte\/"},{"@type":"ListItem","position":3,"name":"Immerw\u00e4hrende Regenbogenrose"}]},{"@type":"WebSite","@id":"https:\/\/rosaeterna.online\/de\/#website","url":"https:\/\/rosaeterna.online\/de\/","name":"Rosa Eterna","description":"Haz que dure","potentialAction":[{"@type":"SearchAction","target":{"@type":"EntryPoint","urlTemplate":"https:\/\/rosaeterna.online\/de\/?s={search_term_string}"},"query-input":{"@type":"PropertyValueSpecification","valueRequired":true,"valueName":"search_term_string"}}],"inLanguage":"de"}]}},"uagb_featured_image_src":{"full":["https:\/\/rosaeterna.online\/wp-content\/uploads\/2018\/05\/rosa-eterna-arcoiris-scaled.jpg",2113,2560,false],"thumbnail":["https:\/\/rosaeterna.online\/wp-content\/uploads\/2018\/05\/rosa-eterna-arcoiris-150x150.jpg",150,150,true],"medium":["https:\/\/rosaeterna.online\/wp-content\/uploads\/2018\/05\/rosa-eterna-arcoiris-248x300.jpg",248,300,true],"medium_large":["https:\/\/rosaeterna.online\/wp-content\/uploads\/2018\/05\/rosa-eterna-arcoiris-768x930.jpg",768,930,true],"large":["https:\/\/rosaeterna.online\/wp-content\/uploads\/2018\/05\/rosa-eterna-arcoiris-845x1024.jpg",845,1024,true],"1536x1536":["https:\/\/rosaeterna.online\/wp-content\/uploads\/2018\/05\/rosa-eterna-arcoiris-scaled.jpg",1268,1536,false],"2048x2048":["https:\/\/rosaeterna.online\/wp-content\/uploads\/2018\/05\/rosa-eterna-arcoiris-scaled.jpg",1690,2048,false],"blog-isotope":["https:\/\/rosaeterna.online\/wp-content\/uploads\/2018\/05\/rosa-eterna-arcoiris-scaled.jpg",413,500,false],"woocommerce_thumbnail":["https:\/\/rosaeterna.online\/wp-content\/uploads\/2018\/05\/rosa-eterna-arcoiris-scaled-350x435.jpg",350,435,true],"woocommerce_single":["https:\/\/rosaeterna.online\/wp-content\/uploads\/2018\/05\/rosa-eterna-arcoiris-scaled-920x1115.jpg",920,1115,true],"woocommerce_gallery_thumbnail":["https:\/\/rosaeterna.online\/wp-content\/uploads\/2018\/05\/rosa-eterna-arcoiris-scaled-100x100.jpg",100,100,true],"eh_logo_image_size":["https:\/\/rosaeterna.online\/wp-content\/uploads\/2018\/05\/rosa-eterna-arcoiris-scaled.jpg",74,90,false],"eh_header_image_size":["https:\/\/rosaeterna.online\/wp-content\/uploads\/2018\/05\/rosa-eterna-arcoiris-scaled.jpg",74,90,false],"wcpr-photo-reviews":["https:\/\/rosaeterna.online\/wp-content\/uploads\/2018\/05\/rosa-eterna-arcoiris-scaled.jpg",413,500,false]},"uagb_author_info":{"display_name":"Fran","author_link":"https:\/\/rosaeterna.online\/de"},"uagb_comment_info":0,"uagb_excerpt":"Kaufe die Regenbogenrosen und \u00fcberrasche deinen Partner oder deine Partnerin mit einer bunten Rose. Sie werden es lieben!","_links":{"self":[{"href":"https:\/\/rosaeterna.online\/de\/wp-json\/wp\/v2\/product\/15890","targetHints":{"allow":["GET"]}}],"collection":[{"href":"https:\/\/rosaeterna.online\/de\/wp-json\/wp\/v2\/product"}],"about":[{"href":"https:\/\/rosaeterna.online\/de\/wp-json\/wp\/v2\/types\/product"}],"replies":[{"embeddable":true,"href":"https:\/\/rosaeterna.online\/de\/wp-json\/wp\/v2\/comments?post=15890"}],"wp:featuredmedia":[{"embeddable":true,"href":"https:\/\/rosaeterna.online\/de\/wp-json\/wp\/v2\/media\/8944"}],"wp:attachment":[{"href":"https:\/\/rosaeterna.online\/de\/wp-json\/wp\/v2\/media?parent=15890"}],"wp:term":[{"taxonomy":"product_brand","embeddable":true,"href":"https:\/\/rosaeterna.online\/de\/wp-json\/wp\/v2\/product_brand?post=15890"},{"taxonomy":"product_cat","embeddable":true,"href":"https:\/\/rosaeterna.online\/de\/wp-json\/wp\/v2\/product_cat?post=15890"},{"taxonomy":"product_tag","embeddable":true,"href":"https:\/\/rosaeterna.online\/de\/wp-json\/wp\/v2\/product_tag?post=15890"}],"curies":[{"name":"wp","href":"https:\/\/api.w.org\/{rel}","templated":true}]}}