{"id":15889,"date":"2024-07-04T13:48:42","date_gmt":"2024-07-04T13:48:42","guid":{"rendered":"https:\/\/rosaeterna.online\/producto\/ewige-rosafarbene-rose\/"},"modified":"2025-04-13T00:16:14","modified_gmt":"2025-04-13T00:16:14","slug":"ewige-rosafarbene-rose","status":"publish","type":"product","link":"https:\/\/rosaeterna.online\/de\/p\/ewige-rosafarbene-rose\/","title":{"rendered":"Ewige rosa Rose"},"content":{"rendered":"<p>Ewige rosa Rosen symbolisieren die Freundlichkeit, Sympathie, Dankbarkeit und Sch\u00f6nheit einer Person.<br \/>\nSie sind das perfekte Geschenk f\u00fcr eine Geste der Zuneigung mit einer Person, die du sch\u00e4tzt, und du kannst damit Respekt, Z\u00e4rtlichkeit und Bewunderung ausdr\u00fccken.<br \/>\nSie zeigen auch Dankbarkeit und die v\u00f6llige Abwesenheit von schlechten Gef\u00fchlen und Absichten.<br \/>\nEs ist eine sehr sch\u00f6ne Art, einer anderen Person zu zeigen, dass sie dir vertrauen kann und dass du f\u00fcr sie da sein wirst, wenn sie etwas braucht.<br \/>\nSie sind auch ein Symbol f\u00fcr eine reine und aufrichtige Liebe, die auf Offenheit ausgerichtet ist.<br \/>\nSie ist auch ideal, um die Sch\u00f6nheit einer Person hervorzuheben, daher ist diese Rose eine gute Wahl f\u00fcr ein Geschenk.       <\/p>\n<p style=\"text-align: justify;\">Diese Art von <a href=\"https:\/\/rosaeterna.online\/de\/\">konservierten Rosen<\/a> l\u00e4sst jeden, der sie sieht, sich verlieben. Tritt dem Club der Liebenden bei mit unserer sch\u00f6nen Rose!<\/p>\n<p style=\"text-align: justify;\">Und wenn du jetzt deine Bestellung aufgibst, erh\u00e4ltst du sie sofort und v\u00f6llig kostenlos, du wirst sie lieben, wenn du sie erh\u00e4ltst.<br \/>\nWenn du irgendwelche Fragen hast, kontaktiere uns bitte und wir werden dir gerne sofort helfen, wir warten auf dich! <\/p>\n","protected":false},"excerpt":{"rendered":"<p style=\"text-align: justify;\">Kaufe deine rosafarbene ewige Rose zum besten Preis, du wirst ihre lebendige Farbe und ihren Griff lieben. <strong>Kaufe jetzt und profitiere von KOSTENLOSEM Versand!<\/strong><\/p>\n","protected":false},"featured_media":8881,"comment_status":"open","ping_status":"closed","template":"","meta":{"_uag_custom_page_level_css":"","_joinchat":[]},"product_brand":[],"product_cat":[82],"product_tag":[],"class_list":{"0":"post-15889","1":"product","2":"type-product","3":"status-publish","4":"has-post-thumbnail","6":"product_cat-konservierte-rosen-mit-stiel","8":"first","9":"instock","10":"taxable","11":"shipping-taxable","12":"purchasable","13":"product-type-simple","14":"add-to-wishlist-after_add_to_cart"},"yoast_head":"<!-- This site is optimized with the Yoast SEO plugin v25.0 - https:\/\/yoast.com\/wordpress\/plugins\/seo\/ -->\n<title>Kaufe deine Rosa Eterna Rosa g\u00fcnstig Rosaeterna.online<\/title>\n<meta name=\"description\" content=\"Kaufe deine Eternal Pink Rose zum besten Preis in unserem Online Shop. Wir haben die gr\u00f6\u00dfte Auswahl an Farben. Nutze unseren GRATIS-Versand!\" \/>\n<meta name=\"robots\" content=\"index, follow, max-snippet:-1, max-image-preview:large, max-video-preview:-1\" \/>\n<link rel=\"canonical\" href=\"https:\/\/rosaeterna.online\/de\/p\/ewige-rosafarbene-rose\/\" \/>\n<meta property=\"og:locale\" content=\"de_DE\" \/>\n<meta property=\"og:type\" content=\"article\" \/>\n<meta property=\"og:title\" content=\"Kaufe deine Rosa Eterna Rosa g\u00fcnstig Rosaeterna.online\" \/>\n<meta property=\"og:description\" content=\"Kaufe deine Eternal Pink Rose zum besten Preis in unserem Online Shop. Wir haben die gr\u00f6\u00dfte Auswahl an Farben. Nutze unseren GRATIS-Versand!\" \/>\n<meta property=\"og:url\" content=\"https:\/\/rosaeterna.online\/de\/p\/ewige-rosafarbene-rose\/\" \/>\n<meta property=\"og:site_name\" content=\"Rosa Eterna\" \/>\n<meta property=\"article:modified_time\" content=\"2025-04-13T00:16:14+00:00\" \/>\n<meta property=\"og:image\" content=\"https:\/\/rosaeterna.online\/wp-content\/uploads\/2018\/04\/rosa-eterna-rosa-1-scaled.jpg\" \/>\n\t<meta property=\"og:image:width\" content=\"2057\" \/>\n\t<meta property=\"og:image:height\" content=\"2560\" \/>\n\t<meta property=\"og:image:type\" content=\"image\/jpeg\" \/>\n<meta name=\"twitter:card\" content=\"summary_large_image\" \/>\n<meta name=\"twitter:label1\" content=\"Gesch\u00e4tzte Lesezeit\" \/>\n\t<meta name=\"twitter:data1\" content=\"1\u00a0Minute\" \/>\n<!-- \/ Yoast SEO plugin. -->","yoast_head_json":{"title":"Kaufe deine Rosa Eterna Rosa g\u00fcnstig Rosaeterna.online","description":"Kaufe deine Eternal Pink Rose zum besten Preis in unserem Online Shop. Wir haben die gr\u00f6\u00dfte Auswahl an Farben. Nutze unseren GRATIS-Versand!","robots":{"index":"index","follow":"follow","max-snippet":"max-snippet:-1","max-image-preview":"max-image-preview:large","max-video-preview":"max-video-preview:-1"},"canonical":"https:\/\/rosaeterna.online\/de\/p\/ewige-rosafarbene-rose\/","og_locale":"de_DE","og_type":"article","og_title":"Kaufe deine Rosa Eterna Rosa g\u00fcnstig Rosaeterna.online","og_description":"Kaufe deine Eternal Pink Rose zum besten Preis in unserem Online Shop. Wir haben die gr\u00f6\u00dfte Auswahl an Farben. Nutze unseren GRATIS-Versand!","og_url":"https:\/\/rosaeterna.online\/de\/p\/ewige-rosafarbene-rose\/","og_site_name":"Rosa Eterna","article_modified_time":"2025-04-13T00:16:14+00:00","og_image":[{"width":2057,"height":2560,"url":"https:\/\/rosaeterna.online\/wp-content\/uploads\/2018\/04\/rosa-eterna-rosa-1-scaled.jpg","type":"image\/jpeg"}],"twitter_card":"summary_large_image","twitter_misc":{"Gesch\u00e4tzte Lesezeit":"1\u00a0Minute"},"schema":{"@context":"https:\/\/schema.org","@graph":[{"@type":"WebPage","@id":"https:\/\/rosaeterna.online\/de\/p\/ewige-rosafarbene-rose\/","url":"https:\/\/rosaeterna.online\/de\/p\/ewige-rosafarbene-rose\/","name":"Kaufe deine Rosa Eterna Rosa g\u00fcnstig Rosaeterna.online","isPartOf":{"@id":"https:\/\/rosaeterna.online\/de\/#website"},"primaryImageOfPage":{"@id":"https:\/\/rosaeterna.online\/de\/p\/ewige-rosafarbene-rose\/#primaryimage"},"image":{"@id":"https:\/\/rosaeterna.online\/de\/p\/ewige-rosafarbene-rose\/#primaryimage"},"thumbnailUrl":"https:\/\/rosaeterna.online\/wp-content\/uploads\/2018\/04\/rosa-eterna-rosa-1-scaled.jpg","datePublished":"2024-07-04T13:48:42+00:00","dateModified":"2025-04-13T00:16:14+00:00","description":"Kaufe deine Eternal Pink Rose zum besten Preis in unserem Online Shop. Wir haben die gr\u00f6\u00dfte Auswahl an Farben. Nutze unseren GRATIS-Versand!","breadcrumb":{"@id":"https:\/\/rosaeterna.online\/de\/p\/ewige-rosafarbene-rose\/#breadcrumb"},"inLanguage":"de","potentialAction":[{"@type":"ReadAction","target":["https:\/\/rosaeterna.online\/de\/p\/ewige-rosafarbene-rose\/"]}]},{"@type":"ImageObject","inLanguage":"de","@id":"https:\/\/rosaeterna.online\/de\/p\/ewige-rosafarbene-rose\/#primaryimage","url":"https:\/\/rosaeterna.online\/wp-content\/uploads\/2018\/04\/rosa-eterna-rosa-1-scaled.jpg","contentUrl":"https:\/\/rosaeterna.online\/wp-content\/uploads\/2018\/04\/rosa-eterna-rosa-1-scaled.jpg","width":2057,"height":2560,"caption":"Ewige rosa Rose"},{"@type":"BreadcrumbList","@id":"https:\/\/rosaeterna.online\/de\/p\/ewige-rosafarbene-rose\/#breadcrumb","itemListElement":[{"@type":"ListItem","position":1,"name":"Portada","item":"https:\/\/rosaeterna.online\/de\/"},{"@type":"ListItem","position":2,"name":"Produkte","item":"https:\/\/rosaeterna.online\/de\/produkte\/"},{"@type":"ListItem","position":3,"name":"Ewige rosa Rose"}]},{"@type":"WebSite","@id":"https:\/\/rosaeterna.online\/de\/#website","url":"https:\/\/rosaeterna.online\/de\/","name":"Rosa Eterna","description":"Haz que dure","potentialAction":[{"@type":"SearchAction","target":{"@type":"EntryPoint","urlTemplate":"https:\/\/rosaeterna.online\/de\/?s={search_term_string}"},"query-input":{"@type":"PropertyValueSpecification","valueRequired":true,"valueName":"search_term_string"}}],"inLanguage":"de"}]}},"uagb_featured_image_src":{"full":["https:\/\/rosaeterna.online\/wp-content\/uploads\/2018\/04\/rosa-eterna-rosa-1-scaled.jpg",2057,2560,false],"thumbnail":["https:\/\/rosaeterna.online\/wp-content\/uploads\/2018\/04\/rosa-eterna-rosa-1-150x150.jpg",150,150,true],"medium":["https:\/\/rosaeterna.online\/wp-content\/uploads\/2018\/04\/rosa-eterna-rosa-1-241x300.jpg",241,300,true],"medium_large":["https:\/\/rosaeterna.online\/wp-content\/uploads\/2018\/04\/rosa-eterna-rosa-1-768x956.jpg",768,956,true],"large":["https:\/\/rosaeterna.online\/wp-content\/uploads\/2018\/04\/rosa-eterna-rosa-1-823x1024.jpg",823,1024,true],"1536x1536":["https:\/\/rosaeterna.online\/wp-content\/uploads\/2018\/04\/rosa-eterna-rosa-1-scaled.jpg",1234,1536,false],"2048x2048":["https:\/\/rosaeterna.online\/wp-content\/uploads\/2018\/04\/rosa-eterna-rosa-1-scaled.jpg",1646,2048,false],"blog-isotope":["https:\/\/rosaeterna.online\/wp-content\/uploads\/2018\/04\/rosa-eterna-rosa-1-scaled.jpg",402,500,false],"woocommerce_thumbnail":["https:\/\/rosaeterna.online\/wp-content\/uploads\/2018\/04\/rosa-eterna-rosa-1-350x435.jpg",350,435,true],"woocommerce_single":["https:\/\/rosaeterna.online\/wp-content\/uploads\/2018\/04\/rosa-eterna-rosa-1-920x1145.jpg",920,1145,true],"woocommerce_gallery_thumbnail":["https:\/\/rosaeterna.online\/wp-content\/uploads\/2018\/04\/rosa-eterna-rosa-1-100x100.jpg",100,100,true],"eh_logo_image_size":["https:\/\/rosaeterna.online\/wp-content\/uploads\/2018\/04\/rosa-eterna-rosa-1-scaled.jpg",72,90,false],"eh_header_image_size":["https:\/\/rosaeterna.online\/wp-content\/uploads\/2018\/04\/rosa-eterna-rosa-1-scaled.jpg",72,90,false],"wcpr-photo-reviews":["https:\/\/rosaeterna.online\/wp-content\/uploads\/2018\/04\/rosa-eterna-rosa-1-scaled.jpg",402,500,false]},"uagb_author_info":{"display_name":"Fran","author_link":"https:\/\/rosaeterna.online\/de"},"uagb_comment_info":0,"uagb_excerpt":"Kaufe deine rosafarbene ewige Rose zum besten Preis, du wirst ihre lebendige Farbe und ihren Griff lieben. Kaufe jetzt und profitiere von KOSTENLOSEM Versand!","_links":{"self":[{"href":"https:\/\/rosaeterna.online\/de\/wp-json\/wp\/v2\/product\/15889","targetHints":{"allow":["GET"]}}],"collection":[{"href":"https:\/\/rosaeterna.online\/de\/wp-json\/wp\/v2\/product"}],"about":[{"href":"https:\/\/rosaeterna.online\/de\/wp-json\/wp\/v2\/types\/product"}],"replies":[{"embeddable":true,"href":"https:\/\/rosaeterna.online\/de\/wp-json\/wp\/v2\/comments?post=15889"}],"wp:featuredmedia":[{"embeddable":true,"href":"https:\/\/rosaeterna.online\/de\/wp-json\/wp\/v2\/media\/8881"}],"wp:attachment":[{"href":"https:\/\/rosaeterna.online\/de\/wp-json\/wp\/v2\/media?parent=15889"}],"wp:term":[{"taxonomy":"product_brand","embeddable":true,"href":"https:\/\/rosaeterna.online\/de\/wp-json\/wp\/v2\/product_brand?post=15889"},{"taxonomy":"product_cat","embeddable":true,"href":"https:\/\/rosaeterna.online\/de\/wp-json\/wp\/v2\/product_cat?post=15889"},{"taxonomy":"product_tag","embeddable":true,"href":"https:\/\/rosaeterna.online\/de\/wp-json\/wp\/v2\/product_tag?post=15889"}],"curies":[{"name":"wp","href":"https:\/\/api.w.org\/{rel}","templated":true}]}}