{"id":15888,"date":"2024-07-01T11:27:58","date_gmt":"2024-07-01T11:27:58","guid":{"rendered":"https:\/\/rosaeterna.online\/producto\/ewige-rote-rose\/"},"modified":"2025-11-02T13:01:30","modified_gmt":"2025-11-02T13:01:30","slug":"ewige-rote-rose","status":"publish","type":"product","link":"https:\/\/rosaeterna.online\/de\/p\/ewige-rote-rose\/","title":{"rendered":"Ewige rote Rose"},"content":{"rendered":"<p style=\"text-align: justify;\">Wenn du ein Purist bist, ist es klar, dass die Schokolade dunkel und die Rosen rot sind. So ist es auch bei den <a href=\"https:\/\/rosaeterna.online\/de\/\">konservierten Rosen<\/a>, bei denen die rote Farbe als eine der am meisten gew\u00fcnschten von allen unseren Kunden im Land wiederholt wird.<\/p>\n<p>  Das liegt daran, dass Sora-Rosen Leidenschaft und Liebe symbolisieren. Sie sind also perfekt, um einem besonderen Menschen ein Statement zu geben.<br \/>\nSie sind ideal als Valentinstags- oder Jahrestagsgeschenk f\u00fcr deinen Partner, denn diese Blumen sind das unbestrittene Symbol der Liebe.<br \/>\nDiese Blumen k\u00f6nnen auch ein Zeichen f\u00fcr gemeinsamen Respekt und Liebe sein.<br \/>\nEs sind auch Rosen, die man einer besonderen Person als Zeichen des Respekts schenken kann, also sind es Rosen, die ideal f\u00fcr jeden Anlass sind.     <\/p>\n<p style=\"text-align: justify;\">W\u00e4hle den, der dir am besten gef\u00e4llt, und wir schicken ihn dir zum besten Preis zu.<br \/>\nDu wirst von deinem Kauf begeistert sein.<br \/>\nWenn du Fragen hast, z\u00f6gere bitte nicht, uns zu kontaktieren, wir helfen dir gerne weiter. Bis dann!  <\/p>\n","protected":false},"excerpt":{"rendered":"<p style=\"text-align: justify;\">Kaufe deine rote ewige Rose und werde zum Vintage-Geschenkgeber, jeder wird sie lieben, du wirst sehen!<br \/>\nW\u00e4hle die Farbe, die dir gef\u00e4llt und lass uns wissen, wenn du Fragen hast. <\/p>\n","protected":false},"featured_media":8930,"comment_status":"open","ping_status":"closed","template":"","meta":{"_uag_custom_page_level_css":"","_joinchat":[]},"product_brand":[],"product_cat":[82],"product_tag":[],"class_list":{"0":"post-15888","1":"product","2":"type-product","3":"status-publish","4":"has-post-thumbnail","6":"product_cat-konservierte-rosen-mit-stiel","8":"first","9":"instock","10":"taxable","11":"shipping-taxable","12":"purchasable","13":"product-type-simple","14":"add-to-wishlist-after_add_to_cart"},"yoast_head":"<!-- This site is optimized with the Yoast SEO plugin v25.0 - https:\/\/yoast.com\/wordpress\/plugins\/seo\/ -->\n<title>Kaufe deine Ewige Rote Rose zum besten Preis | Rosaeterna.online<\/title>\n<meta name=\"description\" content=\"Kaufe deine rote ewige Rose zum besten Preis bei uns. Wir haben die gr\u00f6\u00dfte Auswahl an Farben f\u00fcr jeden Geschmack. Verpasse sie nicht!\" \/>\n<meta name=\"robots\" content=\"index, follow, max-snippet:-1, max-image-preview:large, max-video-preview:-1\" \/>\n<link rel=\"canonical\" href=\"https:\/\/rosaeterna.online\/de\/p\/ewige-rote-rose\/\" \/>\n<meta property=\"og:locale\" content=\"de_DE\" \/>\n<meta property=\"og:type\" content=\"article\" \/>\n<meta property=\"og:title\" content=\"Kaufe deine Ewige Rote Rose zum besten Preis | Rosaeterna.online\" \/>\n<meta property=\"og:description\" content=\"Kaufe deine rote ewige Rose zum besten Preis bei uns. Wir haben die gr\u00f6\u00dfte Auswahl an Farben f\u00fcr jeden Geschmack. Verpasse sie nicht!\" \/>\n<meta property=\"og:url\" content=\"https:\/\/rosaeterna.online\/de\/p\/ewige-rote-rose\/\" \/>\n<meta property=\"og:site_name\" content=\"Rosa Eterna\" \/>\n<meta property=\"article:modified_time\" content=\"2025-11-02T13:01:30+00:00\" \/>\n<meta property=\"og:image\" content=\"https:\/\/rosaeterna.online\/wp-content\/uploads\/2017\/12\/rosa-eterna-roja-2-scaled.jpg\" \/>\n\t<meta property=\"og:image:width\" content=\"2186\" \/>\n\t<meta property=\"og:image:height\" content=\"2560\" \/>\n\t<meta property=\"og:image:type\" content=\"image\/jpeg\" \/>\n<meta name=\"twitter:card\" content=\"summary_large_image\" \/>\n<meta name=\"twitter:label1\" content=\"Gesch\u00e4tzte Lesezeit\" \/>\n\t<meta name=\"twitter:data1\" content=\"1\u00a0Minute\" \/>\n<!-- \/ Yoast SEO plugin. -->","yoast_head_json":{"title":"Kaufe deine Ewige Rote Rose zum besten Preis | Rosaeterna.online","description":"Kaufe deine rote ewige Rose zum besten Preis bei uns. Wir haben die gr\u00f6\u00dfte Auswahl an Farben f\u00fcr jeden Geschmack. Verpasse sie nicht!","robots":{"index":"index","follow":"follow","max-snippet":"max-snippet:-1","max-image-preview":"max-image-preview:large","max-video-preview":"max-video-preview:-1"},"canonical":"https:\/\/rosaeterna.online\/de\/p\/ewige-rote-rose\/","og_locale":"de_DE","og_type":"article","og_title":"Kaufe deine Ewige Rote Rose zum besten Preis | Rosaeterna.online","og_description":"Kaufe deine rote ewige Rose zum besten Preis bei uns. Wir haben die gr\u00f6\u00dfte Auswahl an Farben f\u00fcr jeden Geschmack. Verpasse sie nicht!","og_url":"https:\/\/rosaeterna.online\/de\/p\/ewige-rote-rose\/","og_site_name":"Rosa Eterna","article_modified_time":"2025-11-02T13:01:30+00:00","og_image":[{"width":2186,"height":2560,"url":"https:\/\/rosaeterna.online\/wp-content\/uploads\/2017\/12\/rosa-eterna-roja-2-scaled.jpg","type":"image\/jpeg"}],"twitter_card":"summary_large_image","twitter_misc":{"Gesch\u00e4tzte Lesezeit":"1\u00a0Minute"},"schema":{"@context":"https:\/\/schema.org","@graph":[{"@type":"WebPage","@id":"https:\/\/rosaeterna.online\/de\/p\/ewige-rote-rose\/","url":"https:\/\/rosaeterna.online\/de\/p\/ewige-rote-rose\/","name":"Kaufe deine Ewige Rote Rose zum besten Preis | Rosaeterna.online","isPartOf":{"@id":"https:\/\/rosaeterna.online\/de\/#website"},"primaryImageOfPage":{"@id":"https:\/\/rosaeterna.online\/de\/p\/ewige-rote-rose\/#primaryimage"},"image":{"@id":"https:\/\/rosaeterna.online\/de\/p\/ewige-rote-rose\/#primaryimage"},"thumbnailUrl":"https:\/\/rosaeterna.online\/wp-content\/uploads\/2017\/12\/rosa-eterna-roja-2-scaled.jpg","datePublished":"2024-07-01T11:27:58+00:00","dateModified":"2025-11-02T13:01:30+00:00","description":"Kaufe deine rote ewige Rose zum besten Preis bei uns. Wir haben die gr\u00f6\u00dfte Auswahl an Farben f\u00fcr jeden Geschmack. Verpasse sie nicht!","breadcrumb":{"@id":"https:\/\/rosaeterna.online\/de\/p\/ewige-rote-rose\/#breadcrumb"},"inLanguage":"de","potentialAction":[{"@type":"ReadAction","target":["https:\/\/rosaeterna.online\/de\/p\/ewige-rote-rose\/"]}]},{"@type":"ImageObject","inLanguage":"de","@id":"https:\/\/rosaeterna.online\/de\/p\/ewige-rote-rose\/#primaryimage","url":"https:\/\/rosaeterna.online\/wp-content\/uploads\/2017\/12\/rosa-eterna-roja-2-scaled.jpg","contentUrl":"https:\/\/rosaeterna.online\/wp-content\/uploads\/2017\/12\/rosa-eterna-roja-2-scaled.jpg","width":2186,"height":2560,"caption":"rote ewige Rose"},{"@type":"BreadcrumbList","@id":"https:\/\/rosaeterna.online\/de\/p\/ewige-rote-rose\/#breadcrumb","itemListElement":[{"@type":"ListItem","position":1,"name":"Portada","item":"https:\/\/rosaeterna.online\/de\/"},{"@type":"ListItem","position":2,"name":"Produkte","item":"https:\/\/rosaeterna.online\/de\/produkte\/"},{"@type":"ListItem","position":3,"name":"Ewige rote Rose"}]},{"@type":"WebSite","@id":"https:\/\/rosaeterna.online\/de\/#website","url":"https:\/\/rosaeterna.online\/de\/","name":"Rosa Eterna","description":"Haz que dure","potentialAction":[{"@type":"SearchAction","target":{"@type":"EntryPoint","urlTemplate":"https:\/\/rosaeterna.online\/de\/?s={search_term_string}"},"query-input":{"@type":"PropertyValueSpecification","valueRequired":true,"valueName":"search_term_string"}}],"inLanguage":"de"}]}},"uagb_featured_image_src":{"full":["https:\/\/rosaeterna.online\/wp-content\/uploads\/2017\/12\/rosa-eterna-roja-2-scaled.jpg",2186,2560,false],"thumbnail":["https:\/\/rosaeterna.online\/wp-content\/uploads\/2017\/12\/rosa-eterna-roja-2-150x150.jpg",150,150,true],"medium":["https:\/\/rosaeterna.online\/wp-content\/uploads\/2017\/12\/rosa-eterna-roja-2-256x300.jpg",256,300,true],"medium_large":["https:\/\/rosaeterna.online\/wp-content\/uploads\/2017\/12\/rosa-eterna-roja-2-768x899.jpg",768,899,true],"large":["https:\/\/rosaeterna.online\/wp-content\/uploads\/2017\/12\/rosa-eterna-roja-2-874x1024.jpg",874,1024,true],"1536x1536":["https:\/\/rosaeterna.online\/wp-content\/uploads\/2017\/12\/rosa-eterna-roja-2-scaled.jpg",1312,1536,false],"2048x2048":["https:\/\/rosaeterna.online\/wp-content\/uploads\/2017\/12\/rosa-eterna-roja-2-scaled.jpg",1749,2048,false],"blog-isotope":["https:\/\/rosaeterna.online\/wp-content\/uploads\/2017\/12\/rosa-eterna-roja-2-scaled.jpg",427,500,false],"woocommerce_thumbnail":["https:\/\/rosaeterna.online\/wp-content\/uploads\/2017\/12\/rosa-eterna-roja-2-350x435.jpg",350,435,true],"woocommerce_single":["https:\/\/rosaeterna.online\/wp-content\/uploads\/2017\/12\/rosa-eterna-roja-2-920x1077.jpg",920,1077,true],"woocommerce_gallery_thumbnail":["https:\/\/rosaeterna.online\/wp-content\/uploads\/2017\/12\/rosa-eterna-roja-2-100x100.jpg",100,100,true],"eh_logo_image_size":["https:\/\/rosaeterna.online\/wp-content\/uploads\/2017\/12\/rosa-eterna-roja-2-scaled.jpg",77,90,false],"eh_header_image_size":["https:\/\/rosaeterna.online\/wp-content\/uploads\/2017\/12\/rosa-eterna-roja-2-scaled.jpg",77,90,false],"wcpr-photo-reviews":["https:\/\/rosaeterna.online\/wp-content\/uploads\/2017\/12\/rosa-eterna-roja-2-scaled.jpg",427,500,false]},"uagb_author_info":{"display_name":"Fran","author_link":"https:\/\/rosaeterna.online\/de"},"uagb_comment_info":0,"uagb_excerpt":"Kaufe deine rote ewige Rose und werde zum Vintage-Geschenkgeber, jeder wird sie lieben, du wirst sehen! W\u00e4hle die Farbe, die dir gef\u00e4llt und lass uns wissen, wenn du Fragen hast.","_links":{"self":[{"href":"https:\/\/rosaeterna.online\/de\/wp-json\/wp\/v2\/product\/15888","targetHints":{"allow":["GET"]}}],"collection":[{"href":"https:\/\/rosaeterna.online\/de\/wp-json\/wp\/v2\/product"}],"about":[{"href":"https:\/\/rosaeterna.online\/de\/wp-json\/wp\/v2\/types\/product"}],"replies":[{"embeddable":true,"href":"https:\/\/rosaeterna.online\/de\/wp-json\/wp\/v2\/comments?post=15888"}],"wp:featuredmedia":[{"embeddable":true,"href":"https:\/\/rosaeterna.online\/de\/wp-json\/wp\/v2\/media\/8930"}],"wp:attachment":[{"href":"https:\/\/rosaeterna.online\/de\/wp-json\/wp\/v2\/media?parent=15888"}],"wp:term":[{"taxonomy":"product_brand","embeddable":true,"href":"https:\/\/rosaeterna.online\/de\/wp-json\/wp\/v2\/product_brand?post=15888"},{"taxonomy":"product_cat","embeddable":true,"href":"https:\/\/rosaeterna.online\/de\/wp-json\/wp\/v2\/product_cat?post=15888"},{"taxonomy":"product_tag","embeddable":true,"href":"https:\/\/rosaeterna.online\/de\/wp-json\/wp\/v2\/product_tag?post=15888"}],"curies":[{"name":"wp","href":"https:\/\/api.w.org\/{rel}","templated":true}]}}