{"id":15850,"date":"2024-06-28T00:17:27","date_gmt":"2024-06-28T00:17:27","guid":{"rendered":"https:\/\/rosaeterna.online\/producto\/ewige-blaue-rose\/"},"modified":"2024-11-08T11:03:58","modified_gmt":"2024-11-08T11:03:58","slug":"ewige-blaue-rose","status":"publish","type":"product","link":"https:\/\/rosaeterna.online\/de\/p\/ewige-blaue-rose\/","title":{"rendered":"Ewige blaue Rose"},"content":{"rendered":"<p style=\"text-align: justify;\">Denkst du dar\u00fcber nach, eine blaue ewige Rose zu kaufen?<br \/>\nDann gibt es zwei M\u00f6glichkeiten: Entweder du willst sie jemandem Besonderen schenken oder du willst dir selbst ein Geschenk machen (was auch cool ist, oder?).<br \/>\nManchmal k\u00f6nnen Gesten mehr ausdr\u00fccken als Worte, und bei Rosen ist das nicht anders.  <\/p>\n<p>  Die blaue ewige Rose wird mit Sehnsucht und ewiger Liebe in Verbindung gebracht und ist eine leidenschaftliche Rosenfarbe.<br \/>\nAu\u00dferdem wird die Farbe Blau mit Mystik und Natur in Verbindung gebracht, da es sich um sehr sch\u00f6ne Blumen handelt.<br \/>\nAu\u00dferdem symbolisieren sie befreiende Gef\u00fchle oder Vertrauen und sind die perfekte Wahl, um deine Liebe zu zeigen.<br \/>\nDenn sie stehen f\u00fcr ewige Liebe und die Hoffnung, eine schwierige oder unm\u00f6gliche Liebe zu erreichen.<br \/>\nNat\u00fcrlich gibt es keine blauen Rosen, also symbolisieren sie das Erreichen des Unm\u00f6glichen.<br \/>\nDiese werden k\u00fcnstlich hergestellt und sind zweifellos ein tolles Geschenk f\u00fcr deinen Partner.<br \/>\nUnsere Preise enthalten die Mehrwertsteuer und alle Steuern. Das bedeutet, dass in deinem Einkaufswagen keine \u00dcberraschungen auf dich warten &#8211; garantiert!<br \/>\nLass dir die verschiedenen Farben nicht entgehen, die wir bei <strong>rosaeterna.online<\/strong> anbieten, du wirst sehen, wie sie dir gefallen.<br \/>\nZ\u00e4hle auf uns, wenn du Fragen zu unserer blauen ewigen Rose hast. Wir warten auf der anderen Seite auf dich!        <\/p>\n","protected":false},"excerpt":{"rendered":"<p style=\"text-align: justify;\">Die blaue immerw\u00e4hrende Rose ist ideal f\u00fcr alle Liebhaber dieser sch\u00f6nen Farbe. Wenn du zu ihnen geh\u00f6rst, w\u00e4re es toll, eine unserer ausgezeichneten <a href=\"https:\/\/rosaeterna.online\/\">immerw\u00e4hrenden Rosen<\/a> zu bekommen <a href=\"https:\/\/rosaeterna.online\/\">.<\/a><\/p>\n","protected":false},"featured_media":8916,"comment_status":"open","ping_status":"closed","template":"","meta":{"_uag_custom_page_level_css":"","_joinchat":[]},"product_brand":[],"product_cat":[82],"product_tag":[],"class_list":{"0":"post-15850","1":"product","2":"type-product","3":"status-publish","4":"has-post-thumbnail","6":"product_cat-konservierte-rosen-mit-stiel","8":"first","9":"instock","10":"taxable","11":"shipping-taxable","12":"purchasable","13":"product-type-simple","14":"add-to-wishlist-after_add_to_cart"},"yoast_head":"<!-- This site is optimized with the Yoast SEO plugin v25.0 - https:\/\/yoast.com\/wordpress\/plugins\/seo\/ -->\n<title>Kaufen Sie Ihre Eternal Blue Rose zum besten Preis | Rosaeterna.online<\/title>\n<meta name=\"description\" content=\"Kaufe deine blaue Eternal Rose zum besten Preis. Wir haben die gr\u00f6\u00dfte Auswahl an Modellen. Wir warten in unserem Onlineshop mit den besten Blumen auf dich, komm JETZT rein!\" \/>\n<meta name=\"robots\" content=\"index, follow, max-snippet:-1, max-image-preview:large, max-video-preview:-1\" \/>\n<link rel=\"canonical\" href=\"https:\/\/rosaeterna.online\/de\/p\/ewige-blaue-rose\/\" \/>\n<meta property=\"og:locale\" content=\"de_DE\" \/>\n<meta property=\"og:type\" content=\"article\" \/>\n<meta property=\"og:title\" content=\"Kaufen Sie Ihre Eternal Blue Rose zum besten Preis | Rosaeterna.online\" \/>\n<meta property=\"og:description\" content=\"Kaufe deine blaue Eternal Rose zum besten Preis. Wir haben die gr\u00f6\u00dfte Auswahl an Modellen. Wir warten in unserem Onlineshop mit den besten Blumen auf dich, komm JETZT rein!\" \/>\n<meta property=\"og:url\" content=\"https:\/\/rosaeterna.online\/de\/p\/ewige-blaue-rose\/\" \/>\n<meta property=\"og:site_name\" content=\"Rosa Eterna\" \/>\n<meta property=\"article:modified_time\" content=\"2024-11-08T11:03:58+00:00\" \/>\n<meta property=\"og:image\" content=\"https:\/\/rosaeterna.online\/wp-content\/uploads\/2017\/12\/rosa-eterna-azul-2-scaled.jpg\" \/>\n\t<meta property=\"og:image:width\" content=\"2202\" \/>\n\t<meta property=\"og:image:height\" content=\"2560\" \/>\n\t<meta property=\"og:image:type\" content=\"image\/jpeg\" \/>\n<meta name=\"twitter:card\" content=\"summary_large_image\" \/>\n<meta name=\"twitter:label1\" content=\"Gesch\u00e4tzte Lesezeit\" \/>\n\t<meta name=\"twitter:data1\" content=\"1\u00a0Minute\" \/>\n<!-- \/ Yoast SEO plugin. -->","yoast_head_json":{"title":"Kaufen Sie Ihre Eternal Blue Rose zum besten Preis | Rosaeterna.online","description":"Kaufe deine blaue Eternal Rose zum besten Preis. Wir haben die gr\u00f6\u00dfte Auswahl an Modellen. Wir warten in unserem Onlineshop mit den besten Blumen auf dich, komm JETZT rein!","robots":{"index":"index","follow":"follow","max-snippet":"max-snippet:-1","max-image-preview":"max-image-preview:large","max-video-preview":"max-video-preview:-1"},"canonical":"https:\/\/rosaeterna.online\/de\/p\/ewige-blaue-rose\/","og_locale":"de_DE","og_type":"article","og_title":"Kaufen Sie Ihre Eternal Blue Rose zum besten Preis | Rosaeterna.online","og_description":"Kaufe deine blaue Eternal Rose zum besten Preis. Wir haben die gr\u00f6\u00dfte Auswahl an Modellen. Wir warten in unserem Onlineshop mit den besten Blumen auf dich, komm JETZT rein!","og_url":"https:\/\/rosaeterna.online\/de\/p\/ewige-blaue-rose\/","og_site_name":"Rosa Eterna","article_modified_time":"2024-11-08T11:03:58+00:00","og_image":[{"width":2202,"height":2560,"url":"https:\/\/rosaeterna.online\/wp-content\/uploads\/2017\/12\/rosa-eterna-azul-2-scaled.jpg","type":"image\/jpeg"}],"twitter_card":"summary_large_image","twitter_misc":{"Gesch\u00e4tzte Lesezeit":"1\u00a0Minute"},"schema":{"@context":"https:\/\/schema.org","@graph":[{"@type":"WebPage","@id":"https:\/\/rosaeterna.online\/de\/p\/ewige-blaue-rose\/","url":"https:\/\/rosaeterna.online\/de\/p\/ewige-blaue-rose\/","name":"Kaufen Sie Ihre Eternal Blue Rose zum besten Preis | Rosaeterna.online","isPartOf":{"@id":"https:\/\/rosaeterna.online\/de\/#website"},"primaryImageOfPage":{"@id":"https:\/\/rosaeterna.online\/de\/p\/ewige-blaue-rose\/#primaryimage"},"image":{"@id":"https:\/\/rosaeterna.online\/de\/p\/ewige-blaue-rose\/#primaryimage"},"thumbnailUrl":"https:\/\/rosaeterna.online\/wp-content\/uploads\/2017\/12\/rosa-eterna-azul-2-scaled.jpg","datePublished":"2024-06-28T00:17:27+00:00","dateModified":"2024-11-08T11:03:58+00:00","description":"Kaufe deine blaue Eternal Rose zum besten Preis. Wir haben die gr\u00f6\u00dfte Auswahl an Modellen. Wir warten in unserem Onlineshop mit den besten Blumen auf dich, komm JETZT rein!","breadcrumb":{"@id":"https:\/\/rosaeterna.online\/de\/p\/ewige-blaue-rose\/#breadcrumb"},"inLanguage":"de","potentialAction":[{"@type":"ReadAction","target":["https:\/\/rosaeterna.online\/de\/p\/ewige-blaue-rose\/"]}]},{"@type":"ImageObject","inLanguage":"de","@id":"https:\/\/rosaeterna.online\/de\/p\/ewige-blaue-rose\/#primaryimage","url":"https:\/\/rosaeterna.online\/wp-content\/uploads\/2017\/12\/rosa-eterna-azul-2-scaled.jpg","contentUrl":"https:\/\/rosaeterna.online\/wp-content\/uploads\/2017\/12\/rosa-eterna-azul-2-scaled.jpg","width":2202,"height":2560,"caption":"Ewiges Rosenblau"},{"@type":"BreadcrumbList","@id":"https:\/\/rosaeterna.online\/de\/p\/ewige-blaue-rose\/#breadcrumb","itemListElement":[{"@type":"ListItem","position":1,"name":"Portada","item":"https:\/\/rosaeterna.online\/de\/"},{"@type":"ListItem","position":2,"name":"Produkte","item":"https:\/\/rosaeterna.online\/de\/produkte\/"},{"@type":"ListItem","position":3,"name":"Ewige blaue Rose"}]},{"@type":"WebSite","@id":"https:\/\/rosaeterna.online\/de\/#website","url":"https:\/\/rosaeterna.online\/de\/","name":"Rosa Eterna","description":"Haz que dure","potentialAction":[{"@type":"SearchAction","target":{"@type":"EntryPoint","urlTemplate":"https:\/\/rosaeterna.online\/de\/?s={search_term_string}"},"query-input":{"@type":"PropertyValueSpecification","valueRequired":true,"valueName":"search_term_string"}}],"inLanguage":"de"}]}},"uagb_featured_image_src":{"full":["https:\/\/rosaeterna.online\/wp-content\/uploads\/2017\/12\/rosa-eterna-azul-2-scaled.jpg",2202,2560,false],"thumbnail":["https:\/\/rosaeterna.online\/wp-content\/uploads\/2017\/12\/rosa-eterna-azul-2-150x150.jpg",150,150,true],"medium":["https:\/\/rosaeterna.online\/wp-content\/uploads\/2017\/12\/rosa-eterna-azul-2-258x300.jpg",258,300,true],"medium_large":["https:\/\/rosaeterna.online\/wp-content\/uploads\/2017\/12\/rosa-eterna-azul-2-768x893.jpg",768,893,true],"large":["https:\/\/rosaeterna.online\/wp-content\/uploads\/2017\/12\/rosa-eterna-azul-2-881x1024.jpg",881,1024,true],"1536x1536":["https:\/\/rosaeterna.online\/wp-content\/uploads\/2017\/12\/rosa-eterna-azul-2-scaled.jpg",1321,1536,false],"2048x2048":["https:\/\/rosaeterna.online\/wp-content\/uploads\/2017\/12\/rosa-eterna-azul-2-scaled.jpg",1762,2048,false],"blog-isotope":["https:\/\/rosaeterna.online\/wp-content\/uploads\/2017\/12\/rosa-eterna-azul-2-scaled.jpg",430,500,false],"woocommerce_thumbnail":["https:\/\/rosaeterna.online\/wp-content\/uploads\/2017\/12\/rosa-eterna-azul-2-scaled-350x435.jpg",350,435,true],"woocommerce_single":["https:\/\/rosaeterna.online\/wp-content\/uploads\/2017\/12\/rosa-eterna-azul-2-scaled-920x1070.jpg",920,1070,true],"woocommerce_gallery_thumbnail":["https:\/\/rosaeterna.online\/wp-content\/uploads\/2017\/12\/rosa-eterna-azul-2-scaled-100x100.jpg",100,100,true],"eh_logo_image_size":["https:\/\/rosaeterna.online\/wp-content\/uploads\/2017\/12\/rosa-eterna-azul-2-scaled.jpg",77,90,false],"eh_header_image_size":["https:\/\/rosaeterna.online\/wp-content\/uploads\/2017\/12\/rosa-eterna-azul-2-scaled.jpg",77,90,false],"wcpr-photo-reviews":["https:\/\/rosaeterna.online\/wp-content\/uploads\/2017\/12\/rosa-eterna-azul-2-scaled.jpg",430,500,false]},"uagb_author_info":{"display_name":"Fran","author_link":"https:\/\/rosaeterna.online\/de"},"uagb_comment_info":0,"uagb_excerpt":"Die blaue immerw\u00e4hrende Rose ist ideal f\u00fcr alle Liebhaber dieser sch\u00f6nen Farbe. Wenn du zu ihnen geh\u00f6rst, w\u00e4re es toll, eine unserer ausgezeichneten immerw\u00e4hrenden Rosen zu bekommen .","_links":{"self":[{"href":"https:\/\/rosaeterna.online\/de\/wp-json\/wp\/v2\/product\/15850","targetHints":{"allow":["GET"]}}],"collection":[{"href":"https:\/\/rosaeterna.online\/de\/wp-json\/wp\/v2\/product"}],"about":[{"href":"https:\/\/rosaeterna.online\/de\/wp-json\/wp\/v2\/types\/product"}],"replies":[{"embeddable":true,"href":"https:\/\/rosaeterna.online\/de\/wp-json\/wp\/v2\/comments?post=15850"}],"wp:featuredmedia":[{"embeddable":true,"href":"https:\/\/rosaeterna.online\/de\/wp-json\/wp\/v2\/media\/8916"}],"wp:attachment":[{"href":"https:\/\/rosaeterna.online\/de\/wp-json\/wp\/v2\/media?parent=15850"}],"wp:term":[{"taxonomy":"product_brand","embeddable":true,"href":"https:\/\/rosaeterna.online\/de\/wp-json\/wp\/v2\/product_brand?post=15850"},{"taxonomy":"product_cat","embeddable":true,"href":"https:\/\/rosaeterna.online\/de\/wp-json\/wp\/v2\/product_cat?post=15850"},{"taxonomy":"product_tag","embeddable":true,"href":"https:\/\/rosaeterna.online\/de\/wp-json\/wp\/v2\/product_tag?post=15850"}],"curies":[{"name":"wp","href":"https:\/\/api.w.org\/{rel}","templated":true}]}}