{"id":19064,"date":"2017-12-20T23:09:49","date_gmt":"2017-12-20T23:09:49","guid":{"rendered":"https:\/\/dev.rosaeterna.online\/produkte\/"},"modified":"2017-12-20T23:09:49","modified_gmt":"2017-12-20T23:09:49","slug":"produkte","status":"publish","type":"page","link":"https:\/\/rosaeterna.online\/de\/produkte\/","title":{"rendered":"Produkte"},"content":{"rendered":"","protected":false},"excerpt":{"rendered":"","protected":false},"author":1,"featured_media":0,"parent":0,"menu_order":0,"comment_status":"closed","ping_status":"closed","template":"","meta":{"_uag_custom_page_level_css":"","_joinchat":[],"footnotes":""},"class_list":["post-19064","page","type-page","status-publish","hentry"],"yoast_head":"<!-- This site is optimized with the Yoast SEO plugin v25.0 - https:\/\/yoast.com\/wordpress\/plugins\/seo\/ -->\n<title>Eingemachte Blumen online kaufen | Rosaeterna.online<\/title>\n<meta name=\"description\" content=\"Wenn du konservierte Blumen online kaufen m\u00f6chtest, sind wir dein Shop? Wir haben die besten unverg\u00e4nglichen Blumen f\u00fcr dich und liefern sie KOSTENLOS!\" \/>\n<meta name=\"robots\" content=\"index, follow, max-snippet:-1, max-image-preview:large, max-video-preview:-1\" \/>\n<link rel=\"canonical\" href=\"https:\/\/rosaeterna.online\/de\/produkte\/\" \/>\n<meta property=\"og:locale\" content=\"de_DE\" \/>\n<meta property=\"og:type\" content=\"article\" \/>\n<meta property=\"og:title\" content=\"Eingemachte Blumen online kaufen | Rosaeterna.online\" \/>\n<meta property=\"og:description\" content=\"Wenn du konservierte Blumen online kaufen m\u00f6chtest, sind wir dein Shop? Wir haben die besten unverg\u00e4nglichen Blumen f\u00fcr dich und liefern sie KOSTENLOS!\" \/>\n<meta property=\"og:url\" content=\"https:\/\/rosaeterna.online\/de\/produkte\/\" \/>\n<meta property=\"og:site_name\" content=\"Rosa Eterna\" \/>\n<meta name=\"twitter:card\" content=\"summary_large_image\" \/>\n<!-- \/ Yoast SEO plugin. -->","yoast_head_json":{"title":"Eingemachte Blumen online kaufen | Rosaeterna.online","description":"Wenn du konservierte Blumen online kaufen m\u00f6chtest, sind wir dein Shop? Wir haben die besten unverg\u00e4nglichen Blumen f\u00fcr dich und liefern sie KOSTENLOS!","robots":{"index":"index","follow":"follow","max-snippet":"max-snippet:-1","max-image-preview":"max-image-preview:large","max-video-preview":"max-video-preview:-1"},"canonical":"https:\/\/rosaeterna.online\/de\/produkte\/","og_locale":"de_DE","og_type":"article","og_title":"Eingemachte Blumen online kaufen | Rosaeterna.online","og_description":"Wenn du konservierte Blumen online kaufen m\u00f6chtest, sind wir dein Shop? Wir haben die besten unverg\u00e4nglichen Blumen f\u00fcr dich und liefern sie KOSTENLOS!","og_url":"https:\/\/rosaeterna.online\/de\/produkte\/","og_site_name":"Rosa Eterna","twitter_card":"summary_large_image","schema":{"@context":"https:\/\/schema.org","@graph":[{"@type":"WebPage","@id":"https:\/\/rosaeterna.online\/de\/produkte\/","url":"https:\/\/rosaeterna.online\/de\/produkte\/","name":"Eingemachte Blumen online kaufen | Rosaeterna.online","isPartOf":{"@id":"https:\/\/rosaeterna.online\/de\/#website"},"datePublished":"2017-12-20T23:09:49+00:00","description":"Wenn du konservierte Blumen online kaufen m\u00f6chtest, sind wir dein Shop? Wir haben die besten unverg\u00e4nglichen Blumen f\u00fcr dich und liefern sie KOSTENLOS!","breadcrumb":{"@id":"https:\/\/rosaeterna.online\/de\/produkte\/#breadcrumb"},"inLanguage":"de","potentialAction":[{"@type":"ReadAction","target":["https:\/\/rosaeterna.online\/de\/produkte\/"]}]},{"@type":"BreadcrumbList","@id":"https:\/\/rosaeterna.online\/de\/produkte\/#breadcrumb","itemListElement":[{"@type":"ListItem","position":1,"name":"Portada","item":"https:\/\/rosaeterna.online\/de\/"},{"@type":"ListItem","position":2,"name":"Produkte"}]},{"@type":"WebSite","@id":"https:\/\/rosaeterna.online\/de\/#website","url":"https:\/\/rosaeterna.online\/de\/","name":"Rosa Eterna","description":"Haz que dure","potentialAction":[{"@type":"SearchAction","target":{"@type":"EntryPoint","urlTemplate":"https:\/\/rosaeterna.online\/de\/?s={search_term_string}"},"query-input":{"@type":"PropertyValueSpecification","valueRequired":true,"valueName":"search_term_string"}}],"inLanguage":"de"}]}},"uagb_featured_image_src":{"full":false,"thumbnail":false,"medium":false,"medium_large":false,"large":false,"1536x1536":false,"2048x2048":false,"blog-isotope":false,"woocommerce_thumbnail":false,"woocommerce_single":false,"woocommerce_gallery_thumbnail":false,"eh_logo_image_size":false,"eh_header_image_size":false,"wcpr-photo-reviews":false},"uagb_author_info":{"display_name":"Fran","author_link":"https:\/\/rosaeterna.online\/de"},"uagb_comment_info":0,"uagb_excerpt":null,"_links":{"self":[{"href":"https:\/\/rosaeterna.online\/de\/wp-json\/wp\/v2\/pages\/19064","targetHints":{"allow":["GET"]}}],"collection":[{"href":"https:\/\/rosaeterna.online\/de\/wp-json\/wp\/v2\/pages"}],"about":[{"href":"https:\/\/rosaeterna.online\/de\/wp-json\/wp\/v2\/types\/page"}],"author":[{"embeddable":true,"href":"https:\/\/rosaeterna.online\/de\/wp-json\/wp\/v2\/users\/1"}],"replies":[{"embeddable":true,"href":"https:\/\/rosaeterna.online\/de\/wp-json\/wp\/v2\/comments?post=19064"}],"version-history":[{"count":0,"href":"https:\/\/rosaeterna.online\/de\/wp-json\/wp\/v2\/pages\/19064\/revisions"}],"wp:attachment":[{"href":"https:\/\/rosaeterna.online\/de\/wp-json\/wp\/v2\/media?parent=19064"}],"curies":[{"name":"wp","href":"https:\/\/api.w.org\/{rel}","templated":true}]}}